{"id":5818,"date":"2019-06-17T11:10:24","date_gmt":"2019-06-17T10:10:24","guid":{"rendered":"https:\/\/alegria-activity.com\/konstrukcja-specjalnych-jednostek\/secciones\/camper-maite\/"},"modified":"2020-01-28T16:29:37","modified_gmt":"2020-01-28T15:29:37","slug":"camper-maite","status":"publish","type":"page","link":"https:\/\/alegria-activity.com\/pl\/konstrukcja-specjalnych-jednostek\/secciones\/camper-maite\/","title":{"rendered":"maite activity"},"content":{"rendered":"<div class=\"fusion-fullwidth fullwidth-box fusion-builder-row-1 fusion-parallax-none content-fab-maite--detalle nonhundred-percent-fullwidth non-hundred-percent-height-scrolling lazyload\"  style='background-color: rgba(255,255,255,0);background-position: center center;background-repeat: no-repeat;padding-top:0px;padding-right:0px;padding-bottom:0px;padding-left:0px;-webkit-background-size:cover;-moz-background-size:cover;-o-background-size:cover;background-size:cover;' data-bg=\"https:\/\/alegria-activity.com\/wp-content\/uploads\/2020\/01\/maite-fondo.jpg\"><div class=\"fusion-builder-row fusion-row \"><div  class=\"fusion-layout-column fusion_builder_column fusion_builder_column_1_2 fusion-builder-column-1 fusion-one-half fusion-column-first fusion-no-small-visibility fusion-no-medium-visibility 1_2\"  style='margin-top:0px;margin-bottom:20px;width:50%;width:calc(50% - ( ( 4% ) * 0.5 ) );margin-right: 4%;'>\n\t\t\t\t\t<div class=\"fusion-column-wrapper\" style=\"padding: 0px 0px 0px 0px;background-position:left top;background-repeat:no-repeat;-webkit-background-size:cover;-moz-background-size:cover;-o-background-size:cover;background-size:cover;\"   data-bg-url=\"\">\n\t\t\t\t\t\t<div class=\"fusion-clearfix\"><\/div>\n\n\t\t\t\t\t<\/div>\n\t\t\t\t<\/div><div  class=\"fusion-layout-column fusion_builder_column fusion_builder_column_1_2 fusion-builder-column-2 fusion-one-half fusion-column-last 1_2\"  style='margin-top:0px;margin-bottom:20px;width:50%;width:calc(50% - ( ( 4% ) * 0.5 ) );'>\n\t\t\t\t\t<div class=\"fusion-column-wrapper\" style=\"padding: 0px 0px 0px 0px;background-position:left top;background-repeat:no-repeat;-webkit-background-size:cover;-moz-background-size:cover;-o-background-size:cover;background-size:cover;\"   data-bg-url=\"\">\n\t\t\t\t\t\t<div class=\"content-col\">\n<div class=\"content-col--title\">\n<h1>Camper MAITE<\/h1>\n<svg xmlns=\"http:\/\/www.w3.org\/2000\/svg\">\n<defs>\n<clipPath id=\"rectangle\" clipPathUnits=\"objectBoundingBox\">\n<polygon points=\"0 0,0 0.85,1 1,1 0\" \/>\n<\/clipPath>\n<\/defs>\n<\/svg>\n<\/div>\n<div class=\"content-col--txt\">\n<div class=\"slider-portfolio\">\t\t\t<script type=\"text\/javascript\" src=\"\/\/alegria-activity.com\/wp-content\/plugins\/revslider\/public\/assets\/js\/revolution.tools.min.js?rev=6.1.5\"><\/script>\n\t\t\t<script type=\"text\/javascript\" src=\"\/\/alegria-activity.com\/wp-content\/plugins\/revslider\/public\/assets\/js\/rs6.min.js?rev=6.1.5\"><\/script>\n\n<div class=\"fusion-slider-revolution rev_slider_wrapper\">\t\t\t<!-- START sliderfabmaite REVOLUTION SLIDER 6.1.5 --><p class=\"rs-p-wp-fix\"><\/p>\n\t\t\t<rs-module-wrap id=\"rev_slider_125_1_wrapper\" data-source=\"gallery\" style=\"background:transparent;padding:0;margin:0px auto;margin-top:0;margin-bottom:0;max-width:\">\n\t\t\t\t<rs-module id=\"rev_slider_125_1\" style=\"display:none;\" data-version=\"6.1.5\">\n\t\t\t\t\t<rs-slides>\n\t\t\t\t\t\t<rs-slide data-key=\"rs-512\" data-title=\"Slide\" data-thumb=\"\/\/alegria-activity.com\/wp-content\/uploads\/2020\/01\/silide-maite-2-100x50.png\" data-duration=\"5000\" data-anim=\"ei:d;eo:d;s:600;r:0;t:fade;sl:d;\">\n\t\t\t\t\t\t\t<img loading=\"lazy\" decoding=\"async\" src=\"\/\/alegria-activity.com\/wp-content\/plugins\/revslider\/public\/assets\/assets\/dummy.png\" title=\"silide-maite-2\" width=\"630\" height=\"300\" data-lazyload=\"\/\/alegria-activity.com\/wp-content\/uploads\/2020\/01\/silide-maite-2.png\" class=\"rev-slidebg\" data-no-retina>\n<!---->\t\t\t\t\t\t<\/rs-slide>\n\t\t\t\t\t\t<rs-slide data-key=\"rs-513\" data-title=\"Slide\" data-thumb=\"\/\/alegria-activity.com\/wp-content\/uploads\/2020\/01\/silide-maite-4-100x50.png\" data-duration=\"5000\" data-anim=\"ei:d;eo:d;s:600;r:0;t:fade;sl:d;\">\n\t\t\t\t\t\t\t<img loading=\"lazy\" decoding=\"async\" src=\"\/\/alegria-activity.com\/wp-content\/plugins\/revslider\/public\/assets\/assets\/dummy.png\" title=\"silide-maite-4\" width=\"630\" height=\"300\" data-lazyload=\"\/\/alegria-activity.com\/wp-content\/uploads\/2020\/01\/silide-maite-4.png\" class=\"rev-slidebg\" data-no-retina>\n<!---->\t\t\t\t\t\t<\/rs-slide>\n\t\t\t\t\t\t<rs-slide data-key=\"rs-514\" data-title=\"Slide\" data-thumb=\"\/\/alegria-activity.com\/wp-content\/uploads\/2020\/01\/silide-maite-3-100x50.png\" data-duration=\"5000\" data-anim=\"ei:d;eo:d;s:600;r:0;t:fade;sl:d;\">\n\t\t\t\t\t\t\t<img loading=\"lazy\" decoding=\"async\" src=\"\/\/alegria-activity.com\/wp-content\/plugins\/revslider\/public\/assets\/assets\/dummy.png\" title=\"silide-maite-3\" width=\"630\" height=\"300\" data-lazyload=\"\/\/alegria-activity.com\/wp-content\/uploads\/2020\/01\/silide-maite-3.png\" class=\"rev-slidebg\" data-no-retina>\n<!---->\t\t\t\t\t\t<\/rs-slide>\n\t\t\t\t\t\t<rs-slide data-key=\"rs-515\" data-title=\"Slide\" data-thumb=\"\/\/alegria-activity.com\/wp-content\/uploads\/2020\/01\/silide-maite-1-100x50.png\" data-duration=\"5000\" data-anim=\"ei:d;eo:d;s:600;r:0;t:fade;sl:d;\">\n\t\t\t\t\t\t\t<img loading=\"lazy\" decoding=\"async\" src=\"\/\/alegria-activity.com\/wp-content\/plugins\/revslider\/public\/assets\/assets\/dummy.png\" title=\"silide-maite-1\" width=\"630\" height=\"300\" data-lazyload=\"\/\/alegria-activity.com\/wp-content\/uploads\/2020\/01\/silide-maite-1.png\" class=\"rev-slidebg\" data-no-retina>\n<!---->\t\t\t\t\t\t<\/rs-slide>\n\t\t\t\t\t<\/rs-slides>\n\t\t\t\t\t<rs-progress class=\"rs-bottom\" style=\"visibility: hidden !important;\"><\/rs-progress>\n\t\t\t\t<\/rs-module>\n\t\t\t\t<script type=\"text\/javascript\">\n\t\t\t\t\tsetREVStartSize({c: 'rev_slider_125_1',rl:[1240,1024,778,480],el:[300],gw:[630],gh:[300],layout:'fullwidth',mh:\"0\"});\n\t\t\t\t\tvar\trevapi125,\n\t\t\t\t\t\ttpj;\n\t\t\t\t\tjQuery(function() {\n\t\t\t\t\t\ttpj = jQuery;\n\t\t\t\t\t\ttpj.noConflict();\n\t\t\t\t\t\tif(tpj(\"#rev_slider_125_1\").revolution == undefined){\n\t\t\t\t\t\t\trevslider_showDoubleJqueryError(\"#rev_slider_125_1\");\n\t\t\t\t\t\t}else{\n\t\t\t\t\t\t\trevapi125 = tpj(\"#rev_slider_125_1\").show().revolution({\n\t\t\t\t\t\t\t\tjsFileLocation:\"\/\/alegria-activity.com\/wp-content\/plugins\/revslider\/public\/assets\/js\/\",\n\t\t\t\t\t\t\t\tvisibilityLevels:\"1240,1024,778,480\",\n\t\t\t\t\t\t\t\tgridwidth:630,\n\t\t\t\t\t\t\t\tgridheight:300,\n\t\t\t\t\t\t\t\tminHeight:\"\",\n\t\t\t\t\t\t\t\tlazyType:\"all\",\n\t\t\t\t\t\t\t\tspinner:\"spinner3\",\n\t\t\t\t\t\t\t\teditorheight:\"300,768,960,720\",\n\t\t\t\t\t\t\t\tresponsiveLevels:\"1240,1024,778,480\",\n\t\t\t\t\t\t\t\tdisableProgressBar:\"on\",\n\t\t\t\t\t\t\t\tnavigation: {\n\t\t\t\t\t\t\t\t\tmouseScrollNavigation:false,\n\t\t\t\t\t\t\t\t\tonHoverStop:false,\n\t\t\t\t\t\t\t\t\tbullets: {\n\t\t\t\t\t\t\t\t\t\tenable:true,\n\t\t\t\t\t\t\t\t\t\ttmp:\"\",\n\t\t\t\t\t\t\t\t\t\tstyle:\"hesperiden\",\n\t\t\t\t\t\t\t\t\t\thide_onleave:true\n\t\t\t\t\t\t\t\t\t}\n\t\t\t\t\t\t\t\t},\n\t\t\t\t\t\t\t\tfallbacks: {\n\t\t\t\t\t\t\t\t\tallowHTML5AutoPlayOnAndroid:true\n\t\t\t\t\t\t\t\t},\n\t\t\t\t\t\t\t});\n\t\t\t\t\t\t}\n\t\t\t\t\t\t\n\t\t\t\t\t});\n\t\t\t\t<\/script>\n\t\t\t\t<script>\n\t\t\t\t\tvar htmlDivCss = '\t#rev_slider_125_1_wrapper rs-loader.spinner3 div { background-color: #FFFFFF !important; } ';\n\t\t\t\t\tvar htmlDiv = document.getElementById('rs-plugin-settings-inline-css');\n\t\t\t\t\tif(htmlDiv) {\n\t\t\t\t\t\thtmlDiv.innerHTML = htmlDiv.innerHTML + htmlDivCss;\n\t\t\t\t\t}else{\n\t\t\t\t\t\tvar htmlDiv = document.createElement('div');\n\t\t\t\t\t\thtmlDiv.innerHTML = '<style>' + htmlDivCss + '<\/style>';\n\t\t\t\t\t\tdocument.getElementsByTagName('head')[0].appendChild(htmlDiv.childNodes[0]);\n\t\t\t\t\t}\n\t\t\t\t<\/script>\n\t\t\t\t<script>\n\t\t\t\t\tvar htmlDivCss = unescape(\"%23rev_slider_125_1_wrapper%20.hesperiden.tp-bullets%20%7B%0A%7D%0A%23rev_slider_125_1_wrapper%20.hesperiden.tp-bullets%3Abefore%20%7B%0A%09content%3A%27%20%27%3B%0A%09position%3Aabsolute%3B%0A%09width%3A100%25%3B%0A%09height%3A100%25%3B%0A%09background%3Atransparent%3B%0A%09padding%3A10px%3B%0A%09margin-left%3A-10px%3Bmargin-top%3A-10px%3B%0A%09box-sizing%3Acontent-box%3B%0A%20%20%20border-radius%3A8px%3B%0A%20%20%0A%7D%0A%23rev_slider_125_1_wrapper%20.hesperiden%20.tp-bullet%20%7B%0A%09width%3A12px%3B%0A%09height%3A12px%3B%0A%09position%3Aabsolute%3B%0A%09background%3A%20%23999999%3B%20%2F%2A%20old%20browsers%20%2A%2F%0A%20%20%20%20background%3A%20-moz-linear-gradient%28top%2C%20%20%23999999%200%25%2C%20%23e1e1e1%20100%25%29%3B%20%2F%2A%20ff3.6%2B%20%2A%2F%0A%20%20%20%20background%3A%20-webkit-linear-gradient%28top%2C%20%20%23999999%200%25%2C%23e1e1e1%20100%25%29%3B%20%2F%2A%20chrome10%2B%2Csafari5.1%2B%20%2A%2F%0A%20%20%20%20background%3A%20-o-linear-gradient%28top%2C%20%20%23999999%200%25%2C%23e1e1e1%20100%25%29%3B%20%2F%2A%20opera%2011.10%2B%20%2A%2F%0A%20%20%20%20background%3A%20-ms-linear-gradient%28top%2C%20%20%23999999%200%25%2C%23e1e1e1%20100%25%29%3B%20%2F%2A%20ie10%2B%20%2A%2F%0A%20%20%20%20background%3A%20linear-gradient%28to%20bottom%2C%20%20%23999999%200%25%2C%23e1e1e1%20100%25%29%3B%20%2F%2A%20w3c%20%2A%2F%0A%20%20%20%20filter%3A%20progid%3Adximagetransform.microsoft.gradient%28%20%0A%20%20%20%20startcolorstr%3D%27%23999999%27%2C%20endcolorstr%3D%27%23e1e1e1%27%2Cgradienttype%3D0%20%29%3B%20%2F%2A%20ie6-9%20%2A%2F%0A%09border%3A3px%20solid%20%23e5e5e5%3B%0A%09border-radius%3A50%25%3B%0A%09cursor%3A%20pointer%3B%0A%09box-sizing%3Acontent-box%3B%0A%7D%0A%23rev_slider_125_1_wrapper%20.hesperiden%20.tp-bullet%3Ahover%2C%0A%23rev_slider_125_1_wrapper%20.hesperiden%20.tp-bullet.selected%20%7B%0A%09background%3A%23666666%3B%0A%7D%0A%23rev_slider_125_1_wrapper%20.hesperiden%20.tp-bullet-image%20%7B%0A%7D%0A%23rev_slider_125_1_wrapper%20.hesperiden%20.tp-bullet-title%20%7B%0A%7D%0A%0A\");\n\t\t\t\t\tvar htmlDiv = document.getElementById('rs-plugin-settings-inline-css');\n\t\t\t\t\tif(htmlDiv) {\n\t\t\t\t\t\thtmlDiv.innerHTML = htmlDiv.innerHTML + htmlDivCss;\n\t\t\t\t\t}else{\n\t\t\t\t\t\tvar htmlDiv = document.createElement('div');\n\t\t\t\t\t\thtmlDiv.innerHTML = '<style>' + htmlDivCss + '<\/style>';\n\t\t\t\t\t\tdocument.getElementsByTagName('head')[0].appendChild(htmlDiv.childNodes[0]);\n\t\t\t\t\t}\n\t\t\t\t<\/script>\n\t\t\t\t<script>\n\t\t\t\t\tvar htmlDivCss = unescape(\"%0A%0A%0A%0A\");\n\t\t\t\t\tvar htmlDiv = document.getElementById('rs-plugin-settings-inline-css');\n\t\t\t\t\tif(htmlDiv) {\n\t\t\t\t\t\thtmlDiv.innerHTML = htmlDiv.innerHTML + htmlDivCss;\n\t\t\t\t\t}else{\n\t\t\t\t\t\tvar htmlDiv = document.createElement('div');\n\t\t\t\t\t\thtmlDiv.innerHTML = '<style>' + htmlDivCss + '<\/style>';\n\t\t\t\t\t\tdocument.getElementsByTagName('head')[0].appendChild(htmlDiv.childNodes[0]);\n\t\t\t\t\t}\n\t\t\t\t<\/script>\n\t\t\t<\/rs-module-wrap>\n\t\t\t<!-- END REVOLUTION SLIDER -->\n<\/div><\/div>\n<hr class=\"separacion-simple\">\n<p>W sojuszu z alegria-activity <strong>Mercedes Benz<\/strong> w 2018 r. zmodernizowa\u0142 model swojego samochodu sprinter i tak narodzi\u0142 si\u0119 Maite z dwoma fotelami, a w 2019 roku maite Plus, z czterema.<\/p>\n<p>Pojazd o minimalistycznym designie jest funkcjonalny i ergonomiczny posiadaj\u0105c przy tym najbardziej innowacyjny sprz\u0119t i rozwi\u0105zania techniczne na rynku.<\/p>\n<p>Na uwag\u0119 zas\u0142uguje du\u017ca toaleta z oddzielnym prysznicem, cz\u0119\u015b\u0107 wypoczynkowa ze zintegrowanym \u0142\u00f3\u017ckiem XL i telewizorem, a tak\u017ce du\u017cy salon z gara\u017cem i kom\u00f3rk\u0105.<\/p>\n<p>Pojazd posiada rozwi\u0105zania z zakresu automatyki domowej, dzi\u0119ki czemu mo\u017cna w nim wygodnie i bezpiecznie mieszka\u0107 i podr\u00f3\u017cowa\u0107.\n<hr class=\"separacion-simple\">\n<span class=\"content-col--bot\"><a href=\".\/secciones\/\">Volver<\/a><\/span>\n<span align=\"right\" class=\"content-col--bot\"><a href=\"https:\/\/alegria-activity.com\/wp-content\/uploads\/2019\/06\/maite.pdf\">Cat\u00e1logo<\/a><\/span>\n\n<\/div><div class=\"fusion-clearfix\"><\/div>\n\n\t\t\t\t\t<\/div>\n\t\t\t\t<\/div><\/div><\/div>\n","protected":false},"excerpt":{"rendered":"","protected":false},"author":1,"featured_media":0,"parent":5152,"menu_order":0,"comment_status":"closed","ping_status":"closed","template":"100-width.php","meta":{"footnotes":""},"class_list":["post-5818","page","type-page","status-publish","hentry"],"aioseo_notices":[],"_links":{"self":[{"href":"https:\/\/alegria-activity.com\/pl\/wp-json\/wp\/v2\/pages\/5818","targetHints":{"allow":["GET"]}}],"collection":[{"href":"https:\/\/alegria-activity.com\/pl\/wp-json\/wp\/v2\/pages"}],"about":[{"href":"https:\/\/alegria-activity.com\/pl\/wp-json\/wp\/v2\/types\/page"}],"author":[{"embeddable":true,"href":"https:\/\/alegria-activity.com\/pl\/wp-json\/wp\/v2\/users\/1"}],"replies":[{"embeddable":true,"href":"https:\/\/alegria-activity.com\/pl\/wp-json\/wp\/v2\/comments?post=5818"}],"version-history":[{"count":3,"href":"https:\/\/alegria-activity.com\/pl\/wp-json\/wp\/v2\/pages\/5818\/revisions"}],"predecessor-version":[{"id":5821,"href":"https:\/\/alegria-activity.com\/pl\/wp-json\/wp\/v2\/pages\/5818\/revisions\/5821"}],"up":[{"embeddable":true,"href":"https:\/\/alegria-activity.com\/pl\/wp-json\/wp\/v2\/pages\/5152"}],"wp:attachment":[{"href":"https:\/\/alegria-activity.com\/pl\/wp-json\/wp\/v2\/media?parent=5818"}],"curies":[{"name":"wp","href":"https:\/\/api.w.org\/{rel}","templated":true}]}}