{"id":3630,"date":"2019-03-27T13:39:58","date_gmt":"2019-03-27T12:39:58","guid":{"rendered":"https:\/\/alegria-activity.com\/?page_id=3630"},"modified":"2020-01-30T09:07:54","modified_gmt":"2020-01-30T08:07:54","slug":"kontakt","status":"publish","type":"page","link":"https:\/\/alegria-activity.com\/pl\/kontakt\/","title":{"rendered":"kontakt"},"content":{"rendered":"<div class=\"fusion-fullwidth fullwidth-box fusion-builder-row-1 content-interior-contacto nonhundred-percent-fullwidth non-hundred-percent-height-scrolling\"  style='background-color: rgba(255,255,255,0);background-position: center center;background-repeat: no-repeat;padding-top:0px;padding-right:0px;padding-bottom:0px;padding-left:0px;margin-bottom: 0px;margin-top: 0px;'><div class=\"fusion-builder-row fusion-row \"><div  class=\"fusion-layout-column fusion_builder_column fusion_builder_column_1_1 fusion-builder-column-1 fusion-one-full fusion-column-first fusion-column-last txt-presentacion-contacto 1_1\"  style='margin-top:0px;margin-bottom:0px;'>\n\t\t\t\t\t<div class=\"fusion-column-wrapper\" style=\"padding: 0px 0px 0px 0px;background-position:left top;background-repeat:no-repeat;-webkit-background-size:cover;-moz-background-size:cover;-o-background-size:cover;background-size:cover;\"   data-bg-url=\"\">\n\t\t\t\t\t\t<p>Oferujemy naszym klientom zintegrowane us\u0142ugi komunikacyjne w ka\u017cdym zak\u0105tku \u015bwiata! <\/p><div class=\"fusion-clearfix\"><\/div>\n\n\t\t\t\t\t<\/div>\n\t\t\t\t<\/div><div  class=\"fusion-layout-column fusion_builder_column fusion_builder_column_1_1 fusion-builder-column-2 fusion-one-full fusion-column-first fusion-column-last contacto-mapa 1_1\"  style='margin-top:0px;margin-bottom:0px;'>\n\t\t\t\t\t<div class=\"fusion-column-wrapper\" style=\"padding: 0px 0px 0px 0px;background-position:left top;background-repeat:no-repeat;-webkit-background-size:cover;-moz-background-size:cover;-o-background-size:cover;background-size:cover;\"   data-bg-url=\"\">\n\t\t\t\t\t\t<span class=\"moscu\"><a href=\"..\/contacto-espana\/\">Moskwa<\/a><\/span>\n<span class=\"polonia\"><a href=\"..\/contacto-espana\/\">Polska<\/a><\/span>\n<span class=\"bulgaria\"><a href=\"..\/contacto-espana\/\">Bu\u0142garia<\/a><\/span>\n<span class=\"cright francia\"><a href=\"..\/contacto-espana\/\">Francja<\/a><\/span>\n<span class=\"espana\"><a href=\"..\/contacto-espana\/\">Hiszpania<\/a><\/span>\n<span class=\"cright portugal\"><a href=\"..\/contacto-espana\/\">Portugalia<\/a><\/span>\n<span class=\"cright marruecos\"><a href=\"..\/contacto-espana\/\">Maroko<\/a><\/span>\n<span class=\"argelia\"><a href=\"..\/contacto-espana\/\">Algieria<\/a><\/span>\n<span class=\"cright asaudi\"><a href=\"..\/contacto-espana\/\">Arabia Saudyjska<\/a><\/span>\n<span class=\"dubai\"><a href=\"..\/contacto-espana\/\">Dubaj<\/a><\/span>\n<span class=\"senegal\"><a href=\"..\/contacto-espana\/\">Senegal<\/a><\/span>\n<span class=\"burkina\"><a href=\"..\/contacto-espana\/\">Burkina Faso<\/a><\/span>\n<span class=\"angola\"><a href=\"..\/contacto-espana\/\">Angola<\/a><\/span>\n<span class=\"colombia\"><a href=\"..\/contacto-espana\/\">Kolumbia<\/a><\/span>\n<span class=\"cright ecuador\"><a href=\"..\/contacto-espana\/\">Ekwador<\/a><\/span>\n<span class=\"peru\"><a href=\"..\/contacto-espana\/\">Peru<\/a><\/span>\n<span class=\"chile\"><a href=\"..\/contacto-espana\/\">Chile<\/a><\/span>\n<span class=\"cright mexico\"><a href=\"..\/contacto-espana\/>Meksyk<\/a><\/span>\n<span class=\"cright crica\"><a href=\"..\/contacto-espana\/\">Kostaryka<\/a><\/span><div class=\"fusion-clearfix\"><\/div>\n\n\t\t\t\t\t<\/div>\n\t\t\t\t<\/div><div  class=\"fusion-layout-column fusion_builder_column fusion_builder_column_1_1 fusion-builder-column-3 fusion-one-full fusion-column-first fusion-column-last 1_1\"  style='margin-top:0px;margin-bottom:0px;'>\n\t\t\t\t\t<div class=\"fusion-column-wrapper\" style=\"padding: 0px 0px 0px 0px;background-position:left top;background-repeat:no-repeat;-webkit-background-size:cover;-moz-background-size:cover;-o-background-size:cover;background-size:cover;\"   data-bg-url=\"\">\n\t\t\t\t\t\t<article class=\"contacto-paises\">\n<div class=\"contacto-paises--pais\">\n<address>\ninfo@alegria-activity.pl<br \/>\n<a href=\"..\/contacto-espana\/\">Kontakt<\/a>\n<\/address>\n<\/div>\n<\/article><div class=\"fusion-clearfix\"><\/div>\n\n\t\t\t\t\t<\/div>\n\t\t\t\t<\/div><\/div><\/div>\n","protected":false},"excerpt":{"rendered":"","protected":false},"author":2,"featured_media":0,"parent":0,"menu_order":0,"comment_status":"closed","ping_status":"closed","template":"100-width.php","meta":{"footnotes":""},"class_list":["post-3630","page","type-page","status-publish","hentry"],"aioseo_notices":[],"_links":{"self":[{"href":"https:\/\/alegria-activity.com\/pl\/wp-json\/wp\/v2\/pages\/3630","targetHints":{"allow":["GET"]}}],"collection":[{"href":"https:\/\/alegria-activity.com\/pl\/wp-json\/wp\/v2\/pages"}],"about":[{"href":"https:\/\/alegria-activity.com\/pl\/wp-json\/wp\/v2\/types\/page"}],"author":[{"embeddable":true,"href":"https:\/\/alegria-activity.com\/pl\/wp-json\/wp\/v2\/users\/2"}],"replies":[{"embeddable":true,"href":"https:\/\/alegria-activity.com\/pl\/wp-json\/wp\/v2\/comments?post=3630"}],"version-history":[{"count":12,"href":"https:\/\/alegria-activity.com\/pl\/wp-json\/wp\/v2\/pages\/3630\/revisions"}],"predecessor-version":[{"id":5830,"href":"https:\/\/alegria-activity.com\/pl\/wp-json\/wp\/v2\/pages\/3630\/revisions\/5830"}],"wp:attachment":[{"href":"https:\/\/alegria-activity.com\/pl\/wp-json\/wp\/v2\/media?parent=3630"}],"curies":[{"name":"wp","href":"https:\/\/api.w.org\/{rel}","templated":true}]}}