{"id":3627,"date":"2019-03-27T13:27:27","date_gmt":"2019-03-27T12:27:27","guid":{"rendered":"https:\/\/alegria-activity.com\/?page_id=3627"},"modified":"2019-09-20T08:15:18","modified_gmt":"2019-09-20T07:15:18","slug":"doswiadczenie","status":"publish","type":"page","link":"https:\/\/alegria-activity.com\/pl\/doswiadczenie\/","title":{"rendered":"do\u015bwiadczenie"},"content":{"rendered":"<p><div class=\"fusion-fullwidth fullwidth-box fusion-builder-row-1 content-interior nonhundred-percent-fullwidth non-hundred-percent-height-scrolling\"  style='background-color: rgba(255,255,255,0);background-position: center center;background-repeat: no-repeat;padding-top:0px;padding-right:0px;padding-bottom:0px;padding-left:0px;margin-bottom: 0px;margin-top: 0px;'><div class=\"fusion-builder-row fusion-row \"><div  class=\"fusion-layout-column fusion_builder_column fusion_builder_column_1_1 fusion-builder-column-1 fusion-one-full fusion-column-first fusion-column-last txt-presentacion 1_1\"  style='margin-top:0px;margin-bottom:20px;'>\n\t\t\t\t\t<div class=\"fusion-column-wrapper\" style=\"padding: 0px 0px 0px 0px;background-position:left top;background-repeat:no-repeat;-webkit-background-size:cover;-moz-background-size:cover;-o-background-size:cover;background-size:cover;\"   data-bg-url=\"\">\n\t\t\t\t\t\t<p>Nasze kampanie to co\u015b wi\u0119cej ni\u017c zwyk\u0142e wsparcie reklamowe: s\u0105 niespodziewane, nowoczesne, bliskie cz\u0142owiekowi\u2026 <\/p>\n<p>Dzi\u0119ki nam Twoja marka b\u0119dzie bli\u017csza odbiorcy.<\/p>\n<p>Wi\u0105\u017cemy emocjonalnie publiczno\u015b\u0107 poprzez jej udzia\u0142 w niepowtarzalnych do\u015bwiadczeniach, pobudzaj\u0105c jej uczucia i emocje.<\/p><div class=\"fusion-clearfix\"><\/div>\n\n\t\t\t\t\t<\/div>\n\t\t\t\t<\/div><div  class=\"fusion-layout-column fusion_builder_column fusion_builder_column_1_1 fusion-builder-column-2 fusion-one-full fusion-column-first fusion-column-last 1_1\"  style='margin-top:0px;margin-bottom:20px;'>\n\t\t\t\t\t<div class=\"fusion-column-wrapper\" style=\"padding: 0px 0px 0px 0px;background-position:left top;background-repeat:no-repeat;-webkit-background-size:cover;-moz-background-size:cover;-o-background-size:cover;background-size:cover;\"   data-bg-url=\"\">\n\t\t\t\t\t\t<div class='port_cats'><div>\n\t\t\t\t\t\t\t<div class='imgDestacado'>\n\t\t\t\t\t\t\t\t<a href='bezpieczenstwo-i-obrona'>\n\t\t\t\t\t\t\t\t\t<img src='https:\/\/alegria-activity.com\/wp-content\/uploads\/2019\/02\/img-box-seguridada.jpg' alt='bezpiecze\u0144stwo i obrona'>\n\t\t\t\t\t\t\t\t<\/a>\n\t\t\t\t\t\t\t<\/div>\n\t\t\t\t\t\t\t<svg xmlns='http:\/\/www.w3.org\/2000\/svg'>\n\t\t\t\t\t\t\t<defs>\n\t\t\t\t\t\t\t\t<clipPath id='rectangle' clipPathUnits='objectBoundingBox'>\n\t\t\t\t\t\t\t\t<polygon points='0 0,0 0.95,1 1,1 0'><\/polygon>\n\t\t\t\t\t\t\t\t<\/clipPath>\n\t\t\t\t\t\t\t<\/defs>\n\t\t\t\t\t\t\t<\/svg>\n\t\t\t\t\t\t\t<div class='notit'>\n\t\t\t\t\t\t\t\t<a href='bezpieczenstwo-i-obrona'>\n\t\t\t\t\t\t\t\t<h4>\n\t\t\t\t\t\t\t\t\tbezpiecze\u0144stwo i obrona\n\t\t\t\t\t\t\t\t<\/h4>\n\t\t\t\t\t\t\t\t<\/a>\n\t\t\t\t\t\t\t<\/div>\n\t\t\t\t\t\t<\/div><div>\n\t\t\t\t\t\t\t<div class='imgDestacado'>\n\t\t\t\t\t\t\t\t<a href='srodowisko'>\n\t\t\t\t\t\t\t\t\t<img src='https:\/\/alegria-activity.com\/wp-content\/uploads\/2019\/03\/img-box-ma.jpg' alt='\u015brodowisko'>\n\t\t\t\t\t\t\t\t<\/a>\n\t\t\t\t\t\t\t<\/div>\n\t\t\t\t\t\t\t<svg xmlns='http:\/\/www.w3.org\/2000\/svg'>\n\t\t\t\t\t\t\t<defs>\n\t\t\t\t\t\t\t\t<clipPath id='rectangle' clipPathUnits='objectBoundingBox'>\n\t\t\t\t\t\t\t\t<polygon points='0 0,0 0.95,1 1,1 0'><\/polygon>\n\t\t\t\t\t\t\t\t<\/clipPath>\n\t\t\t\t\t\t\t<\/defs>\n\t\t\t\t\t\t\t<\/svg>\n\t\t\t\t\t\t\t<div class='notit'>\n\t\t\t\t\t\t\t\t<a href='srodowisko'>\n\t\t\t\t\t\t\t\t<h4>\n\t\t\t\t\t\t\t\t\t\u015brodowisko\n\t\t\t\t\t\t\t\t<\/h4>\n\t\t\t\t\t\t\t\t<p>Kampanie wyczulaj\u0105ce na ochron\u0119 \u015brodowiska, segregowanie odpad\u00f3w, recykling, etc&#8230;<\/p>\n<\/a>\n\t\t\t\t\t\t\t<\/div>\n\t\t\t\t\t\t<\/div><div>\n\t\t\t\t\t\t\t<div class='imgDestacado'>\n\t\t\t\t\t\t\t\t<a href='energia-pl'>\n\t\t\t\t\t\t\t\t\t<img src='https:\/\/alegria-activity.com\/wp-content\/uploads\/2019\/03\/img-box-energia.jpg' alt='energia'>\n\t\t\t\t\t\t\t\t<\/a>\n\t\t\t\t\t\t\t<\/div>\n\t\t\t\t\t\t\t<svg xmlns='http:\/\/www.w3.org\/2000\/svg'>\n\t\t\t\t\t\t\t<defs>\n\t\t\t\t\t\t\t\t<clipPath id='rectangle' clipPathUnits='objectBoundingBox'>\n\t\t\t\t\t\t\t\t<polygon points='0 0,0 0.95,1 1,1 0'><\/polygon>\n\t\t\t\t\t\t\t\t<\/clipPath>\n\t\t\t\t\t\t\t<\/defs>\n\t\t\t\t\t\t\t<\/svg>\n\t\t\t\t\t\t\t<div class='notit'>\n\t\t\t\t\t\t\t\t<a href='energia-pl'>\n\t\t\t\t\t\t\t\t<h4>\n\t\t\t\t\t\t\t\t\tenergia\n\t\t\t\t\t\t\t\t<\/h4>\n\t\t\t\t\t\t\t\t<p>Edukacja i rozpowszechnianie wiedzy o \u017ar\u00f3d\u0142ach energii, ich odnawialno\u015bci, trwa\u0142o\u015bci, etc&#8230;<\/p>\n<\/a>\n\t\t\t\t\t\t\t<\/div>\n\t\t\t\t\t\t<\/div><div>\n\t\t\t\t\t\t\t<div class='imgDestacado'>\n\t\t\t\t\t\t\t\t<a href='zdrowie'>\n\t\t\t\t\t\t\t\t\t<img src='https:\/\/alegria-activity.com\/wp-content\/uploads\/2019\/03\/img-box-salud.jpg' alt='zdrowie'>\n\t\t\t\t\t\t\t\t<\/a>\n\t\t\t\t\t\t\t<\/div>\n\t\t\t\t\t\t\t<svg xmlns='http:\/\/www.w3.org\/2000\/svg'>\n\t\t\t\t\t\t\t<defs>\n\t\t\t\t\t\t\t\t<clipPath id='rectangle' clipPathUnits='objectBoundingBox'>\n\t\t\t\t\t\t\t\t<polygon points='0 0,0 0.95,1 1,1 0'><\/polygon>\n\t\t\t\t\t\t\t\t<\/clipPath>\n\t\t\t\t\t\t\t<\/defs>\n\t\t\t\t\t\t\t<\/svg>\n\t\t\t\t\t\t\t<div class='notit'>\n\t\t\t\t\t\t\t\t<a href='zdrowie'>\n\t\t\t\t\t\t\t\t<h4>\n\t\t\t\t\t\t\t\t\tzdrowie\n\t\t\t\t\t\t\t\t<\/h4>\n\t\t\t\t\t\t\t\t<p>U\u015bwiadamianie o konieczno\u015bci dbania o zdrowie: odpowiednim \u017cywieniu, aktywno\u015bci fizycznej, zdrowych nawykach, etc&#8230;<\/p>\n<\/a>\n\t\t\t\t\t\t\t<\/div>\n\t\t\t\t\t\t<\/div><div>\n\t\t\t\t\t\t\t<div class='imgDestacado'>\n\t\t\t\t\t\t\t\t<a href='gastronomia-pl'>\n\t\t\t\t\t\t\t\t\t<img src='https:\/\/alegria-activity.com\/wp-content\/uploads\/2019\/03\/img-box-gastronomia.jpg' alt='gastronomia'>\n\t\t\t\t\t\t\t\t<\/a>\n\t\t\t\t\t\t\t<\/div>\n\t\t\t\t\t\t\t<svg xmlns='http:\/\/www.w3.org\/2000\/svg'>\n\t\t\t\t\t\t\t<defs>\n\t\t\t\t\t\t\t\t<clipPath id='rectangle' clipPathUnits='objectBoundingBox'>\n\t\t\t\t\t\t\t\t<polygon points='0 0,0 0.95,1 1,1 0'><\/polygon>\n\t\t\t\t\t\t\t\t<\/clipPath>\n\t\t\t\t\t\t\t<\/defs>\n\t\t\t\t\t\t\t<\/svg>\n\t\t\t\t\t\t\t<div class='notit'>\n\t\t\t\t\t\t\t\t<a href='gastronomia-pl'>\n\t\t\t\t\t\t\t\t<h4>\n\t\t\t\t\t\t\t\t\tgastronomia\n\t\t\t\t\t\t\t\t<\/h4>\n\t\t\t\t\t\t\t\t<p>Kampanie po\u015bwi\u0119cone zdrowemu od\u017cywianiu, promocji \u017cywno\u015bci i napoj\u00f3w oraz us\u0142ug gastronomicznych&#8230;<\/p>\n<\/a>\n\t\t\t\t\t\t\t<\/div>\n\t\t\t\t\t\t<\/div><div>\n\t\t\t\t\t\t\t<div class='imgDestacado'>\n\t\t\t\t\t\t\t\t<a href='sport-pl'>\n\t\t\t\t\t\t\t\t\t<img src='https:\/\/alegria-activity.com\/wp-content\/uploads\/2019\/03\/img-box-deportes.jpg' alt='sport'>\n\t\t\t\t\t\t\t\t<\/a>\n\t\t\t\t\t\t\t<\/div>\n\t\t\t\t\t\t\t<svg xmlns='http:\/\/www.w3.org\/2000\/svg'>\n\t\t\t\t\t\t\t<defs>\n\t\t\t\t\t\t\t\t<clipPath id='rectangle' clipPathUnits='objectBoundingBox'>\n\t\t\t\t\t\t\t\t<polygon points='0 0,0 0.95,1 1,1 0'><\/polygon>\n\t\t\t\t\t\t\t\t<\/clipPath>\n\t\t\t\t\t\t\t<\/defs>\n\t\t\t\t\t\t\t<\/svg>\n\t\t\t\t\t\t\t<div class='notit'>\n\t\t\t\t\t\t\t\t<a href='sport-pl'>\n\t\t\t\t\t\t\t\t<h4>\n\t\t\t\t\t\t\t\t\tsport\n\t\t\t\t\t\t\t\t<\/h4>\n\t\t\t\t\t\t\t\t<p>Patronaty nad wydarzeniami sportowymi. Kampanie propaguj\u0105ce aktywny tryb \u017cycia.<\/p>\n<\/a>\n\t\t\t\t\t\t\t<\/div>\n\t\t\t\t\t\t<\/div><div>\n\t\t\t\t\t\t\t<div class='imgDestacado'>\n\t\t\t\t\t\t\t\t<a href='kultura'>\n\t\t\t\t\t\t\t\t\t<img src='https:\/\/alegria-activity.com\/wp-content\/uploads\/2019\/03\/img-box-cultura.jpg' alt='kultura'>\n\t\t\t\t\t\t\t\t<\/a>\n\t\t\t\t\t\t\t<\/div>\n\t\t\t\t\t\t\t<svg xmlns='http:\/\/www.w3.org\/2000\/svg'>\n\t\t\t\t\t\t\t<defs>\n\t\t\t\t\t\t\t\t<clipPath id='rectangle' clipPathUnits='objectBoundingBox'>\n\t\t\t\t\t\t\t\t<polygon points='0 0,0 0.95,1 1,1 0'><\/polygon>\n\t\t\t\t\t\t\t\t<\/clipPath>\n\t\t\t\t\t\t\t<\/defs>\n\t\t\t\t\t\t\t<\/svg>\n\t\t\t\t\t\t\t<div class='notit'>\n\t\t\t\t\t\t\t\t<a href='kultura'>\n\t\t\t\t\t\t\t\t<h4>\n\t\t\t\t\t\t\t\t\tkultura\n\t\t\t\t\t\t\t\t<\/h4>\n\t\t\t\t\t\t\t\t<p>Promocja kultury i sztuki, \u201eruchome\u201d muzea, mediateki, bibliobusy, etc&#8230;<\/p>\n<\/a>\n\t\t\t\t\t\t\t<\/div>\n\t\t\t\t\t\t<\/div><div>\n\t\t\t\t\t\t\t<div class='imgDestacado'>\n\t\t\t\t\t\t\t\t<a href='turystyka'>\n\t\t\t\t\t\t\t\t\t<img src='https:\/\/alegria-activity.com\/wp-content\/uploads\/2019\/03\/img-box-turismo.jpg' alt='turystyka'>\n\t\t\t\t\t\t\t\t<\/a>\n\t\t\t\t\t\t\t<\/div>\n\t\t\t\t\t\t\t<svg xmlns='http:\/\/www.w3.org\/2000\/svg'>\n\t\t\t\t\t\t\t<defs>\n\t\t\t\t\t\t\t\t<clipPath id='rectangle' clipPathUnits='objectBoundingBox'>\n\t\t\t\t\t\t\t\t<polygon points='0 0,0 0.95,1 1,1 0'><\/polygon>\n\t\t\t\t\t\t\t\t<\/clipPath>\n\t\t\t\t\t\t\t<\/defs>\n\t\t\t\t\t\t\t<\/svg>\n\t\t\t\t\t\t\t<div class='notit'>\n\t\t\t\t\t\t\t\t<a href='turystyka'>\n\t\t\t\t\t\t\t\t<h4>\n\t\t\t\t\t\t\t\t\tturystyka\n\t\t\t\t\t\t\t\t<\/h4>\n\t\t\t\t\t\t\t\t<p>Promocja turystyki, podr\u00f3\u017cy\u2026<\/p>\n<\/a>\n\t\t\t\t\t\t\t<\/div>\n\t\t\t\t\t\t<\/div><div>\n\t\t\t\t\t\t\t<div class='imgDestacado'>\n\t\t\t\t\t\t\t\t<a href='nowe-technologie'>\n\t\t\t\t\t\t\t\t\t<img src='https:\/\/alegria-activity.com\/wp-content\/uploads\/2019\/03\/img-box-nt.jpg' alt='nowe technologie'>\n\t\t\t\t\t\t\t\t<\/a>\n\t\t\t\t\t\t\t<\/div>\n\t\t\t\t\t\t\t<svg xmlns='http:\/\/www.w3.org\/2000\/svg'>\n\t\t\t\t\t\t\t<defs>\n\t\t\t\t\t\t\t\t<clipPath id='rectangle' clipPathUnits='objectBoundingBox'>\n\t\t\t\t\t\t\t\t<polygon points='0 0,0 0.95,1 1,1 0'><\/polygon>\n\t\t\t\t\t\t\t\t<\/clipPath>\n\t\t\t\t\t\t\t<\/defs>\n\t\t\t\t\t\t\t<\/svg>\n\t\t\t\t\t\t\t<div class='notit'>\n\t\t\t\t\t\t\t\t<a href='nowe-technologie'>\n\t\t\t\t\t\t\t\t<h4>\n\t\t\t\t\t\t\t\t\tnowe technologie\n\t\t\t\t\t\t\t\t<\/h4>\n\t\t\t\t\t\t\t\t<p>Fab Labs, sale komputerowe, edukacja w zakresie bezpiecze\u0144stwa online, przeciwdzia\u0142anie wykluczeniu cyfrowemu&#8230;<\/p>\n<\/a>\n\t\t\t\t\t\t\t<\/div>\n\t\t\t\t\t\t<\/div><div>\n\t\t\t\t\t\t\t<div class='imgDestacado'>\n\t\t\t\t\t\t\t\t<a href='telekomunikacja'>\n\t\t\t\t\t\t\t\t\t<img src='https:\/\/alegria-activity.com\/wp-content\/uploads\/2019\/03\/img-box-telefonia.jpg' alt='telekomunikacja'>\n\t\t\t\t\t\t\t\t<\/a>\n\t\t\t\t\t\t\t<\/div>\n\t\t\t\t\t\t\t<svg xmlns='http:\/\/www.w3.org\/2000\/svg'>\n\t\t\t\t\t\t\t<defs>\n\t\t\t\t\t\t\t\t<clipPath id='rectangle' clipPathUnits='objectBoundingBox'>\n\t\t\t\t\t\t\t\t<polygon points='0 0,0 0.95,1 1,1 0'><\/polygon>\n\t\t\t\t\t\t\t\t<\/clipPath>\n\t\t\t\t\t\t\t<\/defs>\n\t\t\t\t\t\t\t<\/svg>\n\t\t\t\t\t\t\t<div class='notit'>\n\t\t\t\t\t\t\t\t<a href='telekomunikacja'>\n\t\t\t\t\t\t\t\t<h4>\n\t\t\t\t\t\t\t\t\ttelekomunikacja\n\t\t\t\t\t\t\t\t<\/h4>\n\t\t\t\t\t\t\t\t<p>telekomunikacja<\/p>\n<\/a>\n\t\t\t\t\t\t\t<\/div>\n\t\t\t\t\t\t<\/div><div>\n\t\t\t\t\t\t\t<div class='imgDestacado'>\n\t\t\t\t\t\t\t\t<a href='zatrudnienie-i-firma'>\n\t\t\t\t\t\t\t\t\t<img src='https:\/\/alegria-activity.com\/wp-content\/uploads\/2019\/03\/img-box-empleoyempresa.jpg' alt='zatrudnienie i firma'>\n\t\t\t\t\t\t\t\t<\/a>\n\t\t\t\t\t\t\t<\/div>\n\t\t\t\t\t\t\t<svg xmlns='http:\/\/www.w3.org\/2000\/svg'>\n\t\t\t\t\t\t\t<defs>\n\t\t\t\t\t\t\t\t<clipPath id='rectangle' clipPathUnits='objectBoundingBox'>\n\t\t\t\t\t\t\t\t<polygon points='0 0,0 0.95,1 1,1 0'><\/polygon>\n\t\t\t\t\t\t\t\t<\/clipPath>\n\t\t\t\t\t\t\t<\/defs>\n\t\t\t\t\t\t\t<\/svg>\n\t\t\t\t\t\t\t<div class='notit'>\n\t\t\t\t\t\t\t\t<a href='zatrudnienie-i-firma'>\n\t\t\t\t\t\t\t\t<h4>\n\t\t\t\t\t\t\t\t\tzatrudnienie i firma\n\t\t\t\t\t\t\t\t<\/h4>\n\t\t\t\t\t\t\t\t<\/a>\n\t\t\t\t\t\t\t<\/div>\n\t\t\t\t\t\t<\/div><div>\n\t\t\t\t\t\t\t<div class='imgDestacado'>\n\t\t\t\t\t\t\t\t<a href='szkolenia'>\n\t\t\t\t\t\t\t\t\t<img src='https:\/\/alegria-activity.com\/wp-content\/uploads\/2019\/03\/img-box-formacion.jpg' alt='szkolenia'>\n\t\t\t\t\t\t\t\t<\/a>\n\t\t\t\t\t\t\t<\/div>\n\t\t\t\t\t\t\t<svg xmlns='http:\/\/www.w3.org\/2000\/svg'>\n\t\t\t\t\t\t\t<defs>\n\t\t\t\t\t\t\t\t<clipPath id='rectangle' clipPathUnits='objectBoundingBox'>\n\t\t\t\t\t\t\t\t<polygon points='0 0,0 0.95,1 1,1 0'><\/polygon>\n\t\t\t\t\t\t\t\t<\/clipPath>\n\t\t\t\t\t\t\t<\/defs>\n\t\t\t\t\t\t\t<\/svg>\n\t\t\t\t\t\t\t<div class='notit'>\n\t\t\t\t\t\t\t\t<a href='szkolenia'>\n\t\t\t\t\t\t\t\t<h4>\n\t\t\t\t\t\t\t\t\tszkolenia\n\t\t\t\t\t\t\t\t<\/h4>\n\t\t\t\t\t\t\t\t<p>Kampanie rozpowszechniaj\u0105ce edukacj\u0119, Fab Labs, sale przeznaczone na r\u00f3\u017cnego rodzaju szkolenia, warsztaty\u2026<\/p>\n<\/a>\n\t\t\t\t\t\t\t<\/div>\n\t\t\t\t\t\t<\/div><div>\n\t\t\t\t\t\t\t<div class='imgDestacado'>\n\t\t\t\t\t\t\t\t<a href='spoleczenstwo'>\n\t\t\t\t\t\t\t\t\t<img src='https:\/\/alegria-activity.com\/wp-content\/uploads\/2019\/03\/img-box-social.jpg' alt='spo\u0142ecze\u0144stwo'>\n\t\t\t\t\t\t\t\t<\/a>\n\t\t\t\t\t\t\t<\/div>\n\t\t\t\t\t\t\t<svg xmlns='http:\/\/www.w3.org\/2000\/svg'>\n\t\t\t\t\t\t\t<defs>\n\t\t\t\t\t\t\t\t<clipPath id='rectangle' clipPathUnits='objectBoundingBox'>\n\t\t\t\t\t\t\t\t<polygon points='0 0,0 0.95,1 1,1 0'><\/polygon>\n\t\t\t\t\t\t\t\t<\/clipPath>\n\t\t\t\t\t\t\t<\/defs>\n\t\t\t\t\t\t\t<\/svg>\n\t\t\t\t\t\t\t<div class='notit'>\n\t\t\t\t\t\t\t\t<a href='spoleczenstwo'>\n\t\t\t\t\t\t\t\t<h4>\n\t\t\t\t\t\t\t\t\tspo\u0142ecze\u0144stwo\n\t\t\t\t\t\t\t\t<\/h4>\n\t\t\t\t\t\t\t\t<\/a>\n\t\t\t\t\t\t\t<\/div>\n\t\t\t\t\t\t<\/div><div>\n\t\t\t\t\t\t\t<div class='imgDestacado'>\n\t\t\t\t\t\t\t\t<a href='administracja-publiczna'>\n\t\t\t\t\t\t\t\t\t<img src='https:\/\/alegria-activity.com\/wp-content\/uploads\/2019\/03\/img-box-adminiis.jpg' alt='administracja publiczna'>\n\t\t\t\t\t\t\t\t<\/a>\n\t\t\t\t\t\t\t<\/div>\n\t\t\t\t\t\t\t<svg xmlns='http:\/\/www.w3.org\/2000\/svg'>\n\t\t\t\t\t\t\t<defs>\n\t\t\t\t\t\t\t\t<clipPath id='rectangle' clipPathUnits='objectBoundingBox'>\n\t\t\t\t\t\t\t\t<polygon points='0 0,0 0.95,1 1,1 0'><\/polygon>\n\t\t\t\t\t\t\t\t<\/clipPath>\n\t\t\t\t\t\t\t<\/defs>\n\t\t\t\t\t\t\t<\/svg>\n\t\t\t\t\t\t\t<div class='notit'>\n\t\t\t\t\t\t\t\t<a href='administracja-publiczna'>\n\t\t\t\t\t\t\t\t<h4>\n\t\t\t\t\t\t\t\t\tadministracja publiczna\n\t\t\t\t\t\t\t\t<\/h4>\n\t\t\t\t\t\t\t\t<p>Kampanie wspierane przez r\u00f3\u017cnego rodzaju instytucje rz\u0105dowe, regionalne, europejskie\u2026<\/p>\n<\/a>\n\t\t\t\t\t\t\t<\/div>\n\t\t\t\t\t\t<\/div><div>\n\t\t\t\t\t\t\t<div class='imgDestacado'>\n\t\t\t\t\t\t\t\t<a href='ekonomia'>\n\t\t\t\t\t\t\t\t\t<img src='https:\/\/alegria-activity.com\/wp-content\/uploads\/2019\/03\/img-box-economia.jpg' alt='ekonomia'>\n\t\t\t\t\t\t\t\t<\/a>\n\t\t\t\t\t\t\t<\/div>\n\t\t\t\t\t\t\t<svg xmlns='http:\/\/www.w3.org\/2000\/svg'>\n\t\t\t\t\t\t\t<defs>\n\t\t\t\t\t\t\t\t<clipPath id='rectangle' clipPathUnits='objectBoundingBox'>\n\t\t\t\t\t\t\t\t<polygon points='0 0,0 0.95,1 1,1 0'><\/polygon>\n\t\t\t\t\t\t\t\t<\/clipPath>\n\t\t\t\t\t\t\t<\/defs>\n\t\t\t\t\t\t\t<\/svg>\n\t\t\t\t\t\t\t<div class='notit'>\n\t\t\t\t\t\t\t\t<a href='ekonomia'>\n\t\t\t\t\t\t\t\t<h4>\n\t\t\t\t\t\t\t\t\tekonomia\n\t\t\t\t\t\t\t\t<\/h4>\n\t\t\t\t\t\t\t\t<\/a>\n\t\t\t\t\t\t\t<\/div>\n\t\t\t\t\t\t<\/div><div>\n\t\t\t\t\t\t\t<div class='imgDestacado'>\n\t\t\t\t\t\t\t\t<a href='mieszkanie'>\n\t\t\t\t\t\t\t\t\t<img src='https:\/\/alegria-activity.com\/wp-content\/uploads\/2019\/03\/img-box-vivienda.jpg' alt='mieszkanie'>\n\t\t\t\t\t\t\t\t<\/a>\n\t\t\t\t\t\t\t<\/div>\n\t\t\t\t\t\t\t<svg xmlns='http:\/\/www.w3.org\/2000\/svg'>\n\t\t\t\t\t\t\t<defs>\n\t\t\t\t\t\t\t\t<clipPath id='rectangle' clipPathUnits='objectBoundingBox'>\n\t\t\t\t\t\t\t\t<polygon points='0 0,0 0.95,1 1,1 0'><\/polygon>\n\t\t\t\t\t\t\t\t<\/clipPath>\n\t\t\t\t\t\t\t<\/defs>\n\t\t\t\t\t\t\t<\/svg>\n\t\t\t\t\t\t\t<div class='notit'>\n\t\t\t\t\t\t\t\t<a href='mieszkanie'>\n\t\t\t\t\t\t\t\t<h4>\n\t\t\t\t\t\t\t\t\tmieszkanie\n\t\t\t\t\t\t\t\t<\/h4>\n\t\t\t\t\t\t\t\t<p>Kampanie informacyjne lub us\u0142ugi zwi\u0105zane z miejscem zamieszkania.<\/p>\n<\/a>\n\t\t\t\t\t\t\t<\/div>\n\t\t\t\t\t\t<\/div><div>\n\t\t\t\t\t\t\t<div class='imgDestacado'>\n\t\t\t\t\t\t\t\t<a href='promocja-i-handel'>\n\t\t\t\t\t\t\t\t\t<img src='https:\/\/alegria-activity.com\/wp-content\/uploads\/2019\/03\/img-box-comercial.jpg' alt='promocja i handel'>\n\t\t\t\t\t\t\t\t<\/a>\n\t\t\t\t\t\t\t<\/div>\n\t\t\t\t\t\t\t<svg xmlns='http:\/\/www.w3.org\/2000\/svg'>\n\t\t\t\t\t\t\t<defs>\n\t\t\t\t\t\t\t\t<clipPath id='rectangle' clipPathUnits='objectBoundingBox'>\n\t\t\t\t\t\t\t\t<polygon points='0 0,0 0.95,1 1,1 0'><\/polygon>\n\t\t\t\t\t\t\t\t<\/clipPath>\n\t\t\t\t\t\t\t<\/defs>\n\t\t\t\t\t\t\t<\/svg>\n\t\t\t\t\t\t\t<div class='notit'>\n\t\t\t\t\t\t\t\t<a href='promocja-i-handel'>\n\t\t\t\t\t\t\t\t<h4>\n\t\t\t\t\t\t\t\t\tpromocja i handel\n\t\t\t\t\t\t\t\t<\/h4>\n\t\t\t\t\t\t\t\t<\/a>\n\t\t\t\t\t\t\t<\/div>\n\t\t\t\t\t\t<\/div><\/div><div class=\"fusion-clearfix\"><\/div>\n\n\t\t\t\t\t<\/div>\n\t\t\t\t<\/div><\/div><\/div><div class=\"fusion-fullwidth fullwidth-box fusion-builder-row-2 content-cta ctaAngulo nonhundred-percent-fullwidth non-hundred-percent-height-scrolling\"  style='background-color: rgba(255,255,255,0);background-position: center center;background-repeat: no-repeat;padding-top:0px;padding-right:0px;padding-bottom:0px;padding-left:0px;margin-bottom: 0px;margin-top: 0px;'><div class=\"fusion-builder-row fusion-row \"><div  class=\"fusion-layout-column fusion_builder_column fusion_builder_column_1_1 fusion-builder-column-3 fusion-one-full fusion-column-first fusion-column-last 1_1\"  style='margin-top:0px;margin-bottom:20px;'>\n\t\t\t\t\t<div class=\"fusion-column-wrapper\" style=\"padding: 0px 0px 0px 0px;background-position:left top;background-repeat:no-repeat;-webkit-background-size:cover;-moz-background-size:cover;-o-background-size:cover;background-size:cover;\"   data-bg-url=\"\">\n\t\t\t\t\t\t<article class=\"zona-cta\">\n<div class=\"txt-cta\"><p>Chcesz stworzy\u0107 wyj\u0105tkowe wydarzenie i zbli\u017cy\u0107 si\u0119  do odbiorc\u00f3w w niezapomniany spos\u00f3b?<\/p><\/div>\n<div class=\"boton-cta\"><a href=\"..\/contacto-espana\/\">kliknij\n<\/a><\/div>\n<\/article>\n<svg xmlns=\"http:\/\/www.w3.org\/2000\/svg\">\n<defs>\n<clipPath id=\"rectangle\" clipPathUnits=\"objectBoundingBox\">\n<polygon points=\"0 0,0 1,1 1,1 0.25\" \/>\n<\/clipPath>\n<\/defs>\n<\/svg><div class=\"fusion-clearfix\"><\/div>\n\n\t\t\t\t\t<\/div>\n\t\t\t\t<\/div><\/div><\/div><\/p>\n","protected":false},"excerpt":{"rendered":"","protected":false},"author":2,"featured_media":0,"parent":0,"menu_order":0,"comment_status":"closed","ping_status":"closed","template":"100-width.php","meta":{"footnotes":""},"class_list":["post-3627","page","type-page","status-publish","hentry"],"aioseo_notices":[],"_links":{"self":[{"href":"https:\/\/alegria-activity.com\/pl\/wp-json\/wp\/v2\/pages\/3627","targetHints":{"allow":["GET"]}}],"collection":[{"href":"https:\/\/alegria-activity.com\/pl\/wp-json\/wp\/v2\/pages"}],"about":[{"href":"https:\/\/alegria-activity.com\/pl\/wp-json\/wp\/v2\/types\/page"}],"author":[{"embeddable":true,"href":"https:\/\/alegria-activity.com\/pl\/wp-json\/wp\/v2\/users\/2"}],"replies":[{"embeddable":true,"href":"https:\/\/alegria-activity.com\/pl\/wp-json\/wp\/v2\/comments?post=3627"}],"version-history":[{"count":11,"href":"https:\/\/alegria-activity.com\/pl\/wp-json\/wp\/v2\/pages\/3627\/revisions"}],"predecessor-version":[{"id":4952,"href":"https:\/\/alegria-activity.com\/pl\/wp-json\/wp\/v2\/pages\/3627\/revisions\/4952"}],"wp:attachment":[{"href":"https:\/\/alegria-activity.com\/pl\/wp-json\/wp\/v2\/media?parent=3627"}],"curies":[{"name":"wp","href":"https:\/\/api.w.org\/{rel}","templated":true}]}}