{"id":3625,"date":"2019-03-27T12:26:00","date_gmt":"2019-03-27T11:26:00","guid":{"rendered":"https:\/\/alegria-activity.com\/?page_id=3625"},"modified":"2020-01-15T16:47:28","modified_gmt":"2020-01-15T15:47:28","slug":"jak-robimy","status":"publish","type":"page","link":"https:\/\/alegria-activity.com\/pl\/jak-robimy\/","title":{"rendered":"jak to robimy?"},"content":{"rendered":"<p><div class=\"fusion-fullwidth fullwidth-box fusion-builder-row-1 header-clh nonhundred-percent-fullwidth non-hundred-percent-height-scrolling\"  style='background-color: rgba(255,255,255,0);background-position: center center;background-repeat: no-repeat;padding-top:0px;padding-right:0px;padding-bottom:0px;padding-left:0px;'><div class=\"fusion-builder-row fusion-row \"><div  class=\"fusion-layout-column fusion_builder_column fusion_builder_column_1_1 fusion-builder-column-1 fusion-one-full fusion-column-first fusion-column-last header-clh--presentacion 1_1\"  style='margin-top:0px;margin-bottom:20px;'>\n\t\t\t\t\t<div class=\"fusion-column-wrapper\" style=\"padding: 0px 0px 0px 0px;background-position:left top;background-repeat:no-repeat;-webkit-background-size:cover;-moz-background-size:cover;-o-background-size:cover;background-size:cover;\"   data-bg-url=\"\">\n\t\t\t\t\t\t<article class=\"content-present content-present--angulo\">\n<div class=\"content-present--img\"><\/div>\n<div class=\"content-present--txt\">\n<h1><span class=\"destacado\">Jak<\/span><br><span class=\"linea-2\">to robimy<\/span>?<\/h1>\n<p> Od 1987 roku realizujemy na terenie ca\u0142ej Europy, Ameryki Po\u0142udniowej i Afryki P\u00f3\u0142nocnej kampanie komunikacyjne, edukacyjne oraz u\u015bwiadamiaj\u0105ce. W naszych projektach \u0142\u0105czymy kreatywno\u015b\u0107 z nowoczesnymi technologiami, dzi\u0119ki czemu zaskakujemy i tworzymy unukalne oraz niezapomniane do\u015bwiadczenia.<\/p>\n<hr class=\"separacion-simple\">\n<span class=\"content-present--bot\"><a href=\"#conten_secs\">Zobacz<\/a><\/span>\n<\/div>\n<svg xmlns=\"http:\/\/www.w3.org\/2000\/svg\">\n<defs>\n<clipPath id=\"rectangle\" clipPathUnits=\"objectBoundingBox\">\n<polygon points=\"0 0.5,0 1,1 1,1 0\" \/>\n<\/clipPath>\n<\/defs>\n<\/svg>\n<\/article><div class=\"fusion-clearfix\"><\/div>\n\n\t\t\t\t\t<\/div>\n\t\t\t\t<\/div><\/div><\/div><div class=\"fusion-fullwidth fullwidth-box fusion-builder-row-2 content-interior nonhundred-percent-fullwidth non-hundred-percent-height-scrolling fusion-no-small-visibility fusion-no-medium-visibility\"  style='background-color: rgba(255,255,255,0);background-position: center center;background-repeat: no-repeat;padding-top:0px;padding-right:0px;padding-bottom:0px;padding-left:0px;margin-bottom: 0px;margin-top: 0px;'><div class=\"fusion-builder-row fusion-row \"><div  class=\"fusion-layout-column fusion_builder_column fusion_builder_column_1_1 fusion-builder-column-2 fusion-one-full fusion-column-first fusion-column-last 1_1\"  style='margin-top:0px;margin-bottom:20px;'>\n\t\t\t\t\t<div class=\"fusion-column-wrapper\" style=\"padding: 0px 0px 0px 0px;background-position:left top;background-repeat:no-repeat;-webkit-background-size:cover;-moz-background-size:cover;-o-background-size:cover;background-size:cover;\"   data-bg-url=\"\">\n\t\t\t\t\t\t<div id=\"conten_secs\">\n<div class=\"seccion\" id=\"s1\">\n<div class=\"izq\">\n<div class=\"c\">\n<span class=\"n\">01<\/span>\n<span class=\"clh\"><span class=\"destacado\">Jak <\/span><br\/>\nto robimy?<\/span>\n<h3 class=\"t\">Wyobra\u017a sobie...<\/h3>\n<hr class=\"separacion-clh-1\">\n<\/div>\n<p>Powiedz nam czego potrzebujesz, a my znajdziemy dla Ciebie najlepsze rozwi\u0105zanie.<\/p>\n<p><strong>Wszystko jest mo\u017cliwe!<\/strong><\/p>\n<div class=\"nube\">\n<ul>\n<li>Marketing do\u015bwiadcze\u0144<\/li>\n<li>Branding<\/li>\n<li>Mobilne kampanie komunikacyjne<\/li>\n<li>Rozwi\u0105zania CSR<\/li>\n<li>Digital marketing<\/li>\n<li>Roadshows<\/li>\n<li>Marketing uliczny<\/li>\n<li>Public Relations<\/li>\n<li>Komunikacja marketingowa...<\/li>\n<\/ul>\n<\/div>\n<\/div>\n<div class=\"der\">\n<img class=\"lazyload\" decoding=\"async\" src=\"data:image\/gif;base64,R0lGODlhAQABAAAAACH5BAEKAAEALAAAAAABAAEAAAICTAEAOw==\" data-orig-src=\"\/wp-content\/uploads\/2020\/01\/clh-01-te-imaginas.jpg\"\/>\n<div class=\"v\">\n<iframe loading=\"lazy\" src=\"https:\/\/player.vimeo.com\/video\/332638456?title=0&byline=0&portrait=0\" width=\"560\" height=\"315\" frameborder=\"0\" allow=\"autoplay; fullscreen\" allowfullscreen><\/iframe>\n<img class=\"lazyload\" decoding=\"async\" src=\"data:image\/gif;base64,R0lGODlhAQABAAAAACH5BAEKAAEALAAAAAABAAEAAAICTAEAOw==\" data-orig-src=\"\/wp-content\/uploads\/2019\/02\/flechav.png\"\/>\n<span>Tylko <br\/>zobacz!<\/span>\n<\/div>\n<\/div>\n<\/div>\n\n<div class=\"seccion\" id=\"s2\">\n<div class=\"izq\">\n<img class=\"lazyload\" decoding=\"async\" src=\"data:image\/gif;base64,R0lGODlhAQABAAAAACH5BAEKAAEALAAAAAABAAEAAAICTAEAOw==\" data-orig-src=\"\/wp-content\/uploads\/2020\/01\/clh-02-nosotros-si.jpg\"\/>\n<div class=\"c\">\n<span class=\"n\" style=\"opacity:.2\">02<\/span>\n<span class=\"clh\"><span class=\"destacado\">Jak <\/span><br\/>to robimy?<\/span>\n<h3 class=\"t\">...a my to zrobimy <\/h3>\n<hr class=\"separacion-clh-2\">\n<\/div>\n<\/div>\n<div class=\"der\">\n<p>Przetwarzamy idee w konkretne, kreatywne i niezapomnianie dla odbiorcy dzia\u0142ania komunikacyjne. Wybieramy najbardziej efektywne i efektowne narz\u0119dzia do przekazania komunikatu i osi\u0105gni\u0119cia cel\u00f3w kampanii.<\/p>\n\n<div class=\"v\">\n<iframe loading=\"lazy\" src=\"https:\/\/player.vimeo.com\/video\/328611665?title=0&byline=0&portrait=0\" width=\"560\" height=\"315\" frameborder=\"0\" allow=\"autoplay; fullscreen\" allowfullscreen><\/iframe>\n<img class=\"lazyload\" decoding=\"async\" src=\"data:image\/gif;base64,R0lGODlhAQABAAAAACH5BAEKAAEALAAAAAABAAEAAAICTAEAOw==\" data-orig-src=\"\/wp-content\/uploads\/2019\/02\/flechav.png\"\/>\n<span>Tylko <br\/>zobacz!<\/span>\n<\/div>\n<div class=\"nube\">\n<ul>\n<li>Animacje uliczne<\/li>\n<li>Aplikacje<\/li>\n<li>Merchandising<\/li>\n<li>Gry zespo\u0142owe<\/li>\n<li>Strony internetowe i SM<\/li>\n<li>Warsztaty<\/li>\n<li>Eventy<\/li>\n<li>Instalacje interaktywne<\/li>\n<\/ul>\n<\/div>\n<\/div>\n<\/div>\n\n<div class=\"seccion\" id=\"s3\">\n<div class=\"izq\">\n<div class=\"c\">\n<span class=\"n\">03<\/span>\n<span class=\"clh\"><span class=\"destacado\">Jak <\/span><br\/>to robimy?<\/span>\n<h3 class=\"t \"><span class=\"fz4rem\">Wszystkie r\u0119ce na pok\u0142ad!<\/span><\/h3>\n<hr class=\"separacion-clh-3\">\n<\/div>\n<p>Ka\u017cda kampania jest tworzona, dos\u0142ownie, jako ta jedyna i niepowtarzalna.<\/p>\n<p>Wymy\u015blamy, projektujemy i wytwarzamy ka\u017cdy jej poszczeg\u00f3lny element, kt\u00f3ry pozwala nam p\u00f3\u017aniej osi\u0105gn\u0105\u0107 cel kampanii.<\/p>\n<div class=\"nube\">\n<ul>\n<li>Spersonalizowane wn\u0119trza<\/li>\n<li>Produkcje audiowizualne<\/li>\n<li>Umeblowanie<\/li>\n\n<\/ul>\n<\/div>\n<\/div>\n<div class=\"der\">\n<img class=\"lazyload\" decoding=\"async\" src=\"data:image\/gif;base64,R0lGODlhAQABAAAAACH5BAEKAAEALAAAAAABAAEAAAICTAEAOw==\" data-orig-src=\"\/wp-content\/uploads\/2020\/01\/clh-03-manos-obra.jpg\"\/>\n<div class=\"v\">\n<span>Tylko <br\/>zobacz!<\/span>\n<img class=\"lazyload\" decoding=\"async\" src=\"data:image\/gif;base64,R0lGODlhAQABAAAAACH5BAEKAAEALAAAAAABAAEAAAICTAEAOw==\" data-orig-src=\"\/wp-content\/uploads\/2019\/02\/flechav.png\"\/>\n<iframe loading=\"lazy\" src=\"https:\/\/player.vimeo.com\/video\/329785195?title=0&byline=0&portrait=0\" width=\"560\" height=\"315\" frameborder=\"0\" allow=\"autoplay; fullscreen\" allowfullscreen><\/iframe>\n<\/div>\n<\/div>\n<\/div>\n\n<div class=\"seccion\" id=\"s4\">\n<div class=\"cen\">\n<img class=\"lazyload\" decoding=\"async\" src=\"data:image\/gif;base64,R0lGODlhAQABAAAAACH5BAEKAAEALAAAAAABAAEAAAICTAEAOw==\" data-orig-src=\"\/wp-content\/uploads\/2020\/01\/clh-04-arrancamos.jpg\"\/>\n<div class=\"c\">\n<span class=\"n\" style=\"opacity:.3\">04<\/span>\n<span class=\"clh\"><span class=\"destacado\">Jak <\/span><br\/>to robimy?<\/span>\n<h3 class=\"t\">Ruszamy!<\/h3>\n<hr class=\"separacion-clh-4\">\n<\/div>\n<\/div>\n<div class=\"izq\">\n<div class=\"v\" style=\"z-index:100000000\">\n<iframe loading=\"lazy\" src=\"https:\/\/player.vimeo.com\/video\/327689270?title=0&byline=0&portrait=0\" width=\"560\" height=\"315\" frameborder=\"0\" allow=\"autoplay; fullscreen\" allowfullscreen><\/iframe>\n<div>\n<img class=\"lazyload\" decoding=\"async\" src=\"data:image\/gif;base64,R0lGODlhAQABAAAAACH5BAEKAAEALAAAAAABAAEAAAICTAEAOw==\" data-orig-src=\"\/wp-content\/uploads\/2019\/02\/flechav.png\"\/>\n<span>Tylko <br\/>zobacz!<\/span>\n<\/div>\n<\/div>\n<\/div>\n<div class=\"der\">\n<hr class=\"separacion-doble\">\n<p>Ulica jest nasza: nasze kampanie s\u0105 blisko ludzi, tam gdzie oni s\u0105, tam jeste\u015bmy i my. Przybli\u017camy si\u0119 do nich i pozwalamy im prze\u017cy\u0107 niepowtarzalne do\u015bwiadczenia.<\/p>\n<p>My si\u0119 wszystkim zajmujemy. Tak, dos\u0142ownie wszystkim.<\/p>\n<div class=\"nube\">\n<ul>\n<li>Przemieszczanie si\u0119 jednostki mobilnej i ca\u0142ego jej wyposa\u017cenia<\/li>\n<li>Sta\u0142y kontakt z wyspecjalizowan\u0105 obs\u0142ug\u0105<\/li>\n<li>Rozwi\u0105zania nieprzewidzianych zdarze\u0144<\/li>\n<\/ul>\n<\/div>\n<\/div>\n<\/div>\n\n<div class=\"seccion\" id=\"s5\">\n<div class=\"izq\">\n<img class=\"lazyload\" decoding=\"async\" src=\"data:image\/gif;base64,R0lGODlhAQABAAAAACH5BAEKAAEALAAAAAABAAEAAAICTAEAOw==\" data-orig-src=\"\/wp-content\/uploads\/2020\/01\/clh-05-companeros-viaje.jpg\"\/>\n<div class=\"v\" style=\"z-index:100000000\">\n<iframe loading=\"lazy\" src=\"https:\/\/player.vimeo.com\/video\/327690092?title=0&byline=0&portrait=0\" width=\"560\" height=\"315\" frameborder=\"0\" allow=\"autoplay; fullscreen\" allowfullscreen><\/iframe>\n<img class=\"lazyload\" decoding=\"async\" src=\"data:image\/gif;base64,R0lGODlhAQABAAAAACH5BAEKAAEALAAAAAABAAEAAAICTAEAOw==\" data-orig-src=\"\/wp-content\/uploads\/2019\/02\/flechav.png\"\/>\n<span>Tylko <br\/>zobacz!<\/span>\n<\/div>\n<\/div>\n<div class=\"der\">\n<div class=\"c\">\n<span class=\"n\" style=\"opacity:.2\">05<\/span>\n<span class=\"clh\"><span class=\"destacado\">Jak <\/span><br\/>to robimy?<\/span>\n<h3 class=\"t\">Towarzysze podr\u00f3\u017cy<\/h3>\n<hr class=\"separacion-clh-5\">\n<\/div>\n<p>Tworzymy i koordynujemy kampanie w ka\u017cdym zak\u0105tku \u015bwiata. <\/p>\n<p>Nasze do\u015bwiadczenie pozwala nam globalnie zarz\u0105dza\u0107 kampani\u0105, tak aby nasi klienci nie musieli si\u0119 absolutnie niczym zajmowa\u0107.<\/p>\n<div class=\"nube\">\n<ul>\n<li>Organizacja publiczno\u015bci<\/li>\n<li>Uzyskiwanie pozwole\u0144 na lokalizacje zar\u00f3wno publiczne jak i prywatne<\/li>\n<li>Wskazywanie strategicznych lokalizacji<\/li>\n<li>Planowanie trasy<\/li>\n<\/ul>\n<\/div>\n<\/div>\n<\/div>\n\n<div class=\"seccion\" id=\"s6\">\n<div class=\"izq\">\n<div class=\"c\">\n<span class=\"n\">06<\/span>\n<span class=\"clh\"><span class=\"destacado\">Jak <\/span><br\/>to robimy?<\/span>\n<h3 class=\"t\">Gdzie ju\u017c dotarli\u015bmy? <\/h3>\n<hr class=\"separacion-clh-3\">\n<\/div>\n<div class=\"v\">\n<span>Tylko <br\/>zobacz!<\/span>\n<img class=\"lazyload\" decoding=\"async\" src=\"data:image\/gif;base64,R0lGODlhAQABAAAAACH5BAEKAAEALAAAAAABAAEAAAICTAEAOw==\" data-orig-src=\"\/wp-content\/uploads\/2019\/02\/flechav.png\"\/>\n<iframe loading=\"lazy\" src=\"https:\/\/player.vimeo.com\/video\/329786799?title=0&byline=0&portrait=0\" width=\"560\" height=\"315\" frameborder=\"0\" allow=\"autoplay; fullscreen\" allowfullscreen><\/iframe>\n<\/div>\n<p>Mierzymy ka\u017cd\u0105 zmienn\u0105 naszych kampanii, bo ich oddzia\u0142ywanie jest por\u00f3wnywalne do tych, kt\u00f3re mo\u017cemy osi\u0105gn\u0105\u0107 poprzez inne media.<\/p>\n<\/div>\n<div class=\"der\">\n<img class=\"lazyload\" decoding=\"async\" src=\"data:image\/gif;base64,R0lGODlhAQABAAAAACH5BAEKAAEALAAAAAABAAEAAAICTAEAOw==\" data-orig-src=\"\/wp-content\/uploads\/2020\/01\/clh-06-hasta-donde-llegado.jpg\"\/>\n<p>Nasze kampanie tworz\u0105 \u201eszum medialny\u201d, staj\u0105 si\u0119 viralem oraz wielkim, mobilnym billboardem.<\/p>\n<\/div>\n<\/div>\n<\/div><div class=\"fusion-clearfix\"><\/div>\n\n\t\t\t\t\t<\/div>\n\t\t\t\t<\/div><\/div><\/div><div class=\"fusion-fullwidth fullwidth-box fusion-builder-row-3 content-interior nonhundred-percent-fullwidth non-hundred-percent-height-scrolling fusion-no-large-visibility\"  style='background-color: rgba(255,255,255,0);background-position: center center;background-repeat: no-repeat;padding-top:0px;padding-right:0px;padding-bottom:0px;padding-left:0px;margin-bottom: 0px;margin-top: 0px;'><div class=\"fusion-builder-row fusion-row \"><div  class=\"fusion-layout-column fusion_builder_column fusion_builder_column_1_1 fusion-builder-column-3 fusion-one-full fusion-column-first fusion-column-last 1_1\"  style='margin-top:0px;margin-bottom:20px;'>\n\t\t\t\t\t<div class=\"fusion-column-wrapper\" style=\"padding: 0px 0px 0px 0px;background-position:left top;background-repeat:no-repeat;-webkit-background-size:cover;-moz-background-size:cover;-o-background-size:cover;background-size:cover;\"   data-bg-url=\"\">\n\t\t\t\t\t\t<div>\n    <div class=\"seccion\">\n        <div class=\"clh-01\">\n            <div class=\"c\">\n                <span class=\"n\">01<\/span>\n                <div class=\"clh\"><span class=\"destacado\">Jak <\/span><br \/>\n                    to robimy?<\/div>\n                <h3 class=\"t\">Wyobra\u017ania?<\/h3>\n                <hr class=\"separacion-clh-1\">\n            <\/div>\n            <p>Opowiedz nam czego szukasz\/potrzebujesz, a my znajdziemy najlepsze rozwi\u0105zanie dla Ciebie.<\/p>\n            <p><strong>Wszystko jest mo\u017cliwe!<\/strong><\/p>\n            <div class=\"nube\">\n                <ul>\n                    <li>Marketing<\/li>\n                    <li>Branding<\/li>\n                    <li>Roadshows<\/li>\n                    <li>Streetmarketing<\/li>\n                    <li>Komunikacja<\/li>\n                <\/ul>\n            <\/div>\n        <\/div>\n        <div>\n            <img class=\"lazyload\" decoding=\"async\" src=\"data:image\/gif;base64,R0lGODlhAQABAAAAACH5BAEKAAEALAAAAAABAAEAAAICTAEAOw==\" data-orig-src=\"https:\/\/2019.alegria-activity.com\/wp-content\/uploads\/2019\/02\/clh-01-te-imaginas.jpg\" \/>\n            <div class=\"v\">\n                <iframe loading=\"lazy\" width=\"560\" height=\"315\" src=\"https:\/\/www.youtube.com\/embed\/kLotHFcBKiE\" frameborder=\"0\" allow=\"accelerometer; autoplay; encrypted-media; gyroscope; picture-in-picture\"\n                    allowfullscreen><\/iframe>\n                <img class=\"lazyload\" decoding=\"async\" src=\"data:image\/gif;base64,R0lGODlhAQABAAAAACH5BAEKAAEALAAAAAABAAEAAAICTAEAOw==\" data-orig-src=\"https:\/\/2019.alegria-activity.com\/wp-content\/uploads\/2019\/02\/flechav.png\" \/>\n                <span>Tylko <br \/>zobacz!<\/span>\n            <\/div>\n        <\/div>\n    <\/div>\n\n    <div class=\"seccion\">\n        <div class=\"clh-02\">\n            <img class=\"lazyload\" decoding=\"async\" src=\"data:image\/gif;base64,R0lGODlhAQABAAAAACH5BAEKAAEALAAAAAABAAEAAAICTAEAOw==\" data-orig-src=\"https:\/\/2019.alegria-activity.com\/wp-content\/uploads\/2019\/02\/clh-02-nosotros-si.jpg\" \/>\n            <div class=\"c\">\n                <span class=\"n alpha-03\">02<\/span>\n                <span class=\"clh\"><span class=\"destacado\">Jak <\/span><br \/>to robimy?<\/span>\n                <h3 class=\"t\">Bo my to zrobimy\u2026<\/h3>\n                <hr class=\"separacion-clh-2\">\n            <\/div>\n        <\/div>\n        <div class=\"clh-02\">\n            <p>Przetwarzamy idee w konkretne, kreatywne i niezapomnianie dla odbiorcy dzia\u0142ania komunikacyjne. <\/p>\n            <p>Wybieramy najbardziej efektywne i efektowne narz\u0119dzia do przekazania komunikatu i osi\u0105gni\u0119cia cel\u00f3w kampanii.<\/p>\n            <div class=\"v\">\n                <iframe loading=\"lazy\" width=\"560\" height=\"315\" src=\"https:\/\/www.youtube.com\/embed\/kLotHFcBKiE\" frameborder=\"0\" allow=\"accelerometer; autoplay; encrypted-media; gyroscope; picture-in-picture\"\n                    allowfullscreen><\/iframe>\n                <img class=\"lazyload\" decoding=\"async\" src=\"data:image\/gif;base64,R0lGODlhAQABAAAAACH5BAEKAAEALAAAAAABAAEAAAICTAEAOw==\" data-orig-src=\"https:\/\/2019.alegria-activity.com\/wp-content\/uploads\/2019\/02\/flechav.png\" \/>\n              <span>Tylko <br \/>zobacz!<\/span>\n            <\/div>\n            <div class=\"nube\">\n                <ul>\n                    <li>Animacjeuliczne<\/li>\n                    <li>Web<\/li>\n                    <li>Aplikacje<\/li>\n                    <li>Merchandising<\/li>\n                    <li>Gry zespo\u0142owe<\/li>\n                    <li>Warsztaty<\/li>\n                    <li>Eventy <\/li>\n                <\/ul>\n            <\/div>\n        <\/div>\n    <\/div>\n\n    <div class=\"seccion\">\n        <div class=\"clh-03\">\n            <div class=\"c\">\n                <span class=\"n\">03<\/span>\n                <span class=\"clh\"><span class=\"destacado\">Jak <\/span><br \/>to robimy?<\/span>\n                <h3 class=\"t\">Wszystkie r\u0119ce na pok\u0142ad!<\/h3>\n                <hr class=\"separacion-clh-3\">\n            <\/div>\n            <p>Ka\u017cda kampania jest tworzona, dos\u0142ownie, jako ta jedyna i niepowtarzalna.<\/p>\n            <p>Wymy\u015blamy, projektujemy i wytwarzamy ka\u017cdy jej poszczeg\u00f3lny element, kt\u00f3ry pozwala nam p\u00f3\u017aniej osi\u0105gn\u0105\u0107 cel kampanii.<\/p>\n            <div class=\"nube\">\n                <ul>\n                    <li>Spersonalizowane wn\u0119trza<\/li>\n                    <li>Produkcje audiowizualne<\/li>\n                    <li>Umeblowanie<\/li>\n                    \n                <\/ul>\n            <\/div>\n        <\/div>\n        <div>\n            <img class=\"lazyload\" decoding=\"async\" src=\"data:image\/gif;base64,R0lGODlhAQABAAAAACH5BAEKAAEALAAAAAABAAEAAAICTAEAOw==\" data-orig-src=\"https:\/\/2019.alegria-activity.com\/wp-content\/uploads\/2019\/02\/clh-03-manos-obra.jpg\" \/>\n            <div class=\"v\">\n              <span>Tylko <br \/>zobacz!<\/span>\n                <img class=\"lazyload\" decoding=\"async\" src=\"data:image\/gif;base64,R0lGODlhAQABAAAAACH5BAEKAAEALAAAAAABAAEAAAICTAEAOw==\" data-orig-src=\"https:\/\/2019.alegria-activity.com\/wp-content\/uploads\/2019\/02\/flechav.png\" \/>\n                <iframe loading=\"lazy\" width=\"560\" height=\"315\" src=\"https:\/\/www.youtube.com\/embed\/kLotHFcBKiE\" frameborder=\"0\" allow=\"accelerometer; autoplay; encrypted-media; gyroscope; picture-in-picture\"\n                    allowfullscreen><\/iframe>\n            <\/div>\n        <\/div>\n    <\/div>\n\n    <div class=\"seccion\">\n        <div class=\"cen clh-04\">\n            <img class=\"lazyload\" decoding=\"async\" src=\"data:image\/gif;base64,R0lGODlhAQABAAAAACH5BAEKAAEALAAAAAABAAEAAAICTAEAOw==\" data-orig-src=\"https:\/\/2019.alegria-activity.com\/wp-content\/uploads\/2019\/02\/clh-04-arrancamos.jpg\" \/>\n            <div class=\"c\">\n                <span class=\"n alpha-03\">04<\/span>\n                <span class=\"clh\"><span class=\"destacado\">Jak <\/span><br \/>to robimy?<\/span>\n                <h3 class=\"t\">Ruszamy!<\/h3>\n                <hr class=\"separacion-clh-4\">\n            <\/div>\n        <\/div>\n        <div>\n            <div class=\"v\">\n                <iframe loading=\"lazy\" width=\"560\" height=\"315\" src=\"https:\/\/www.youtube.com\/embed\/kLotHFcBKiE\" frameborder=\"0\" allow=\"accelerometer; autoplay; encrypted-media; gyroscope; picture-in-picture\"\n                    allowfullscreen><\/iframe>\n                <div>\n                    <img class=\"lazyload\" decoding=\"async\" src=\"data:image\/gif;base64,R0lGODlhAQABAAAAACH5BAEKAAEALAAAAAABAAEAAAICTAEAOw==\" data-orig-src=\"https:\/\/2019.alegria-activity.com\/wp-content\/uploads\/2019\/02\/flechav.png\" \/>\n                         <span>Tylko <br \/>zobacz!<\/span>\n                <\/div>\n            <\/div>\n        <\/div>\n        <div class=\"clh-04\">\n            <hr class=\"separacion-doble\">\n            <p>Ulica jest nasza: nasze kampanie s\u0105 blisko ludzi, tam gdzie oni s\u0105, tam jeste\u015bmy i my. Przybli\u017camy si\u0119 do nich i pozwalamy im prze\u017cy\u0107 niepowtarzalne do\u015bwiadczenia.<\/p>\n            <p>My si\u0119 wszystkim zajmujemy. Tak, dos\u0142ownie wszystkim.<\/p>\n            <div class=\"nube\">\n                <ul>\n                    <li>Przemieszczanie si\u0119 jednostki mobilnej i ca\u0142ego jej wyposa\u017cenia<\/li>\n                    <li>Sta\u0142y kontakt z wyspecjalizowan\u0105 obs\u0142ug\u0105<\/li>\n                    <li>Rozwi\u0105zania nieprzewidzianych zdarze\u0144<\/li>\n                <\/ul>\n            <\/div>\n        <\/div>\n    <\/div>\n\n    <div class=\"seccion\">\n        <div class=\"clh-05\">\n            <img class=\"lazyload\" decoding=\"async\" src=\"data:image\/gif;base64,R0lGODlhAQABAAAAACH5BAEKAAEALAAAAAABAAEAAAICTAEAOw==\" data-orig-src=\"https:\/\/2019.alegria-activity.com\/wp-content\/uploads\/2019\/02\/clh-05-companeros-viaje.jpg\" \/>\n            <div class=\"v\">\n                <iframe loading=\"lazy\" width=\"560\" height=\"315\" src=\"https:\/\/www.youtube.com\/embed\/kLotHFcBKiE\" frameborder=\"0\" allow=\"accelerometer; autoplay; encrypted-media; gyroscope; picture-in-picture\"\n                    allowfullscreen><\/iframe>\n                <img class=\"lazyload\" decoding=\"async\" src=\"data:image\/gif;base64,R0lGODlhAQABAAAAACH5BAEKAAEALAAAAAABAAEAAAICTAEAOw==\" data-orig-src=\"https:\/\/2019.alegria-activity.com\/wp-content\/uploads\/2019\/02\/flechav.png\" \/>\n                         <span>Tylko <br \/>zobacz!<\/span>\n            <\/div>\n        <\/div>\n        <div class=\"clh-05\">\n            <div class=\"c\">\n                <span class=\"n alpha-03\">05<\/span>\n                <span class=\"clh\"><span class=\"destacado\">Jak <\/span><br \/>to robimy?<\/span>\n                <h3 class=\"t\">Towarzysze podr\u00f3\u017cy<\/h3>\n                <hr class=\"separacion-clh-5\">\n            <\/div>\n            <p>Tworzymy i koordynujemy kampanie w ka\u017cdym zak\u0105tku \u015bwiata.<\/p>\n            <p>Nasze do\u015bwiadczenie pozwala nam globalnie zarz\u0105dza\u0107 kampani\u0105, tak aby nasi klienci nie musieli si\u0119 absolutnie niczym zajmowa\u0107<\/p>\n            <div class=\"nube\">\n                <ul>\n                    <li>Organizacja publiczno\u015bci<\/li>\n                    <li>Uzyskiwanie pozwole\u0144 na lokalizacje zar\u00f3wno publiczne jak i prywatne<\/li>\n                    <li>Wskazywanie strategicznych lokalizacji<\/li>\n                    <li>Planowanie trasy<\/li>\n                <\/ul>\n            <\/div>\n        <\/div>\n    <\/div>\n\n    <div class=\"seccion\">\n        <div class=\"clh-06\">\n            <div class=\"c\">\n                <span class=\"n\">06<\/span>\n                <span class=\"clh\"><span class=\"destacado\">Jak <\/span><br \/>to robimy?<\/span>\n                <h3 class=\"t\">Gdzie ju\u017c dotarli\u015bmy?<\/h3>\n                <hr class=\"separacion-clh-3\">\n            <\/div>\n            <div class=\"v\">\n                         <span>Tylko <br \/>zobacz!<\/span>\n                <img class=\"lazyload\" decoding=\"async\" src=\"data:image\/gif;base64,R0lGODlhAQABAAAAACH5BAEKAAEALAAAAAABAAEAAAICTAEAOw==\" data-orig-src=\"https:\/\/2019.alegria-activity.com\/wp-content\/uploads\/2019\/02\/flechav.png\" \/>\n                <iframe loading=\"lazy\" width=\"560\" height=\"315\" src=\"https:\/\/www.youtube.com\/embed\/kLotHFcBKiE\" frameborder=\"0\" allow=\"accelerometer; autoplay; encrypted-media; gyroscope; picture-in-picture\"\n                    allowfullscreen><\/iframe>\n            <\/div>\n            <p><strong>Mierzymy ka\u017cd\u0105 zmienn\u0105 naszych kampanii, bo ich oddzia\u0142ywanie jest por\u00f3wnywalne do tych, kt\u00f3re mo\u017cemy osi\u0105gn\u0105\u0107 poprzez inne media.<\/strong> equivalentes a la inversi\u00f3n en otros medios.<\/p>\n        <\/div>\n        <div class=\"clh-06\">\n            <img class=\"lazyload\" decoding=\"async\" src=\"data:image\/gif;base64,R0lGODlhAQABAAAAACH5BAEKAAEALAAAAAABAAEAAAICTAEAOw==\" data-orig-src=\"https:\/\/2019.alegria-activity.com\/wp-content\/uploads\/2019\/02\/clh-06-hasta-donde-llegado.jpg\" \/>\n            <p>Nasze kampanie tworz\u0105 \u201eszum medialny\u201d, staj\u0105 si\u0119 viralem oraz wielkim, mobilnym billboardem<\/p>\n        <\/div>\n    <\/div>\n<\/div><div class=\"fusion-clearfix\"><\/div>\n\n\t\t\t\t\t<\/div>\n\t\t\t\t<\/div><\/div><\/div><\/p>\n","protected":false},"excerpt":{"rendered":"","protected":false},"author":2,"featured_media":0,"parent":0,"menu_order":0,"comment_status":"closed","ping_status":"closed","template":"100-width.php","meta":{"footnotes":""},"class_list":["post-3625","page","type-page","status-publish","hentry"],"aioseo_notices":[],"_links":{"self":[{"href":"https:\/\/alegria-activity.com\/pl\/wp-json\/wp\/v2\/pages\/3625","targetHints":{"allow":["GET"]}}],"collection":[{"href":"https:\/\/alegria-activity.com\/pl\/wp-json\/wp\/v2\/pages"}],"about":[{"href":"https:\/\/alegria-activity.com\/pl\/wp-json\/wp\/v2\/types\/page"}],"author":[{"embeddable":true,"href":"https:\/\/alegria-activity.com\/pl\/wp-json\/wp\/v2\/users\/2"}],"replies":[{"embeddable":true,"href":"https:\/\/alegria-activity.com\/pl\/wp-json\/wp\/v2\/comments?post=3625"}],"version-history":[{"count":37,"href":"https:\/\/alegria-activity.com\/pl\/wp-json\/wp\/v2\/pages\/3625\/revisions"}],"predecessor-version":[{"id":5564,"href":"https:\/\/alegria-activity.com\/pl\/wp-json\/wp\/v2\/pages\/3625\/revisions\/5564"}],"wp:attachment":[{"href":"https:\/\/alegria-activity.com\/pl\/wp-json\/wp\/v2\/media?parent=3625"}],"curies":[{"name":"wp","href":"https:\/\/api.w.org\/{rel}","templated":true}]}}