{"id":3622,"date":"2019-03-27T11:57:09","date_gmt":"2019-03-27T10:57:09","guid":{"rendered":"https:\/\/alegria-activity.com\/?page_id=3622"},"modified":"2019-09-17T16:54:07","modified_gmt":"2019-09-17T15:54:07","slug":"marketing-doswiadczen","status":"publish","type":"page","link":"https:\/\/alegria-activity.com\/pl\/marketing-doswiadczen\/","title":{"rendered":"marketing do\u015bwiadcze\u0144"},"content":{"rendered":"<div class=\"fusion-fullwidth fullwidth-box fusion-builder-row-1 content-marketing-experiencial nonhundred-percent-fullwidth non-hundred-percent-height-scrolling\"  style='background-color: rgba(255,255,255,0);background-position: center center;background-repeat: no-repeat;padding-top:0px;padding-right:0px;padding-bottom:0px;padding-left:0px;'><div class=\"fusion-builder-row fusion-row \"><div  class=\"fusion-layout-column fusion_builder_column fusion_builder_column_1_2 fusion-builder-column-1 fusion-one-half fusion-column-first fusion-no-small-visibility fusion-no-medium-visibility 1_2\"  style='margin-top:0px;margin-bottom:20px;width:50%;width:calc(50% - ( ( 4% ) * 0.5 ) );margin-right: 4%;'>\n\t\t\t\t\t<div class=\"fusion-column-wrapper\" style=\"padding: 0px 0px 0px 0px;background-position:left top;background-repeat:no-repeat;-webkit-background-size:cover;-moz-background-size:cover;-o-background-size:cover;background-size:cover;\"   data-bg-url=\"\">\n\t\t\t\t\t\t<div class=\"fusion-clearfix\"><\/div>\n\n\t\t\t\t\t<\/div>\n\t\t\t\t<\/div><div  class=\"fusion-layout-column fusion_builder_column fusion_builder_column_1_2 fusion-builder-column-2 fusion-one-half fusion-column-last 1_2\"  style='margin-top:0px;margin-bottom:20px;width:50%;width:calc(50% - ( ( 4% ) * 0.5 ) );'>\n\t\t\t\t\t<div class=\"fusion-column-wrapper\" style=\"padding: 0px 0px 0px 0px;background-position:left top;background-repeat:no-repeat;-webkit-background-size:cover;-moz-background-size:cover;-o-background-size:cover;background-size:cover;\"   data-bg-url=\"\">\n\t\t\t\t\t\t<div class=\"content-col\">\n<div class=\"content-col--title\">\n<h1>Marketing do\u015bwiadcze\u0144 <\/h1>\n<svg xmlns=\"http:\/\/www.w3.org\/2000\/svg\">\n<defs>\n<clipPath id=\"rectangle\" clipPathUnits=\"objectBoundingBox\">\n<polygon points=\"0 0,0 0.85,1 1,1 0\" \/>\n<\/clipPath>\n<\/defs>\n<\/svg>\n<\/div>\n<div class=\"content-col--txt\">\n<img class=\"lazyload\" decoding=\"async\" src=\"data:image\/gif;base64,R0lGODlhAQABAAAAACH5BAEKAAEALAAAAAABAAEAAAICTAEAOw==\" data-orig-src=\"http:\/\/2019.alegria-activity.com\/wp-content\/uploads\/2019\/02\/img-mark-experencial-detalle.jpg\" alt=\"Experoencia culinaria con ni\u00f1os\">\n<p>Nasze kampanie to co\u015b wi\u0119cej ni\u017c zwyk\u0142e wsparcie reklamowe. S\u0105 niespodziewane, nowoczesne, bliskie cz\u0142owiekowi\u2026 dzi\u0119ki czemu konsument b\u0119dzie si\u0119 uto\u017csamia\u0142 z Twoj\u0105 mark\u0105.<\/p>\n<p>Na tle innych \u015brodk\u00f3w komunikacji marketingowej wyr\u00f3\u017cniamy si\u0119 niepowtarzalno\u015bci\u0105 i zapadaj\u0105cym w pami\u0119\u0107 wra\u017ceniem. Idziemy dalej ni\u017c inne media i sieci spo\u0142eczno\u015bciowe.<\/p> \n<p>Roadshows, eventy, pokazy, street marketing\u2026 wyobra\u017ania nie zna granic.<\/p>\n<p>Najwa\u017cniejsze to stworzy\u0107 niezapomniane prze\u017cycie.<\/p>\n<hr class=\"separacion-simple\">\n<span class=\"content-col--bot\"><a href=\".\/experiencias\/\">Zrealizowane projekty<\/a><\/span>\n<\/div><div class=\"fusion-clearfix\"><\/div>\n\n\t\t\t\t\t<\/div>\n\t\t\t\t<\/div><\/div><\/div>\n","protected":false},"excerpt":{"rendered":"","protected":false},"author":2,"featured_media":0,"parent":0,"menu_order":0,"comment_status":"closed","ping_status":"closed","template":"100-width.php","meta":{"footnotes":""},"class_list":["post-3622","page","type-page","status-publish","hentry"],"aioseo_notices":[],"_links":{"self":[{"href":"https:\/\/alegria-activity.com\/pl\/wp-json\/wp\/v2\/pages\/3622","targetHints":{"allow":["GET"]}}],"collection":[{"href":"https:\/\/alegria-activity.com\/pl\/wp-json\/wp\/v2\/pages"}],"about":[{"href":"https:\/\/alegria-activity.com\/pl\/wp-json\/wp\/v2\/types\/page"}],"author":[{"embeddable":true,"href":"https:\/\/alegria-activity.com\/pl\/wp-json\/wp\/v2\/users\/2"}],"replies":[{"embeddable":true,"href":"https:\/\/alegria-activity.com\/pl\/wp-json\/wp\/v2\/comments?post=3622"}],"version-history":[{"count":5,"href":"https:\/\/alegria-activity.com\/pl\/wp-json\/wp\/v2\/pages\/3622\/revisions"}],"predecessor-version":[{"id":4940,"href":"https:\/\/alegria-activity.com\/pl\/wp-json\/wp\/v2\/pages\/3622\/revisions\/4940"}],"wp:attachment":[{"href":"https:\/\/alegria-activity.com\/pl\/wp-json\/wp\/v2\/media?parent=3622"}],"curies":[{"name":"wp","href":"https:\/\/api.w.org\/{rel}","templated":true}]}}