{"id":3620,"date":"2019-03-27T11:34:42","date_gmt":"2019-03-27T10:34:42","guid":{"rendered":"https:\/\/alegria-activity.com\/?page_id=3620"},"modified":"2019-11-29T10:33:26","modified_gmt":"2019-11-29T09:33:26","slug":"konstrukcja-specjalnych-jednostek","status":"publish","type":"page","link":"https:\/\/alegria-activity.com\/pl\/konstrukcja-specjalnych-jednostek\/","title":{"rendered":"konstrukcja specjalnych jednostek"},"content":{"rendered":"<div class=\"fusion-fullwidth fullwidth-box fusion-builder-row-1 content-fabricacion-vehiculos nonhundred-percent-fullwidth non-hundred-percent-height-scrolling\"  style='background-color: rgba(255,255,255,0);background-position: center center;background-repeat: no-repeat;padding-top:0px;padding-right:0px;padding-bottom:0px;padding-left:0px;'><div class=\"fusion-builder-row fusion-row \"><div  class=\"fusion-layout-column fusion_builder_column fusion_builder_column_1_2 fusion-builder-column-1 fusion-one-half fusion-column-first fusion-no-small-visibility fusion-no-medium-visibility 1_2\"  style='margin-top:0px;margin-bottom:20px;width:50%;width:calc(50% - ( ( 4% ) * 0.5 ) );margin-right: 4%;'>\n\t\t\t\t\t<div class=\"fusion-column-wrapper\" style=\"padding: 0px 0px 0px 0px;background-position:left top;background-repeat:no-repeat;-webkit-background-size:cover;-moz-background-size:cover;-o-background-size:cover;background-size:cover;\"   data-bg-url=\"\">\n\t\t\t\t\t\t<div class=\"fusion-clearfix\"><\/div>\n\n\t\t\t\t\t<\/div>\n\t\t\t\t<\/div><div  class=\"fusion-layout-column fusion_builder_column fusion_builder_column_1_2 fusion-builder-column-2 fusion-one-half fusion-column-last 1_2\"  style='margin-top:0px;margin-bottom:20px;width:50%;width:calc(50% - ( ( 4% ) * 0.5 ) );'>\n\t\t\t\t\t<div class=\"fusion-column-wrapper\" style=\"padding: 0px 0px 0px 0px;background-position:left top;background-repeat:no-repeat;-webkit-background-size:cover;-moz-background-size:cover;-o-background-size:cover;background-size:cover;\"   data-bg-url=\"\">\n\t\t\t\t\t\t<div class=\"content-col\">\n<div class=\"content-col--title\">\n<h1>Konstrukcja specjalnych jednostek mobilnych<\/h1>\n<svg xmlns=\"http:\/\/www.w3.org\/2000\/svg\">\n<defs>\n<clipPath id=\"rectangle\" clipPathUnits=\"objectBoundingBox\">\n<polygon points=\"0 0,0 0.85,1 1,1 0\" \/>\n<\/clipPath>\n<\/defs>\n<\/svg>\n<\/div>\n<div class=\"content-col--txt\">\n<img class=\"lazyload\" decoding=\"async\" src=\"data:image\/gif;base64,R0lGODlhAQABAAAAACH5BAEKAAEALAAAAAABAAEAAAICTAEAOw==\" data-orig-src=\"https:\/\/2019.alegria-activity.com\/wp-content\/uploads\/2019\/02\/img-fabric-vehiculos-detalle.jpg\" alt=\"Operario trabajando en la fabricaci\u00f3n de veh\u00edculos\">\n<p>Na zam\u00f3wienie projektujemy i tworzymy ka\u017cdy rodzaj jednostek mobilnych, w zale\u017cno\u015bci od oczekiwa\u0144, zgodnie z wizerunkiem marki i wytycznymi naszych klient\u00f3w. <\/p>\n<p>Mobilno\u015b\u0107 to rozwi\u0105zanie, kt\u00f3re pozwala dotrze\u0107 do ka\u017cdego odbiorcy, bez wzdl\u0119du na to gdzie si\u0119 znajduje.<\/p>\n<p>To wspania\u0142e wsparcie dla struktur stacjonarnych, przede wszystkim sektora bankowego, opieki zdrowotnej, kultury i informacji.<\/p>\n<p>Jednostki mobilne doskonale spe\u0142niaj\u0105 funkcj\u0119 instalacji sta\u0142ych, ale dzieki swojej mobilno\u015bci, blisko\u015bci i dost\u0119pno\u015bci, mog\u0105 by\u0107 wykorzystywane du\u017co efektywniej.<\/p>\n<p>Wyobra\u017a sobie\u2026 wszystko jest mo\u017cliwe.<\/p>\n<hr class=\"separacion-simple\">\n<span class=\"content-col--bot\"><a href=\".\/konstrukcja-specjalnych-jednostek\/secciones\/\">Kliknij<\/a><\/span>\n<\/div><div class=\"fusion-clearfix\"><\/div>\n\n\t\t\t\t\t<\/div>\n\t\t\t\t<\/div><\/div><\/div>\n","protected":false},"excerpt":{"rendered":"","protected":false},"author":2,"featured_media":0,"parent":0,"menu_order":0,"comment_status":"closed","ping_status":"closed","template":"100-width.php","meta":{"footnotes":""},"class_list":["post-3620","page","type-page","status-publish","hentry"],"aioseo_notices":[],"_links":{"self":[{"href":"https:\/\/alegria-activity.com\/pl\/wp-json\/wp\/v2\/pages\/3620","targetHints":{"allow":["GET"]}}],"collection":[{"href":"https:\/\/alegria-activity.com\/pl\/wp-json\/wp\/v2\/pages"}],"about":[{"href":"https:\/\/alegria-activity.com\/pl\/wp-json\/wp\/v2\/types\/page"}],"author":[{"embeddable":true,"href":"https:\/\/alegria-activity.com\/pl\/wp-json\/wp\/v2\/users\/2"}],"replies":[{"embeddable":true,"href":"https:\/\/alegria-activity.com\/pl\/wp-json\/wp\/v2\/comments?post=3620"}],"version-history":[{"count":7,"href":"https:\/\/alegria-activity.com\/pl\/wp-json\/wp\/v2\/pages\/3620\/revisions"}],"predecessor-version":[{"id":5162,"href":"https:\/\/alegria-activity.com\/pl\/wp-json\/wp\/v2\/pages\/3620\/revisions\/5162"}],"wp:attachment":[{"href":"https:\/\/alegria-activity.com\/pl\/wp-json\/wp\/v2\/media?parent=3620"}],"curies":[{"name":"wp","href":"https:\/\/api.w.org\/{rel}","templated":true}]}}