{"id":3607,"date":"2019-03-26T10:05:50","date_gmt":"2019-03-26T09:05:50","guid":{"rendered":"https:\/\/alegria-activity.com\/?page_id=3607"},"modified":"2019-03-26T12:36:16","modified_gmt":"2019-03-26T11:36:16","slug":"section-bibliobus-et-mediatheques","status":"publish","type":"page","link":"https:\/\/alegria-activity.com\/fr\/fabrication-de-vehicules-speciaux\/sections\/section-bibliobus-et-mediatheques\/","title":{"rendered":"Section bibliobus et m\u00e9diath\u00e8ques"},"content":{"rendered":"<div class=\"fusion-fullwidth fullwidth-box fusion-builder-row-1 content-fab-bibliobus--detalle nonhundred-percent-fullwidth non-hundred-percent-height-scrolling\"  style='background-color: rgba(255,255,255,0);background-position: center center;background-repeat: no-repeat;padding-top:0px;padding-right:0px;padding-bottom:0px;padding-left:0px;'><div class=\"fusion-builder-row fusion-row \"><div  class=\"fusion-layout-column fusion_builder_column fusion_builder_column_1_2 fusion-builder-column-1 fusion-one-half fusion-column-first fusion-no-small-visibility fusion-no-medium-visibility 1_2\"  style='margin-top:0px;margin-bottom:20px;width:50%;width:calc(50% - ( ( 4% ) * 0.5 ) );margin-right: 4%;'>\n\t\t\t\t\t<div class=\"fusion-column-wrapper\" style=\"padding: 0px 0px 0px 0px;background-position:left top;background-repeat:no-repeat;-webkit-background-size:cover;-moz-background-size:cover;-o-background-size:cover;background-size:cover;\"   data-bg-url=\"\">\n\t\t\t\t\t\t<div class=\"fusion-clearfix\"><\/div>\n\n\t\t\t\t\t<\/div>\n\t\t\t\t<\/div><div  class=\"fusion-layout-column fusion_builder_column fusion_builder_column_1_2 fusion-builder-column-2 fusion-one-half fusion-column-last 1_2\"  style='margin-top:0px;margin-bottom:20px;width:50%;width:calc(50% - ( ( 4% ) * 0.5 ) );'>\n\t\t\t\t\t<div class=\"fusion-column-wrapper\" style=\"padding: 0px 0px 0px 0px;background-position:left top;background-repeat:no-repeat;-webkit-background-size:cover;-moz-background-size:cover;-o-background-size:cover;background-size:cover;\"   data-bg-url=\"\">\n\t\t\t\t\t\t<div class=\"content-col\">\n<div class=\"content-col--title\">\n<h1>Bibliobus et m\u00e9diath\u00e8ques mobiles<\/h1>\n<svg xmlns=\"http:\/\/www.w3.org\/2000\/svg\">\n<defs>\n<clipPath id=\"rectangle\" clipPathUnits=\"objectBoundingBox\">\n<polygon points=\"0 0,0 0.85,1 1,1 0\" \/>\n<\/clipPath>\n<\/defs>\n<\/svg>\n<\/div>\n<div class=\"content-col--txt\">\n<div class=\"slider-portfolio\">\t\t\t<script type=\"text\/javascript\" src=\"\/\/alegria-activity.com\/wp-content\/plugins\/revslider\/public\/assets\/js\/revolution.tools.min.js?rev=6.1.5\"><\/script>\n\t\t\t<script type=\"text\/javascript\" src=\"\/\/alegria-activity.com\/wp-content\/plugins\/revslider\/public\/assets\/js\/rs6.min.js?rev=6.1.5\"><\/script>\n\n<div class=\"fusion-slider-revolution rev_slider_wrapper\">\t\t\t<!-- START sliderfabbibliobus REVOLUTION SLIDER 6.1.5 --><p class=\"rs-p-wp-fix\"><\/p>\n\t\t\t<rs-module-wrap id=\"rev_slider_118_1_wrapper\" data-source=\"gallery\" style=\"background:transparent;padding:0;margin:0px auto;margin-top:0;margin-bottom:0;max-width:\">\n\t\t\t\t<rs-module id=\"rev_slider_118_1\" style=\"display:none;\" data-version=\"6.1.5\">\n\t\t\t\t\t<rs-slides>\n\t\t\t\t\t\t<rs-slide data-key=\"rs-468\" data-title=\"Slide\" data-thumb=\"\/\/alegria-activity.com\/wp-content\/uploads\/2019\/02\/img-destacada3-bibliobus-1-1-100x50.jpg\" data-duration=\"5000\" data-anim=\"ei:d;eo:d;s:600;r:0;t:fade;sl:d;\">\n\t\t\t\t\t\t\t<img loading=\"lazy\" decoding=\"async\" src=\"\/\/alegria-activity.com\/wp-content\/plugins\/revslider\/public\/assets\/assets\/dummy.png\" title=\"img-destacada3-bibliobus-1\" width=\"631\" height=\"300\" data-lazyload=\"\/\/alegria-activity.com\/wp-content\/uploads\/2019\/02\/img-destacada3-bibliobus-1-1.jpg\" class=\"rev-slidebg\" data-no-retina>\n<!---->\t\t\t\t\t\t<\/rs-slide>\n\t\t\t\t\t\t<rs-slide data-key=\"rs-470\" data-title=\"Slide\" data-thumb=\"\/\/alegria-activity.com\/wp-content\/uploads\/2019\/03\/img-destacada3-bibliobuscol-1-100x50.jpg\" data-duration=\"5000\" data-anim=\"ei:d;eo:d;s:600;r:0;t:fade;sl:d;\">\n\t\t\t\t\t\t\t<img loading=\"lazy\" decoding=\"async\" src=\"\/\/alegria-activity.com\/wp-content\/plugins\/revslider\/public\/assets\/assets\/dummy.png\" title=\"img-destacada3-bibliobuscol-1\" width=\"631\" height=\"300\" data-lazyload=\"\/\/alegria-activity.com\/wp-content\/uploads\/2019\/03\/img-destacada3-bibliobuscol-1.jpg\" class=\"rev-slidebg\" data-no-retina>\n<!---->\t\t\t\t\t\t<\/rs-slide>\n\t\t\t\t\t\t<rs-slide data-key=\"rs-469\" data-title=\"Slide\" data-thumb=\"\/\/alegria-activity.com\/wp-content\/uploads\/2019\/02\/img-destacada3-bibliobus-2-1-100x50.jpg\" data-duration=\"5000\" data-anim=\"ei:d;eo:d;s:600;r:0;t:fade;sl:d;\">\n\t\t\t\t\t\t\t<img loading=\"lazy\" decoding=\"async\" src=\"\/\/alegria-activity.com\/wp-content\/plugins\/revslider\/public\/assets\/assets\/dummy.png\" title=\"img-destacada3-bibliobus-2\" width=\"631\" height=\"300\" data-lazyload=\"\/\/alegria-activity.com\/wp-content\/uploads\/2019\/02\/img-destacada3-bibliobus-2-1.jpg\" class=\"rev-slidebg\" data-no-retina>\n<!---->\t\t\t\t\t\t<\/rs-slide>\n\t\t\t\t\t<\/rs-slides>\n\t\t\t\t\t<rs-progress class=\"rs-bottom\" style=\"visibility: hidden !important;\"><\/rs-progress>\n\t\t\t\t<\/rs-module>\n\t\t\t\t<script type=\"text\/javascript\">\n\t\t\t\t\tsetREVStartSize({c: 'rev_slider_118_1',rl:[1240,1024,778,480],el:[],gw:[630],gh:[300],layout:'fullwidth',mh:\"0\"});\n\t\t\t\t\tvar\trevapi118,\n\t\t\t\t\t\ttpj;\n\t\t\t\t\tjQuery(function() {\n\t\t\t\t\t\ttpj = jQuery;\n\t\t\t\t\t\ttpj.noConflict();\n\t\t\t\t\t\tif(tpj(\"#rev_slider_118_1\").revolution == undefined){\n\t\t\t\t\t\t\trevslider_showDoubleJqueryError(\"#rev_slider_118_1\");\n\t\t\t\t\t\t}else{\n\t\t\t\t\t\t\trevapi118 = tpj(\"#rev_slider_118_1\").show().revolution({\n\t\t\t\t\t\t\t\tjsFileLocation:\"\/\/alegria-activity.com\/wp-content\/plugins\/revslider\/public\/assets\/js\/\",\n\t\t\t\t\t\t\t\tvisibilityLevels:\"1240,1024,778,480\",\n\t\t\t\t\t\t\t\tgridwidth:630,\n\t\t\t\t\t\t\t\tgridheight:300,\n\t\t\t\t\t\t\t\tminHeight:\"\",\n\t\t\t\t\t\t\t\tlazyType:\"all\",\n\t\t\t\t\t\t\t\tspinner:\"spinner3\",\n\t\t\t\t\t\t\t\tresponsiveLevels:\"1240,1024,778,480\",\n\t\t\t\t\t\t\t\tdisableProgressBar:\"on\",\n\t\t\t\t\t\t\t\tnavigation: {\n\t\t\t\t\t\t\t\t\tmouseScrollNavigation:false,\n\t\t\t\t\t\t\t\t\tonHoverStop:false,\n\t\t\t\t\t\t\t\t\tbullets: {\n\t\t\t\t\t\t\t\t\t\tenable:true,\n\t\t\t\t\t\t\t\t\t\ttmp:\"\",\n\t\t\t\t\t\t\t\t\t\thide_onleave:true\n\t\t\t\t\t\t\t\t\t}\n\t\t\t\t\t\t\t\t},\n\t\t\t\t\t\t\t\tfallbacks: {\n\t\t\t\t\t\t\t\t\tallowHTML5AutoPlayOnAndroid:true\n\t\t\t\t\t\t\t\t},\n\t\t\t\t\t\t\t});\n\t\t\t\t\t\t}\n\t\t\t\t\t\t\n\t\t\t\t\t});\n\t\t\t\t<\/script>\n\t\t\t\t<script>\n\t\t\t\t\tvar htmlDivCss = '\t#rev_slider_118_1_wrapper rs-loader.spinner3 div { background-color: #FFFFFF !important; } ';\n\t\t\t\t\tvar htmlDiv = document.getElementById('rs-plugin-settings-inline-css');\n\t\t\t\t\tif(htmlDiv) {\n\t\t\t\t\t\thtmlDiv.innerHTML = htmlDiv.innerHTML + htmlDivCss;\n\t\t\t\t\t}else{\n\t\t\t\t\t\tvar htmlDiv = document.createElement('div');\n\t\t\t\t\t\thtmlDiv.innerHTML = '<style>' + htmlDivCss + '<\/style>';\n\t\t\t\t\t\tdocument.getElementsByTagName('head')[0].appendChild(htmlDiv.childNodes[0]);\n\t\t\t\t\t}\n\t\t\t\t<\/script>\n\t\t\t<\/rs-module-wrap>\n\t\t\t<!-- END REVOLUTION SLIDER -->\n<\/div><\/div>\n<p>Les <strong>bibliobus et les m\u00e9diath\u00e8ques<\/strong> jouent un r\u00f4le de diffusion sociale et culturelle incontestable. Ils promouvoient les connaissances des langues, informent, encouragent la lecture, l'apprentissage ...<\/p>\n<p>Ce sont des <strong>projets \u00e9ducatifs<\/strong> qui \u00e9quilibrent les in\u00e9galit\u00e9s sociales en terme <strong>d'acc\u00e8s<\/strong> \u00e0 <strong>l'information et \u00e0 la culture<\/strong>.<\/p>\n<p>Ils sont enti\u00e8rement \u00e9quip\u00e9s et contiennent les toutes derni\u00e8res solutions technologiques.<\/p>\n<hr class=\"separacion-simple\">\n<span class=\"content-col--bot\"><a href=\".\/sections\/\">Revenir<\/a><\/span>\n<\/div><div class=\"fusion-clearfix\"><\/div>\n\n\t\t\t\t\t<\/div>\n\t\t\t\t<\/div><\/div><\/div>\n","protected":false},"excerpt":{"rendered":"","protected":false},"author":2,"featured_media":0,"parent":3603,"menu_order":0,"comment_status":"closed","ping_status":"closed","template":"100-width.php","meta":{"footnotes":""},"class_list":["post-3607","page","type-page","status-publish","hentry"],"aioseo_notices":[],"_links":{"self":[{"href":"https:\/\/alegria-activity.com\/fr\/wp-json\/wp\/v2\/pages\/3607","targetHints":{"allow":["GET"]}}],"collection":[{"href":"https:\/\/alegria-activity.com\/fr\/wp-json\/wp\/v2\/pages"}],"about":[{"href":"https:\/\/alegria-activity.com\/fr\/wp-json\/wp\/v2\/types\/page"}],"author":[{"embeddable":true,"href":"https:\/\/alegria-activity.com\/fr\/wp-json\/wp\/v2\/users\/2"}],"replies":[{"embeddable":true,"href":"https:\/\/alegria-activity.com\/fr\/wp-json\/wp\/v2\/comments?post=3607"}],"version-history":[{"count":0,"href":"https:\/\/alegria-activity.com\/fr\/wp-json\/wp\/v2\/pages\/3607\/revisions"}],"up":[{"embeddable":true,"href":"https:\/\/alegria-activity.com\/fr\/wp-json\/wp\/v2\/pages\/3603"}],"wp:attachment":[{"href":"https:\/\/alegria-activity.com\/fr\/wp-json\/wp\/v2\/media?parent=3607"}],"curies":[{"name":"wp","href":"https:\/\/api.w.org\/{rel}","templated":true}]}}