{"id":3602,"date":"2019-03-26T09:49:03","date_gmt":"2019-03-26T08:49:03","guid":{"rendered":"https:\/\/alegria-activity.com\/?page_id=3602"},"modified":"2019-03-26T12:54:33","modified_gmt":"2019-03-26T11:54:33","slug":"fabrication-de-vehicules-speciaux","status":"publish","type":"page","link":"https:\/\/alegria-activity.com\/fr\/fabrication-de-vehicules-speciaux\/","title":{"rendered":"Fabrication de v\u00e9hicules sp\u00e9ciaux"},"content":{"rendered":"<div class=\"fusion-fullwidth fullwidth-box fusion-builder-row-1 content-fabricacion-vehiculos nonhundred-percent-fullwidth non-hundred-percent-height-scrolling\"  style='background-color: rgba(255,255,255,0);background-position: center center;background-repeat: no-repeat;padding-top:0px;padding-right:0px;padding-bottom:0px;padding-left:0px;'><div class=\"fusion-builder-row fusion-row \"><div  class=\"fusion-layout-column fusion_builder_column fusion_builder_column_1_2 fusion-builder-column-1 fusion-one-half fusion-column-first fusion-no-small-visibility fusion-no-medium-visibility 1_2\"  style='margin-top:0px;margin-bottom:20px;width:50%;width:calc(50% - ( ( 4% ) * 0.5 ) );margin-right: 4%;'>\n\t\t\t\t\t<div class=\"fusion-column-wrapper\" style=\"padding: 0px 0px 0px 0px;background-position:left top;background-repeat:no-repeat;-webkit-background-size:cover;-moz-background-size:cover;-o-background-size:cover;background-size:cover;\"   data-bg-url=\"\">\n\t\t\t\t\t\t<div class=\"fusion-clearfix\"><\/div>\n\n\t\t\t\t\t<\/div>\n\t\t\t\t<\/div><div  class=\"fusion-layout-column fusion_builder_column fusion_builder_column_1_2 fusion-builder-column-2 fusion-one-half fusion-column-last 1_2\"  style='margin-top:0px;margin-bottom:20px;width:50%;width:calc(50% - ( ( 4% ) * 0.5 ) );'>\n\t\t\t\t\t<div class=\"fusion-column-wrapper\" style=\"padding: 0px 0px 0px 0px;background-position:left top;background-repeat:no-repeat;-webkit-background-size:cover;-moz-background-size:cover;-o-background-size:cover;background-size:cover;\"   data-bg-url=\"\">\n\t\t\t\t\t\t<div class=\"content-col\">\n<div class=\"content-col--title\">\n<h1>Fabrication de v\u00e9hicules sp\u00e9ciaux<\/h1>\n<svg xmlns=\"http:\/\/www.w3.org\/2000\/svg\">\n<defs>\n<clipPath id=\"rectangle\" clipPathUnits=\"objectBoundingBox\">\n<polygon points=\"0 0,0 0.85,1 1,1 0\" \/>\n<\/clipPath>\n<\/defs>\n<\/svg>\n<\/div>\n<div class=\"content-col--txt\">\n<img class=\"lazyload\" decoding=\"async\" src=\"data:image\/gif;base64,R0lGODlhAQABAAAAACH5BAEKAAEALAAAAAABAAEAAAICTAEAOw==\" data-orig-src=\"http:\/\/2019.alegria-activity.com\/wp-content\/uploads\/2019\/02\/img-fabric-vehiculos-detalle.jpg\" alt=\"Operario trabajando en la fabricaci\u00f3n de veh\u00edculos\">\n<p><strong>Nous concevons, fabriquons et produisons<\/strong> toutes sortes d'<strong>unit\u00e9s mobiles sp\u00e9ciales sur mesure<\/strong>, en tenant compte des exigences de l'image de marque et de l'exp\u00e9rience souhait\u00e9e, pour cr\u00e9er des <strong>\u00e9quipements<\/strong> et un design uniques.<\/p>\n<p>La <strong>mobilit\u00e9<\/strong> est une <strong>solution<\/strong> qui rend accessible les services de base \u00e0 toute population, o\u00f9 qu\u00b4elle se trouve. Elle devient ainsi un appui et un compl\u00e9ment id\u00e9al pour les structures fixes, particuli\u00e8rement dans les secteurs suivants: la sant\u00e9, la banque, la culture, l\u00b4\u00e9ducation et l'information.<\/p>\n<p>Les <strong>unit\u00e9s mobiles<\/strong> compl\u00e9tent efficacement les fonctions d'une structure fixe, mais aussi leur caract\u00e8re mobile, <strong>proximit\u00e9<\/strong> et <strong>accessibilit\u00e9<\/strong> permet de maximiser leur utilisation naturellement.<\/p>\n<p>Imaginez ... Tout est possible<\/p>\n<hr class=\"separacion-simple\">\n<span class=\"content-col--bot\"><a href=\".\/sections\/\">Sections<\/a><\/span>\n<\/div><div class=\"fusion-clearfix\"><\/div>\n\n\t\t\t\t\t<\/div>\n\t\t\t\t<\/div><\/div><\/div>\n","protected":false},"excerpt":{"rendered":"","protected":false},"author":2,"featured_media":0,"parent":0,"menu_order":0,"comment_status":"closed","ping_status":"closed","template":"100-width.php","meta":{"footnotes":""},"class_list":["post-3602","page","type-page","status-publish","hentry"],"aioseo_notices":[],"_links":{"self":[{"href":"https:\/\/alegria-activity.com\/fr\/wp-json\/wp\/v2\/pages\/3602","targetHints":{"allow":["GET"]}}],"collection":[{"href":"https:\/\/alegria-activity.com\/fr\/wp-json\/wp\/v2\/pages"}],"about":[{"href":"https:\/\/alegria-activity.com\/fr\/wp-json\/wp\/v2\/types\/page"}],"author":[{"embeddable":true,"href":"https:\/\/alegria-activity.com\/fr\/wp-json\/wp\/v2\/users\/2"}],"replies":[{"embeddable":true,"href":"https:\/\/alegria-activity.com\/fr\/wp-json\/wp\/v2\/comments?post=3602"}],"version-history":[{"count":0,"href":"https:\/\/alegria-activity.com\/fr\/wp-json\/wp\/v2\/pages\/3602\/revisions"}],"wp:attachment":[{"href":"https:\/\/alegria-activity.com\/fr\/wp-json\/wp\/v2\/media?parent=3602"}],"curies":[{"name":"wp","href":"https:\/\/api.w.org\/{rel}","templated":true}]}}