{"id":3601,"date":"2019-03-26T09:31:09","date_gmt":"2019-03-26T08:31:09","guid":{"rendered":"https:\/\/alegria-activity.com\/?page_id=3601"},"modified":"2019-03-26T16:21:05","modified_gmt":"2019-03-26T15:21:05","slug":"avis-legal","status":"publish","type":"page","link":"https:\/\/alegria-activity.com\/fr\/avis-legal\/","title":{"rendered":"Avis l\u00e9gal"},"content":{"rendered":"<div class=\"fusion-fullwidth fullwidth-box fusion-builder-row-1 content-interior nonhundred-percent-fullwidth non-hundred-percent-height-scrolling\"  style='background-color: rgba(255,255,255,0);background-position: center center;background-repeat: no-repeat;padding-top:0px;padding-right:0px;padding-bottom:0px;padding-left:0px;'><div class=\"fusion-builder-row fusion-row \"><div  class=\"fusion-layout-column fusion_builder_column fusion_builder_column_1_6 fusion-builder-column-1 fusion-one-sixth fusion-column-first 1_6\"  style='margin-top:0px;margin-bottom:20px;width:16.66%;width:calc(16.66% - ( ( 4% + 4% ) * 0.1666 ) );margin-right: 4%;'>\n\t\t\t\t\t<div class=\"fusion-column-wrapper\" style=\"padding: 0px 0px 0px 0px;background-position:left top;background-repeat:no-repeat;-webkit-background-size:cover;-moz-background-size:cover;-o-background-size:cover;background-size:cover;\"   data-bg-url=\"\">\n\t\t\t\t\t\t<div class=\"fusion-clearfix\"><\/div>\n\n\t\t\t\t\t<\/div>\n\t\t\t\t<\/div><div  class=\"fusion-layout-column fusion_builder_column fusion_builder_column_2_3 fusion-builder-column-2 fusion-two-third 2_3\"  style='margin-top:0px;margin-bottom:20px;width:66.66%;width:calc(66.66% - ( ( 4% + 4% ) * 0.6666 ) );margin-right: 4%;'>\n\t\t\t\t\t<div class=\"fusion-column-wrapper\" style=\"padding: 0px 0px 0px 0px;background-position:left top;background-repeat:no-repeat;-webkit-background-size:cover;-moz-background-size:cover;-o-background-size:cover;background-size:cover;\"   data-bg-url=\"\">\n\t\t\t\t\t\t<div class=\"fusion-text\"><p>Cette notice l\u00e9gale (ci-apr\u00e8s, la &#8220;Notice l\u00e9gale&#8221;) r\u00e9git l&#8217;utilisation du service de portail Internet https:\/\/alegria-activity.com (ci-apr\u00e8s, le &#8220;Site Web&#8221;) de ALEGRIA ACTIVITY SL (ci-apr\u00e8s, &#8221; activit\u00e9 alegria &#8220;) ayant son si\u00e8ge social \u00e0 CALLE LANDALUZEA (POL JUNDIZ) 24, VITORIA-GASTEIZ, 01015, ALAVA avec CIF B01286442.<\/p>\n<hr class=\"separacion-doble\" \/>\n<h2 class=\"entry-title\">Contenu et utilisation<\/h2>\n<p>L&#8217;utilisateur est inform\u00e9 et accepte que l&#8217;acc\u00e8s \u00e0 ce site Web n&#8217;implique en aucune mani\u00e8re le d\u00e9but d&#8217;une relation commerciale avec une joie de vivre. Le contenu et les informations ne renvoient pas \u00e0 l&#8217;activit\u00e9 joy, ni ne constituent des avis, des conseils ou des avis de nature juridique, car il ne s&#8217;agit que d&#8217;un service offert \u00e0 caract\u00e8re informatif et informatif. Le propri\u00e9taire du site Web ne s&#8217;identifie pas aux opinions exprim\u00e9es par ses collaborateurs. La Soci\u00e9t\u00e9 se r\u00e9serve le droit de proc\u00e9der sans pr\u00e9avis aux modifications qu\u2019elle jugera appropri\u00e9es sur son site Web, pouvant modifier, supprimer ou ajouter \u00e0 la fois le contenu et les services fournis par son interm\u00e9diaire, ainsi que la mani\u00e8re dont ils apparaissent pr\u00e9sent\u00e9s ou localis\u00e9s. sur leurs serveurs.<\/p>\n<p>Le site Web https:\/\/alegria-activity.com n&#8217;utilise pas ses propres cookies. Dans tous les cas, l&#8217;utilisateur a la possibilit\u00e9 de configurer le navigateur de mani\u00e8re \u00e0 emp\u00eacher l&#8217;installation de ces fichiers. La page Web de l&#8217;activit\u00e9 alegria peut contenir des liens (liens) vers d&#8217;autres pages de tiers que Joy Activity ne peut pas contr\u00f4ler. Par cons\u00e9quent, l&#8217;activit\u00e9 d&#8217;Alegria ne peut \u00eatre tenue responsable du contenu pouvant appara\u00eetre sur les pages de tiers. La pr\u00e9sence de liens (liens) dans les pages Web d&#8217;activit\u00e9 d&#8217;Alegria est purement informative et ne suppose en aucun cas une suggestion, une invitation ou une recommandation \u00e0 leur sujet.<\/p>\n<p>Les textes, images, sons, animations, logiciels et le reste du contenu de ce site Internet sont la propri\u00e9t\u00e9 exclusive de l&#8217;activit\u00e9 ou de ses conc\u00e9dants de licence. Tout acte de transmission, distribution, cession, reproduction, stockage ou communication publique totale ou partielle doit avoir le consentement expr\u00e8s de celui-ci. Dans tous les cas, l&#8217;activit\u00e9 joy, ne peut assumer aucune responsabilit\u00e9 d\u00e9coulant de l&#8217;utilisation incorrecte, inappropri\u00e9e ou ill\u00e9gale des informations figurant sur son site web, dans ce sens et dans les limites pr\u00e9vues par la loi, l&#8217;activit\u00e9 d&#8217;Alegria n&#8217;assume aucune responsabilit\u00e9 d\u00e9coulant de le manque de v\u00e9racit\u00e9, d&#8217;int\u00e9grit\u00e9, de mise \u00e0 jour et d&#8217;exactitude des donn\u00e9es ou informations contenues dans ses pages Internet.<\/p>\n<p>De m\u00eame, pour acc\u00e9der \u00e0 certains des services propos\u00e9s par Alegria Activity sur le site Web, vous devez fournir des informations personnelles. Conform\u00e9ment aux dispositions du r\u00e8glement (UE) 2016\/679 du Parlement europ\u00e9en et du Conseil du 27 avril 2016 concernant la protection des personnes physiques en ce qui concerne le traitement des donn\u00e9es \u00e0 caract\u00e8re personnel et la libre circulation des donn\u00e9es \u00e0 caract\u00e8re personnel. nous vous informons qu&#8217;en remplissant ces formulaires, vos donn\u00e9es personnelles seront int\u00e9gr\u00e9es et trait\u00e9es dans les fichiers de contenu d&#8217;activit\u00e9 afin de pouvoir fournir et proposer nos services ainsi que pour vous informer des am\u00e9liorations apport\u00e9es au site.<\/p>\n<\/div><div class=\"fusion-clearfix\"><\/div>\n\n\t\t\t\t\t<\/div>\n\t\t\t\t<\/div><div  class=\"fusion-layout-column fusion_builder_column fusion_builder_column_1_6 fusion-builder-column-3 fusion-one-sixth fusion-column-last 1_6\"  style='margin-top:0px;margin-bottom:20px;width:16.66%;width:calc(16.66% - ( ( 4% + 4% ) * 0.1666 ) );'>\n\t\t\t\t\t<div class=\"fusion-column-wrapper\" style=\"padding: 0px 0px 0px 0px;background-position:left top;background-repeat:no-repeat;-webkit-background-size:cover;-moz-background-size:cover;-o-background-size:cover;background-size:cover;\"   data-bg-url=\"\">\n\t\t\t\t\t\t<div class=\"fusion-clearfix\"><\/div>\n\n\t\t\t\t\t<\/div>\n\t\t\t\t<\/div><\/div><\/div>\n","protected":false},"excerpt":{"rendered":"","protected":false},"author":2,"featured_media":0,"parent":0,"menu_order":0,"comment_status":"closed","ping_status":"closed","template":"","meta":{"footnotes":""},"class_list":["post-3601","page","type-page","status-publish","hentry"],"aioseo_notices":[],"_links":{"self":[{"href":"https:\/\/alegria-activity.com\/fr\/wp-json\/wp\/v2\/pages\/3601","targetHints":{"allow":["GET"]}}],"collection":[{"href":"https:\/\/alegria-activity.com\/fr\/wp-json\/wp\/v2\/pages"}],"about":[{"href":"https:\/\/alegria-activity.com\/fr\/wp-json\/wp\/v2\/types\/page"}],"author":[{"embeddable":true,"href":"https:\/\/alegria-activity.com\/fr\/wp-json\/wp\/v2\/users\/2"}],"replies":[{"embeddable":true,"href":"https:\/\/alegria-activity.com\/fr\/wp-json\/wp\/v2\/comments?post=3601"}],"version-history":[{"count":0,"href":"https:\/\/alegria-activity.com\/fr\/wp-json\/wp\/v2\/pages\/3601\/revisions"}],"wp:attachment":[{"href":"https:\/\/alegria-activity.com\/fr\/wp-json\/wp\/v2\/media?parent=3601"}],"curies":[{"name":"wp","href":"https:\/\/api.w.org\/{rel}","templated":true}]}}