{"id":3600,"date":"2019-03-26T09:30:40","date_gmt":"2019-03-26T08:30:40","guid":{"rendered":"https:\/\/alegria-activity.com\/?page_id=3600"},"modified":"2019-03-26T17:01:30","modified_gmt":"2019-03-26T16:01:30","slug":"politique-de-confidentialite","status":"publish","type":"page","link":"https:\/\/alegria-activity.com\/fr\/politique-de-confidentialite\/","title":{"rendered":"Politique de confidentialit\u00e9"},"content":{"rendered":"<div class=\"fusion-fullwidth fullwidth-box fusion-builder-row-1 content-interior nonhundred-percent-fullwidth non-hundred-percent-height-scrolling\"  style='background-color: rgba(255,255,255,0);background-position: center center;background-repeat: no-repeat;padding-top:0px;padding-right:0px;padding-bottom:0px;padding-left:0px;'><div class=\"fusion-builder-row fusion-row \"><div  class=\"fusion-layout-column fusion_builder_column fusion_builder_column_1_6 fusion-builder-column-1 fusion-one-sixth fusion-column-first 1_6\"  style='margin-top:0px;margin-bottom:20px;width:16.66%;width:calc(16.66% - ( ( 4% + 4% ) * 0.1666 ) );margin-right: 4%;'>\n\t\t\t\t\t<div class=\"fusion-column-wrapper\" style=\"padding: 0px 0px 0px 0px;background-position:left top;background-repeat:no-repeat;-webkit-background-size:cover;-moz-background-size:cover;-o-background-size:cover;background-size:cover;\"   data-bg-url=\"\">\n\t\t\t\t\t\t<div class=\"fusion-clearfix\"><\/div>\n\n\t\t\t\t\t<\/div>\n\t\t\t\t<\/div><div  class=\"fusion-layout-column fusion_builder_column fusion_builder_column_2_3 fusion-builder-column-2 fusion-two-third 2_3\"  style='margin-top:0px;margin-bottom:20px;width:66.66%;width:calc(66.66% - ( ( 4% + 4% ) * 0.6666 ) );margin-right: 4%;'>\n\t\t\t\t\t<div class=\"fusion-column-wrapper\" style=\"padding: 0px 0px 0px 0px;background-position:left top;background-repeat:no-repeat;-webkit-background-size:cover;-moz-background-size:cover;-o-background-size:cover;background-size:cover;\"   data-bg-url=\"\">\n\t\t\t\t\t\t<div class=\"fusion-text\"><h2 class=\"entry-title\">Protection des donn\u00e9es personnelles selon la LOPD<\/h2>\n<p>En application de la r\u00e9glementation en vigueur sur la protection des donn\u00e9es personnelles, <strong>Alegria activity<\/strong>, SL informe que les donn\u00e9es personnelles recueillies via les formulaires du site Web: http \/\/ www.alegria-activity.com, ils incluent dans les fichiers automatis\u00e9s sp\u00e9cifiques des utilisateurs des services de joie d&#8217;activit\u00e9..<\/p>\n<p>La collecte et le traitement automatis\u00e9 de donn\u00e9es \u00e0 caract\u00e8re personnel sont destin\u00e9s \u00e0 maintenir la relation commerciale et l&#8217;ex\u00e9cution de t\u00e2ches d&#8217;information, de formation, de conseil et autres activit\u00e9s d&#8217;activit\u00e9 gais.<\/p>\n<p>Ces donn\u00e9es ne seront transf\u00e9r\u00e9es aux entit\u00e9s qui sont n\u00e9cessaires que dans le seul but de remplir l&#8217;objectif \u00e9nonc\u00e9 ci-dessus.<\/p>\n<p>L&#8217;activit\u00e9 d&#8217;Alegria adopte les mesures n\u00e9cessaires pour assurer la s\u00e9curit\u00e9, l&#8217;int\u00e9grit\u00e9 et la confidentialit\u00e9 des donn\u00e9es conform\u00e9ment aux dispositions du r\u00e8glement (UE) 2016\/679 du Parlement europ\u00e9en et du Conseil du 27 avril 2016 sur la protection des particuliers en ce qui concerne le traitement des donn\u00e9es \u00e0 caract\u00e8re personnel et leur libre circulation.<\/p>\n<p>L&#8217;utilisateur peut \u00e0 tout moment exercer les droits d&#8217;acc\u00e8s, de rectification, d&#8217;annulation, d&#8217;opposition, d&#8217;oubli et de portabilit\u00e9 reconnus dans ledit r\u00e8glement (UE).<\/p>\n<p>L\u2019exercice de ces droits peut \u00eatre effectu\u00e9 par l\u2019utilisateur par courrier \u00e9lectronique \u00e0 l&#8217;adresse suivante: lopd@alegria-activity.com ou \u00e0 l&#8217;adresse postale: ALEGRIA ACTIVITY, SL (d\u00e9l\u00e9gu\u00e9e \u00e0 la protection des donn\u00e9es), Calle Landaluzea, 24 (01015) de Vitoria-Gasteiz (\u00c1lava)<\/p>\n<p>L&#8217;utilisateur d\u00e9clare que toutes les donn\u00e9es fournies par lui sont vraies et correctes, et accepte de les maintenir \u00e0 jour, en communiquant les modifications apport\u00e9es \u00e0 l&#8217;activit\u00e9 joy.<\/p>\n<h3 class=\"title-heading-left\">But du traitement des donn\u00e9es personnelles:<\/h3>\n<p><strong>Dans quel but traitons-nous vos donn\u00e9es personnelles?<\/strong><\/p>\n<ol>\n<li>Pour pouvoir g\u00e9rer notre relation contractuelle.<\/li>\n<li>Pour pouvoir envoyer les informations demand\u00e9es via les formulaires Web.<\/li>\n<li>Pouvoir envoyer des bulletins (newsletters), des communications commerciales et \/ ou de la publicit\u00e9.<\/li>\n<\/ol>\n<p>Dans tous les cas, vous pouvez vous opposer \u00e0 l&#8217;envoi de communications commerciales par tout moyen et \u00e0 tout moment, en envoyant un courrier \u00e9lectronique \u00e0 l&#8217;adresse \u00e9lectronique suivante: lopd@alegria-activity.com, ou \u00e0 l&#8217;adresse postale: ALEGRIA ACTIVITY, SL (D\u00e9l\u00e9gu\u00e9 du Protection des donn\u00e9es), Calle Landaluzea, 24 (01015) de Vitoria-Gasteiz (\u00c1lava).<\/p>\n<p><strong>Combien de temps les donn\u00e9es collect\u00e9es sont-elles conserv\u00e9es?<\/strong><\/p>\n<p>Les donn\u00e9es personnelles fournies seront conserv\u00e9es aussi longtemps que la relation commerciale sera maintenue et pendant la p\u00e9riode au cours de laquelle des responsabilit\u00e9s juridiques pourraient na\u00eetre pour les services rendus.<\/p>\n<h3 class=\"title-heading-left\">L\u00e9gitimation:<\/h3>\n<p>Le traitement de vos donn\u00e9es se fait avec les bases l\u00e9gales suivantes qui le l\u00e9gitiment:<\/p>\n<ol>\n<li>La demande d&#8217;informations et \/ ou la location de services d&#8217;activit\u00e9 joie, dont les termes et conditions seront mis \u00e0 votre disposition dans tous les cas, avant toute location \u00e9ventuelle.<\/li>\n<li>Consentement libre, sp\u00e9cifique, \u00e9clair\u00e9 et sans ambigu\u00eft\u00e9, dans la mesure o\u00f9 nous vous informons de la pr\u00e9sente politique de confidentialit\u00e9, qui, apr\u00e8s l&#8217;avoir lue, peut accepter, par le biais d&#8217;une d\u00e9claration ou d&#8217;une action affirmative claire, comme le marquage d&#8217;une bo\u00eete pr\u00e9vue \u00e0 cet effet.<\/li>\n<\/ol>\n<p>Si vous ne nous fournissez pas vos informations ou si vous ne le faites pas de mani\u00e8re erron\u00e9e ou incompl\u00e8te, nous ne pourrons pas r\u00e9pondre \u00e0 votre demande, car il est impossible de fournir les informations demand\u00e9es ou de proc\u00e9der \u00e0 la sous-traitance des services.<\/p>\n<h3 class=\"title-heading-left\">Destinataires:<\/h3>\n<p>Les donn\u00e9es ne seront pas communiqu\u00e9es \u00e0 des tiers autres que l&#8217;activit\u00e9 joie, sauf obligation l\u00e9gale.<\/p>\n<p>Vous pouvez consulter la politique de confidentialit\u00e9 et les autres aspects juridiques de la soci\u00e9t\u00e9 dans le lien qui appara\u00eet sur la m\u00eame page.<\/p>\n<h3 class=\"title-heading-left\">Donn\u00e9es collect\u00e9es par les utilisateurs des services<\/h3>\n<p>Dans les cas o\u00f9 l&#8217;utilisateur inclut des fichiers avec des donn\u00e9es personnelles sur les serveurs d&#8217;h\u00e9bergement partag\u00e9s, l&#8217;activit\u00e9 d&#8217;Alegria n&#8217;est pas responsable de la violation par l&#8217;utilisateur de la RGPD.<\/p>\n<h3 class=\"title-heading-left\">Conservation des donn\u00e9es conform\u00e9ment \u00e0 la LSSI<\/h3>\n<p>Alegria activit\u00e9 informe qu\u2019en tant que fournisseur de service d\u2019h\u00e9bergement de donn\u00e9es et en vertu des dispositions de la loi 34\/2002 du 11 juillet sur les services de la soci\u00e9t\u00e9 de l\u2019information et du commerce \u00e9lectronique (LSSI), elle conserve pendant un certain temps maximum de 12 mois les informations essentielles pour identifier l\u2019origine des donn\u00e9es h\u00e9berg\u00e9es et l\u2019heure \u00e0 laquelle la fourniture du service a commenc\u00e9. La conservation de ces donn\u00e9es n&#8217;affecte pas le secret des communications et ne peut \u00eatre utilis\u00e9e que dans le cadre d&#8217;une enqu\u00eate p\u00e9nale ou pour la protection de la s\u00e9curit\u00e9 publique, en se mettant \u00e0 la disposition des juges et \/ ou des tribunaux ou du minist\u00e8re qui l&#8217;exige.<\/p>\n<p>La communication des donn\u00e9es aux forces et aux organes de l&#8217;\u00c9tat se fera conform\u00e9ment aux dispositions du r\u00e8glement sur la protection des donn\u00e9es \u00e0 caract\u00e8re personnel.<\/p>\n<h3 class=\"title-heading-left\">Propri\u00e9t\u00e9 intellectuelle du logiciel<\/h3>\n<p>L&#8217;utilisateur doit respecter les programmes tiers mis \u00e0 sa disposition par activit\u00e9, m\u00eame s&#8217;ils sont gratuits et \/ ou accessibles au public.<\/p>\n<p>L&#8217;utilisateur n&#8217;acquiert aucun droit ni licence pour le service contract\u00e9, sur le logiciel n\u00e9cessaire \u00e0 la fourniture du service, ni sur les informations techniques permettant de surveiller le service, \u00e0 l&#8217;exception des droits et licences n\u00e9cessaires \u00e0 l&#8217;ex\u00e9cution des services contract\u00e9s et seulement pendant leur dur\u00e9e.<\/p>\n<p>Pour toute action allant au-del\u00e0 de l&#8217;ex\u00e9cution du contrat, l&#8217;utilisateur aura besoin d&#8217;une autorisation \u00e9crite de la part d&#8217;une activit\u00e9 alegria. Il lui sera interdit d&#8217;acc\u00e9der, de modifier, de visualiser la configuration, la structure et les fichiers des serveurs qu&#8217;il poss\u00e8de, assumant ainsi sa responsabilit\u00e9 civile et p\u00e9nale. d\u00e9rive de tout incident pouvant survenir dans les serveurs et les syst\u00e8mes de s\u00e9curit\u00e9 du fait d\u2019une action n\u00e9gligente ou malveillante de leur part.<\/p>\n<h3 class=\"title-heading-left\">Propri\u00e9t\u00e9 intellectuelle du contenu h\u00e9berg\u00e9.<\/h3>\n<p>L&#8217;utilisation contraire \u00e0 la l\u00e9gislation sur la propri\u00e9t\u00e9 intellectuelle des services fournis par activit\u00e9 joy et, en particulier, de:<\/p>\n<ul class=\"list-normal\">\n<li>L&#8217;utilisation qui est contraire aux lois espagnoles ou qui enfreint les droits des tiers.<\/li>\n<li>La publication ou la transmission de tout contenu qui, de l\u2019avis de l&#8217;activit\u00e9, est violent, obsc\u00e8ne, abusif, ill\u00e9gal, racial, x\u00e9nophobe ou diffamatoire.<\/li>\n<li>Les fissures, les num\u00e9ros de s\u00e9rie des programmes ou tout autre contenu violant les droits de propri\u00e9t\u00e9 intellectuelle de tiers.<\/li>\n<li>La collecte et \/ ou l&#8217;utilisation de donn\u00e9es \u00e0 caract\u00e8re personnel d&#8217;autres utilisateurs sans leur consentement explicite ou en violation des dispositions du r\u00e8glement (UE) 2016\/679 du Parlement europ\u00e9en et du Conseil du 27 avril 2016 concernant la protection des personnes physiques en ce qui concerne le traitement des donn\u00e9es personnelles et leur libre circulation.<\/li>\n<li>Utilisation du serveur de messagerie du domaine et des adresses \u00e9lectroniques pour l\u2019envoi de courrier de masse ind\u00e9sirable.<\/li>\n<\/ul>\n<p>L&#8217;utilisateur assume l&#8217;enti\u00e8re responsabilit\u00e9 du contenu de son site Web, des informations transmises et stock\u00e9es, des liens hypertextes, des r\u00e9clamations de tiers et des poursuites judiciaires en mati\u00e8re de propri\u00e9t\u00e9 intellectuelle, de droits des tiers et de protection des mineurs.<\/p>\n<p>L&#8217;utilisateur est responsable des lois et r\u00e8glements en vigueur et des r\u00e8gles relatives au fonctionnement du service en ligne, au commerce \u00e9lectronique, au droit d&#8217;auteur, au maintien de l&#8217;ordre public ainsi qu&#8217;aux principes universels d&#8217;utilisation d&#8217;Internet.<\/p>\n<p>L&#8217;utilisateur indemnisera joyeusement l&#8217;activit\u00e9 pour les frais g\u00e9n\u00e9r\u00e9s par son imputation pour toute cause dont la responsabilit\u00e9 serait imputable \u00e0 l&#8217;utilisateur, y compris les honoraires et frais de d\u00e9fense juridique, m\u00eame dans le cas d&#8217;une d\u00e9cision judiciaire non d\u00e9finitive.<\/p>\n<h3 class=\"title-heading-left\">Protection de l&#8217;information h\u00e9berg\u00e9e<\/h3>\n<p>Alegria Activity effectue des copies de sauvegarde du contenu h\u00e9berg\u00e9 sur ses serveurs, mais n&#8217;est pas responsable de la perte ou de la suppression accidentelle de donn\u00e9es par les utilisateurs.<\/p>\n<p>De m\u00eame, cela ne garantit pas le remplacement total des donn\u00e9es supprim\u00e9es par les utilisateurs, car les donn\u00e9es susmentionn\u00e9es pourraient avoir \u00e9t\u00e9 supprim\u00e9es et \/ ou modifi\u00e9es au cours de la p\u00e9riode \u00e9coul\u00e9e depuis la derni\u00e8re sauvegarde.<\/p>\n<p>Les services propos\u00e9s, \u00e0 l&#8217;exception des services de sauvegarde sp\u00e9cifiques, n&#8217;incluent pas le remplacement du contenu conserv\u00e9 dans les copies de s\u00e9curit\u00e9 r\u00e9alis\u00e9es par joy joy, lorsque cette perte est imputable \u00e0 l&#8217;utilisateur; dans ce cas, un taux sera d\u00e9termin\u00e9 en fonction de la complexit\u00e9 et du volume de la r\u00e9cup\u00e9ration, toujours apr\u00e8s acceptation de l&#8217;utilisateur.<\/p>\n<h3 class=\"title-heading-left\">Communications commerciales<\/h3>\n<p>En application de la LSSI, l&#8217;activit\u00e9 d&#8217;Alegria n&#8217;enverra pas de publicit\u00e9 ni de communication promotionnelle par courrier \u00e9lectronique ou par tout autre moyen de communication \u00e9lectronique \u00e9quivalent auparavant non autoris\u00e9e ou express\u00e9ment autoris\u00e9e par les destinataires de celle-ci.<\/p>\n<p>Dans le cas d&#8217;utilisateurs avec lesquels il existe une relation contractuelle ant\u00e9rieure, l&#8217;activit\u00e9 d&#8217;Alegria est autoris\u00e9e \u00e0 envoyer des communications commerciales concernant ses produits ou services ou similaires \u00e0 celles qui faisaient initialement l&#8217;objet d&#8217;un contrat avec le client.<\/p>\n<p>En tout \u00e9tat de cause, l&#8217;utilisateur, apr\u00e8s avoir prouv\u00e9 son identit\u00e9, peut demander qu&#8217;aucune autre information commerciale ne lui soit transmise par les voies pr\u00e9vues \u00e0 l&#8217;exercice des droits ARCO.<\/p>\n<\/div><div class=\"fusion-clearfix\"><\/div>\n\n\t\t\t\t\t<\/div>\n\t\t\t\t<\/div><div  class=\"fusion-layout-column fusion_builder_column fusion_builder_column_1_6 fusion-builder-column-3 fusion-one-sixth fusion-column-last 1_6\"  style='margin-top:0px;margin-bottom:20px;width:16.66%;width:calc(16.66% - ( ( 4% + 4% ) * 0.1666 ) );'>\n\t\t\t\t\t<div class=\"fusion-column-wrapper\" style=\"padding: 0px 0px 0px 0px;background-position:left top;background-repeat:no-repeat;-webkit-background-size:cover;-moz-background-size:cover;-o-background-size:cover;background-size:cover;\"   data-bg-url=\"\">\n\t\t\t\t\t\t<div class=\"fusion-clearfix\"><\/div>\n\n\t\t\t\t\t<\/div>\n\t\t\t\t<\/div><\/div><\/div>\n","protected":false},"excerpt":{"rendered":"","protected":false},"author":2,"featured_media":0,"parent":0,"menu_order":0,"comment_status":"closed","ping_status":"closed","template":"","meta":{"footnotes":""},"class_list":["post-3600","page","type-page","status-publish","hentry"],"aioseo_notices":[],"_links":{"self":[{"href":"https:\/\/alegria-activity.com\/fr\/wp-json\/wp\/v2\/pages\/3600","targetHints":{"allow":["GET"]}}],"collection":[{"href":"https:\/\/alegria-activity.com\/fr\/wp-json\/wp\/v2\/pages"}],"about":[{"href":"https:\/\/alegria-activity.com\/fr\/wp-json\/wp\/v2\/types\/page"}],"author":[{"embeddable":true,"href":"https:\/\/alegria-activity.com\/fr\/wp-json\/wp\/v2\/users\/2"}],"replies":[{"embeddable":true,"href":"https:\/\/alegria-activity.com\/fr\/wp-json\/wp\/v2\/comments?post=3600"}],"version-history":[{"count":0,"href":"https:\/\/alegria-activity.com\/fr\/wp-json\/wp\/v2\/pages\/3600\/revisions"}],"wp:attachment":[{"href":"https:\/\/alegria-activity.com\/fr\/wp-json\/wp\/v2\/media?parent=3600"}],"curies":[{"name":"wp","href":"https:\/\/api.w.org\/{rel}","templated":true}]}}