{"id":3599,"date":"2019-03-26T09:29:57","date_gmt":"2019-03-26T08:29:57","guid":{"rendered":"https:\/\/alegria-activity.com\/?page_id=3599"},"modified":"2019-03-26T16:18:16","modified_gmt":"2019-03-26T15:18:16","slug":"politique-de-cookies","status":"publish","type":"page","link":"https:\/\/alegria-activity.com\/fr\/politique-de-cookies\/","title":{"rendered":"Politique de cookies"},"content":{"rendered":"<div class=\"fusion-fullwidth fullwidth-box fusion-builder-row-1 content-interior nonhundred-percent-fullwidth non-hundred-percent-height-scrolling\"  style='background-color: rgba(255,255,255,0);background-position: center center;background-repeat: no-repeat;padding-top:0px;padding-right:0px;padding-bottom:0px;padding-left:0px;'><div class=\"fusion-builder-row fusion-row \"><div  class=\"fusion-layout-column fusion_builder_column fusion_builder_column_1_6 fusion-builder-column-1 fusion-one-sixth fusion-column-first 1_6\"  style='margin-top:0px;margin-bottom:20px;width:16.66%;width:calc(16.66% - ( ( 4% + 4% ) * 0.1666 ) );margin-right: 4%;'>\n\t\t\t\t\t<div class=\"fusion-column-wrapper\" style=\"padding: 0px 0px 0px 0px;background-position:left top;background-repeat:no-repeat;-webkit-background-size:cover;-moz-background-size:cover;-o-background-size:cover;background-size:cover;\"   data-bg-url=\"\">\n\t\t\t\t\t\t<div class=\"fusion-clearfix\"><\/div>\n\n\t\t\t\t\t<\/div>\n\t\t\t\t<\/div><div  class=\"fusion-layout-column fusion_builder_column fusion_builder_column_2_3 fusion-builder-column-2 fusion-two-third 2_3\"  style='margin-top:0px;margin-bottom:20px;width:66.66%;width:calc(66.66% - ( ( 4% + 4% ) * 0.6666 ) );margin-right: 4%;'>\n\t\t\t\t\t<div class=\"fusion-column-wrapper\" style=\"padding: 0px 0px 0px 0px;background-position:left top;background-repeat:no-repeat;-webkit-background-size:cover;-moz-background-size:cover;-o-background-size:cover;background-size:cover;\"   data-bg-url=\"\">\n\t\t\t\t\t\t<div class=\"fusion-text\"><p><strong>Alegria Activity<\/strong> informe sur l&#8217;utilisation de cookies sur son site web: https:\/\/alegria-activity.com<\/p>\n<h3 class=\"title-heading-left\">Que sont les cookies?<\/h3>\n<p>Les cookies sont des fichiers qui peuvent \u00eatre t\u00e9l\u00e9charg\u00e9s sur votre ordinateur via des pages Web. Ce sont des outils qui jouent un r\u00f4le essentiel dans la fourniture de nombreux services de la soci\u00e9t\u00e9 de l&#8217;information. Entre autres, ils permettent \u00e0 un site Web de stocker et de r\u00e9cup\u00e9rer des informations sur les habitudes de navigation d&#8217;un utilisateur ou de son \u00e9quipe et, en fonction des informations obtenues, ils peuvent \u00eatre utilis\u00e9s pour reconna\u00eetre l&#8217;utilisateur et am\u00e9liorer le service offert.<\/p>\n<h3 class=\"title-heading-left\">Types de cookies<\/h3>\n<p>En fonction de l&#8217;entit\u00e9 qui g\u00e8re le domaine \u00e0 partir duquel les cookies sont envoy\u00e9s et traitent les donn\u00e9es obtenues, deux types peuvent \u00eatre distingu\u00e9s:<\/p>\n<ul class=\"list-normal\">\n<li><strong>Cookies propres<\/strong>: ceux qui sont envoy\u00e9s \u00e0 l&#8217;\u00e9quipement terminal de l&#8217;utilisateur \u00e0 partir d&#8217;un ordinateur ou d&#8217;un domaine g\u00e9r\u00e9 par l&#8217;\u00e9diteur lui-m\u00eame et \u00e0 partir duquel le service demand\u00e9 par l&#8217;utilisateur est fourni.<\/li>\n<li><strong>Cookies tiers<\/strong>: ceux qui sont envoy\u00e9s \u00e0 l&#8217;\u00e9quipement terminal de l&#8217;utilisateur \u00e0 partir d&#8217;un ordinateur ou d&#8217;un domaine qui n&#8217;est pas g\u00e9r\u00e9 par l&#8217;\u00e9diteur, mais par une autre entit\u00e9 qui traite les donn\u00e9es obtenues \u00e0 l&#8217;aide des cookies.<\/li>\n<\/ul>\n<p>Dans le cas o\u00f9 des cookies sont install\u00e9s \u00e0 partir d&#8217;un ordinateur ou d&#8217;un domaine g\u00e9r\u00e9 par l&#8217;\u00e9diteur lui-m\u00eame mais que les informations collect\u00e9es via celui-ci sont g\u00e9r\u00e9es par un tiers, ils ne peuvent pas \u00eatre consid\u00e9r\u00e9s comme des cookies propres.<\/p>\n<p>Il existe \u00e9galement une seconde classification en fonction de la dur\u00e9e pendant laquelle ils restent stock\u00e9s dans le navigateur du client, qui peut \u00eatre:<\/p>\n<ul class=\"list-normal\">\n<li><strong>Cookies de session<\/strong>: con\u00e7us pour collecter et stocker des donn\u00e9es lorsque l&#8217;utilisateur acc\u00e8de \u00e0 une page Web. Ils sont g\u00e9n\u00e9ralement utilis\u00e9s pour stocker des informations qui ne concernent que la fourniture du service demand\u00e9 par l&#8217;utilisateur en une seule occasion (par exemple, une liste des produits achet\u00e9s)..<\/li>\n<li><strong>Cookies persistants<\/strong>: les donn\u00e9es sont toujours stock\u00e9es dans le terminal et peuvent \u00eatre consult\u00e9es et trait\u00e9es pendant une p\u00e9riode d\u00e9finie par la personne responsable du cookie, pouvant aller de quelques minutes \u00e0 plusieurs ann\u00e9es..<\/li>\n<\/ul>\n<p>Enfin, il existe une autre classification avec cinq types de cookies en fonction de la finalit\u00e9 pour laquelle les donn\u00e9es obtenues sont trait\u00e9es:<\/p>\n<ul class=\"list-normal\">\n<li><strong>Cookies techniques<\/strong>: ceux qui permettent \u00e0 l&#8217;utilisateur de naviguer dans une page Web, une plate-forme ou une application et d&#8217;utiliser les diff\u00e9rentes options ou services existants, tels que le contr\u00f4le du trafic et la communication de donn\u00e9es, l&#8217;identification de la session. , acc\u00e9dez aux \u00e9l\u00e9ments \u00e0 acc\u00e8s restreint, rappelez-vous des \u00e9l\u00e9ments qui constituent une commande, effectuez le processus d&#8217;achat d&#8217;une commande, faites la demande d&#8217;enregistrement ou de participation \u00e0 un \u00e9v\u00e9nement, utilisez des \u00e9l\u00e9ments de s\u00e9curit\u00e9 lors de la navigation, stockez le contenu pour la diffusion de vid\u00e9os ou sons ou partager du contenu via les r\u00e9seaux sociaux.<\/li>\n<li><strong>Cookies de personnalisation<\/strong>: ils permettent \u00e0 l&#8217;utilisateur d&#8217;acc\u00e9der au service avec certaines caract\u00e9ristiques g\u00e9n\u00e9rales pr\u00e9d\u00e9finies bas\u00e9es sur une s\u00e9rie de crit\u00e8res du terminal de l&#8217;utilisateur, tels que la langue, le type de navigateur par lequel l&#8217;utilisateur acc\u00e8de au service, la configuration r\u00e9gional \u00e0 partir duquel vous acc\u00e9dez au service, etc.<\/li>\n<li><strong>Cookies d&#8217;analyse<\/strong>: ils permettent \u00e0 leur responsable de surveiller et d&#8217;analyser le comportement des utilisateurs des sites Internet auxquels ils sont li\u00e9s. Les informations collect\u00e9es via ce type de cookies sont utilis\u00e9es pour mesurer l&#8217;activit\u00e9 des sites Web, des applications ou des plateformes et pour \u00e9laborer des profils de navigation des utilisateurs desdits sites, applications et plateformes, afin d&#8217;apporter des am\u00e9liorations dans les domaines suivants: fonction de l&#8217;analyse des donn\u00e9es d&#8217;utilisation faite par les utilisateurs du service.<\/li>\n<li><strong>Cookies publicitaires<\/strong>: permettent la gestion, de la mani\u00e8re la plus efficace possible, des espaces publicitaires.<\/li>\n<li><strong>Cookies de publicit\u00e9 comportementale<\/strong>: ils stockent des informations sur le comportement des utilisateurs, obtenues par l&#8217;observation continue de leurs habitudes de navigation, ce qui permet de d\u00e9velopper un profil sp\u00e9cifique pour afficher des publicit\u00e9s bas\u00e9es sur celui-ci.<\/li>\n<li><strong>Les cookies des r\u00e9seaux sociaux externes<\/strong>: ils sont utilis\u00e9s pour que les visiteurs puissent interagir avec le contenu de diff\u00e9rentes plateformes sociales (facebook, youtube, twitter, linkedIn, etc.) et qu&#8217;ils soient g\u00e9n\u00e9r\u00e9s uniquement pour les utilisateurs desdits r\u00e9seaux sociaux. Les conditions d&#8217;utilisation de ces cookies et les informations collect\u00e9es sont r\u00e9gies par la politique de confidentialit\u00e9 de la plateforme sociale correspondante.<\/li>\n<\/ul>\n<h3 class=\"title-heading-left\">D\u00e9sactivation et \u00e9limination des cookies<\/h3>\n<p>Vous avez la possibilit\u00e9 d&#8217;autoriser, de bloquer ou d&#8217;\u00e9liminer les cookies install\u00e9s sur votre ordinateur en configurant les options du navigateur install\u00e9es sur votre ordinateur. Lorsque vous d\u00e9sactivez les cookies, certains des services disponibles risquent de ne plus \u00eatre op\u00e9rationnels. La mani\u00e8re de d\u00e9sactiver les cookies est diff\u00e9rente pour chaque navigateur, mais cela peut g\u00e9n\u00e9ralement \u00eatre fait \u00e0 partir du menu Outils ou Options. Vous pouvez \u00e9galement consulter le menu Aide du navigateur o\u00f9 vous pouvez trouver des instructions. L&#8217;utilisateur peut \u00e0 tout moment choisir les cookies sur lesquels il souhaite travailler sur ce site.<\/p>\n<p>Vous pouvez autoriser, bloquer ou supprimer les cookies install\u00e9s sur votre ordinateur en configurant les options du navigateur install\u00e9es sur votre ordinateur:<\/p>\n<ul class=\"list-normal\">\n<li><strong>Microsoft Internet Explorer o Microsoft Edge<\/strong>:<br \/>\n<a href=\"http:\/\/windows.microsoft.com\/es-es\/windows-vista\/Block-or-allow-cookies\" target=\"_blank\" rel=\"noopener noreferrer\">http:\/\/windows.microsoft.com\/es-es\/windows-vista\/Block-or-allow-cookies<\/a><\/li>\n<li><strong>Mozilla Firefox<\/strong>: <a href=\"http:\/\/support.mozilla.org\/es\/kb\/impedir-que-los-sitios-web-guarden-sus-preferencia\" target=\"_blank\" rel=\"noopener noreferrer\">http:\/\/support.mozilla.org\/es\/kb\/impedir-que-los-sitios-web-guarden-sus-preferencia<\/a><\/li>\n<li><strong>Chrome<\/strong>: <a href=\"https:\/\/support.google.com\/accounts\/answer\/61416?hl=es\" target=\"_blank\" rel=\"noopener noreferrer\">https:\/\/support.google.com\/accounts\/answer\/61416?hl=es<\/a><\/li>\n<li><strong>Safari<\/strong>: <a href=\"http:\/\/safari.helpmax.net\/es\/privacidad-y-seguridad\/como-gestionar-las-cookies\/\" target=\"_blank\" rel=\"noopener noreferrer\">http:\/\/safari.helpmax.net\/es\/privacidad-y-seguridad\/como-gestionar-las-cookies\/<\/a><\/li>\n<li><strong>Opera<\/strong>: <a href=\"http:\/\/help.opera.com\/Linux\/10.60\/es-ES\/cookies.html\" target=\"_blank\" rel=\"noopener noreferrer\">http:\/\/help.opera.com\/Linux\/10.60\/es-ES\/cookies.html<\/a><\/li>\n<\/ul>\n<p>En outre, vous pouvez \u00e9galement g\u00e9rer le magasin de cookies dans votre navigateur \u00e0 l&#8217;aide d&#8217;outils tels que:<\/p>\n<ul class=\"list-normal\">\n<li><strong>Ghostery<\/strong>: <a href=\"http:\/\/www.ghostery.com\/\" target=\"_blank\" rel=\"noopener noreferrer\">www.ghostery.com\/<\/a><\/li>\n<li><strong>Your online choices<\/strong>: <a href=\"http:\/\/www.youronlinechoices.com\/es\/\" target=\"_blank\" rel=\"noopener noreferrer\">www.youronlinechoices.com\/es\/<\/a><\/li>\n<\/ul>\n<h3 class=\"title-heading-left\">Cookies utilis\u00e9s sur https:\/\/alegria-activity.com<\/h3>\n<p>Ensuite, les cookies utilis\u00e9s dans ce portail sont identifi\u00e9s, ainsi que leur typologie et leur fonction:<\/p>\n<table class=\"table-normal\">\n<thead>\n<tr>\n<th>Nombre<\/th>\n<th>Valor<\/th>\n<th>Caducidad<\/th>\n<th>Propias\/Terceros<\/th>\n<\/tr>\n<\/thead>\n<tbody>\n<tr>\n<td>1P_JAR<\/td>\n<td>2018-07-17-11<\/td>\n<td>2018-08-16T11:11:58.364Z<\/td>\n<td>Terceros<\/td>\n<\/tr>\n<tr>\n<td>CONSENT<\/td>\n<td>WP.26f4d3<\/td>\n<td>2038-01-01T00:00:00.364Z<\/td>\n<td>Terceros<\/td>\n<\/tr>\n<tr>\n<td>NID<\/td>\n<td>134=IOcThRv0hXtqE8NbzUhDZXA3yxqp4T2aFe17<br \/>\nb7cbxlMjoy64dpBu_Z37XSzSioh33weMAJSk5QQUCkrl<br \/>\na2fpx2gcUMoO-SWzsQ5FwOmEHcVFm_cKbORCBa1g7qAVMsPB<\/td>\n<td>2019-01-16T11:11:58.364Z<\/td>\n<td>Terceros<\/td>\n<\/tr>\n<tr>\n<td>_ga<\/td>\n<td>GA1.2.329993976.1531583017<\/td>\n<td>2020-07-16T14:51:19.000Z<\/td>\n<td>Propia<\/td>\n<\/tr>\n<tr>\n<td>_gid<\/td>\n<td>GA1.2.129374783.1531839079<\/td>\n<td>2018-07-18T14:51:19.000Z<\/td>\n<td>Propia<\/td>\n<\/tr>\n<tr>\n<td>viewed_cookie_policy<\/td>\n<td>yes<\/td>\n<td>2019-07-17T14:51:31.000Z<\/td>\n<td>Propia<\/td>\n<\/tr>\n<\/tbody>\n<\/table>\n<h3 class=\"title-heading-left\">Acceptation de la politique de cookies<\/h3>\n<p>https:\/\/alegria-activity.com suppose que vous acceptez l&#8217;utilisation de cookies. Cependant, il affiche des informations sur votre politique de cookies en bas ou en haut de n&#8217;importe quelle page du portail avec chaque connexion afin que vous en soyez inform\u00e9.<\/p>\n<p>Avec ces informations, il est possible de r\u00e9aliser les actions suivantes:<\/p>\n<ul class=\"list-normal\">\n<li>Accepter les cookies Cet avertissement ne sera plus affich\u00e9 lors de l&#8217;acc\u00e8s \u00e0 une page de portail au cours de cette session.<\/li>\n<li>Fermer. L&#8217;avis est cach\u00e9 sur cette page.<\/li>\n<li>Modifier votre configuration Vous pouvez obtenir plus d&#8217;informations sur les cookies, conna\u00eetre la politique de cookies de https:\/\/alegria-activity.com et modifier la configuration de votre navigateur.<\/li>\n<\/ul>\n<\/div><div class=\"fusion-clearfix\"><\/div>\n\n\t\t\t\t\t<\/div>\n\t\t\t\t<\/div><div  class=\"fusion-layout-column fusion_builder_column fusion_builder_column_1_6 fusion-builder-column-3 fusion-one-sixth fusion-column-last 1_6\"  style='margin-top:0px;margin-bottom:20px;width:16.66%;width:calc(16.66% - ( ( 4% + 4% ) * 0.1666 ) );'>\n\t\t\t\t\t<div class=\"fusion-column-wrapper\" style=\"padding: 0px 0px 0px 0px;background-position:left top;background-repeat:no-repeat;-webkit-background-size:cover;-moz-background-size:cover;-o-background-size:cover;background-size:cover;\"   data-bg-url=\"\">\n\t\t\t\t\t\t<div class=\"fusion-clearfix\"><\/div>\n\n\t\t\t\t\t<\/div>\n\t\t\t\t<\/div><\/div><\/div>\n","protected":false},"excerpt":{"rendered":"","protected":false},"author":2,"featured_media":0,"parent":0,"menu_order":0,"comment_status":"closed","ping_status":"closed","template":"","meta":{"footnotes":""},"class_list":["post-3599","page","type-page","status-publish","hentry"],"aioseo_notices":[],"_links":{"self":[{"href":"https:\/\/alegria-activity.com\/fr\/wp-json\/wp\/v2\/pages\/3599","targetHints":{"allow":["GET"]}}],"collection":[{"href":"https:\/\/alegria-activity.com\/fr\/wp-json\/wp\/v2\/pages"}],"about":[{"href":"https:\/\/alegria-activity.com\/fr\/wp-json\/wp\/v2\/types\/page"}],"author":[{"embeddable":true,"href":"https:\/\/alegria-activity.com\/fr\/wp-json\/wp\/v2\/users\/2"}],"replies":[{"embeddable":true,"href":"https:\/\/alegria-activity.com\/fr\/wp-json\/wp\/v2\/comments?post=3599"}],"version-history":[{"count":0,"href":"https:\/\/alegria-activity.com\/fr\/wp-json\/wp\/v2\/pages\/3599\/revisions"}],"wp:attachment":[{"href":"https:\/\/alegria-activity.com\/fr\/wp-json\/wp\/v2\/media?parent=3599"}],"curies":[{"name":"wp","href":"https:\/\/api.w.org\/{rel}","templated":true}]}}