{"id":3529,"date":"2019-03-22T12:05:43","date_gmt":"2019-03-22T11:05:43","guid":{"rendered":"https:\/\/alegria-activity.com\/?page_id=3529"},"modified":"2020-01-16T10:30:20","modified_gmt":"2020-01-16T09:30:20","slug":"notre-savoir-faire","status":"publish","type":"page","link":"https:\/\/alegria-activity.com\/fr\/notre-savoir-faire\/","title":{"rendered":"notre savoir-faire"},"content":{"rendered":"<p><div class=\"fusion-fullwidth fullwidth-box fusion-builder-row-1 header-clh nonhundred-percent-fullwidth non-hundred-percent-height-scrolling\"  style='background-color: rgba(255,255,255,0);background-position: center center;background-repeat: no-repeat;padding-top:0px;padding-right:0px;padding-bottom:0px;padding-left:0px;'><div class=\"fusion-builder-row fusion-row \"><div  class=\"fusion-layout-column fusion_builder_column fusion_builder_column_1_1 fusion-builder-column-1 fusion-one-full fusion-column-first fusion-column-last header-clh--presentacion 1_1\"  style='margin-top:0px;margin-bottom:20px;'>\n\t\t\t\t\t<div class=\"fusion-column-wrapper\" style=\"padding: 0px 0px 0px 0px;background-position:left top;background-repeat:no-repeat;-webkit-background-size:cover;-moz-background-size:cover;-o-background-size:cover;background-size:cover;\"   data-bg-url=\"\">\n\t\t\t\t\t\t<article class=\"content-present content-present--angulo\">\n<div class=\"content-present--img\"><\/div>\n<div class=\"content-present--txt\">\n<h1>\u00bf<span class=\"destacado\">Notre<\/span><br><span class=\"linea-2\">savoir-faire <\/span>?<\/h1>\n<p>Depuis 1987, nous menons des campagnes de communication, p\u00e9dagogiques et de sensibilisation ... en Europe, en Am\u00e9rique latine et en Afrique du Nord, combinant cr\u00e9ativit\u00e9, design et technologies surprenantes pour cr\u00e9er des <strong>exp\u00e9riences uniques et inoubliables<\/strong>.<\/p>\n<p>Et, en plus, nous <strong>nous occupons de tout<\/strong>. Oui tout.<\/p>\n<hr class=\"separacion-simple\">\n<span class=\"content-present--bot\"><a href=\"#conten_secs\">Commencer<\/a><\/span>\n<\/div>\n<svg xmlns=\"http:\/\/www.w3.org\/2000\/svg\">\n<defs>\n<clipPath id=\"rectangle\" clipPathUnits=\"objectBoundingBox\">\n<polygon points=\"0 0.5,0 1,1 1,1 0\" \/>\n<\/clipPath>\n<\/defs>\n<\/svg>\n<\/article><div class=\"fusion-clearfix\"><\/div>\n\n\t\t\t\t\t<\/div>\n\t\t\t\t<\/div><\/div><\/div><div class=\"fusion-fullwidth fullwidth-box fusion-builder-row-2 content-interior nonhundred-percent-fullwidth non-hundred-percent-height-scrolling fusion-no-small-visibility fusion-no-medium-visibility\"  style='background-color: rgba(255,255,255,0);background-position: center center;background-repeat: no-repeat;padding-top:0px;padding-right:0px;padding-bottom:0px;padding-left:0px;margin-bottom: 0px;margin-top: 0px;'><div class=\"fusion-builder-row fusion-row \"><div  class=\"fusion-layout-column fusion_builder_column fusion_builder_column_1_1 fusion-builder-column-2 fusion-one-full fusion-column-first fusion-column-last 1_1\"  style='margin-top:0px;margin-bottom:20px;'>\n\t\t\t\t\t<div class=\"fusion-column-wrapper\" style=\"padding: 0px 0px 0px 0px;background-position:left top;background-repeat:no-repeat;-webkit-background-size:cover;-moz-background-size:cover;-o-background-size:cover;background-size:cover;\"   data-bg-url=\"\">\n\t\t\t\t\t\t<div id=\"conten_secs\">\n<div class=\"seccion\" id=\"s1\">\n<div class=\"izq\">\n<div class=\"c\">\n<span class=\"n\">01<\/span>\n<span class=\"clh\">\u00bf<span class=\"destacado\">Notre <\/span><br\/>\nsavoir-faire?<\/span>\n<h3 class=\"t\">Tu t'imagines\u2026?<\/h3>\n<hr class=\"separacion-clh-1\">\n<\/div>\n<p>Dites-nous ce dont vous avez besoin et nous vous trouverons la meilleure solution.<\/p>\n<p><strong>Tout est possible<\/strong><\/p>\n<div class=\"nube\">\n<ul>\n<li>Marketing exp\u00e9rientiel<\/li>\n<li>des campagnes de communication avec la mobilit\u00e9<\/li>\n<li>branding<\/li>\n<li>des solutions RSE<\/li>\n<li>Digital marketing<\/li>\n<li>relations publiques<\/li>\n<li>roadshows<\/li>\n<li>street marketing<\/li>\n<li>communication d'entreprise...<\/li>\n<\/ul>\n<\/div>\n<\/div>\n<div class=\"der\">\n<img class=\"lazyload\" decoding=\"async\" src=\"data:image\/gif;base64,R0lGODlhAQABAAAAACH5BAEKAAEALAAAAAABAAEAAAICTAEAOw==\" data-orig-src=\"\/wp-content\/uploads\/2020\/01\/clh-01-te-imaginas.jpg\"\/>\n<div class=\"v\">\n<iframe loading=\"lazy\" src=\"https:\/\/player.vimeo.com\/video\/290653910?title=0&byline=0&portrait=0\" width=\"560\" height=\"315\" frameborder=\"0\" allow=\"autoplay; fullscreen\" allowfullscreen><\/iframe>\n<img class=\"lazyload\" decoding=\"async\" src=\"data:image\/gif;base64,R0lGODlhAQABAAAAACH5BAEKAAEALAAAAAABAAEAAAICTAEAOw==\" data-orig-src=\"\/wp-content\/uploads\/2019\/02\/flechav.png\"\/>\n<span>Jetez un <br\/>coup d'oeil!<\/span>\n<\/div>\n<\/div>\n<\/div>\n\n<div class=\"seccion\" id=\"s2\">\n<div class=\"izq\">\n<img class=\"lazyload\" decoding=\"async\" src=\"data:image\/gif;base64,R0lGODlhAQABAAAAACH5BAEKAAEALAAAAAABAAEAAAICTAEAOw==\" data-orig-src=\"\/wp-content\/uploads\/2020\/01\/clh-02-nosotros-si.jpg\"\/>\n<div class=\"c\">\n<span class=\"n\" style=\"opacity:.2\">02<\/span>\n<span class=\"clh\">\u00bf<span class=\"destacado\">Notre <\/span><br\/>savoir-faire?<\/span>\n<h3 class=\"t\">Nous, oui...<\/h3>\n<hr class=\"separacion-clh-2\">\n<\/div>\n<\/div>\n<div class=\"der\">\n<p>Nous transformons une id\u00e9e en actions de communication et contenus tr\u00e9s cr\u00e9atifs pour g\u00e9n\u00e9rer des exp\u00e9riences inoubliables aupr\u00e9s du public.<\/p>\n<p>Nous choisissons les outils les plus appropri\u00e9s pour transmettre des messages et atteindre les objectifs escompt\u00e9s de mani\u00e8re efficace.<\/p>\n<div class=\"v\">\n<iframe loading=\"lazy\" src=\"https:\/\/player.vimeo.com\/video\/328611665?title=0&byline=0&portrait=0\" width=\"560\" height=\"315\" frameborder=\"0\" allow=\"autoplay; fullscreen\" allowfullscreen><\/iframe>\n<img class=\"lazyload\" decoding=\"async\" src=\"data:image\/gif;base64,R0lGODlhAQABAAAAACH5BAEKAAEALAAAAAABAAEAAAICTAEAOw==\" data-orig-src=\"\/wp-content\/uploads\/2019\/02\/flechav.png\"\/>\n<span>Jetez un <br\/>coup d'oeil!<\/span>\n<\/div>\n<div class=\"nube\">\n<ul>\n<li>Des ateliers de formation<\/li>\n<li>didactiques ou de sensibilisation<\/li>\n<li>des activit\u00e9s num\u00e9riques<\/li>\n<li>des jeux collaboratifs<\/li>\n<li>\u00e9v\u00e9nements<\/li>\n<li>Animations dans la rue<\/li>\n<li>contenus audiovisuels<\/li>\n<li>int\u00e9ractifs<\/li>\n<li>applications<\/li> \n<li>merchandising<\/li> \n<li>web et r\u00e9seaux sociaux<\/li>\n<\/ul>\n<\/div>\n<\/div>\n<\/div>\n\n<div class=\"seccion\" id=\"s3\">\n<div class=\"izq\">\n<div class=\"c\">\n<span class=\"n\">03<\/span>\n<span class=\"clh\">\u00bf<span class=\"destacado\">Notre <\/span><br\/>savoir-faire?<\/span>\n<h3 class=\"t\">Allons-y!<\/h3>\n<hr class=\"separacion-clh-3\">\n<\/div>\n<p><strong>Nous construisons<\/strong>  enti\u00e8rement chaque campagne de fa\u00e7on unique et originale. <\/p>\n<p>Nous concevons, produisons et fabriquons <strong>ad hoc<\/strong>, chacun des \u00e9l\u00e9ments d\u00b4une solution de communication d\u00e9termin\u00e9e  et vous l\u00b4offrons cl\u00e9 en main.<\/p>\n<div class=\"nube\">\n<ul>\n<li>Des espaces int\u00e9rieurs personnalis\u00e9s<\/li> \n<li>mobilier<\/li>\n<li>des productions audiovisuelles<\/li>\n<li>peinture et vinyls <\/li>\n<\/ul>\n<\/div>\n<\/div>\n<div class=\"der\">\n<img class=\"lazyload\" decoding=\"async\" src=\"data:image\/gif;base64,R0lGODlhAQABAAAAACH5BAEKAAEALAAAAAABAAEAAAICTAEAOw==\" data-orig-src=\"\/wp-content\/uploads\/2020\/01\/clh-03-manos-obra.jpg\"\/>\n<div class=\"v\">\n<span>Jetez un <br\/>coup d'oeil!<\/span>\n<img class=\"lazyload\" decoding=\"async\" src=\"data:image\/gif;base64,R0lGODlhAQABAAAAACH5BAEKAAEALAAAAAABAAEAAAICTAEAOw==\" data-orig-src=\"\/wp-content\/uploads\/2019\/02\/flechav.png\"\/>\n<iframe loading=\"lazy\" src=\"https:\/\/player.vimeo.com\/video\/329785195?title=0&byline=0&portrait=0\" width=\"560\" height=\"315\" frameborder=\"0\" allow=\"autoplay; fullscreen\" allowfullscreen><\/iframe>\n<\/div>\n<\/div>\n<\/div>\n\n<div class=\"seccion\" id=\"s4\">\n<div class=\"cen\">\n<img class=\"lazyload\" decoding=\"async\" src=\"data:image\/gif;base64,R0lGODlhAQABAAAAACH5BAEKAAEALAAAAAABAAEAAAICTAEAOw==\" data-orig-src=\"\/wp-content\/uploads\/2020\/01\/clh-04-arrancamos.jpg\"\/>\n<div class=\"c\">\n<span class=\"n\" style=\"opacity:.3\">04<\/span>\n<span class=\"clh\">\u00bf<span class=\"destacado\">Notre <\/span><br\/>savoir-faire?\n<\/span>\n<h3 class=\"t\">D\u00e9marrons!<\/h3>\n<hr class=\"separacion-clh-4\">\n<\/div>\n<\/div>\n<div class=\"izq\">\n<div class=\"v\" style=\"z-index:100000000\">\n<iframe loading=\"lazy\" src=\"https:\/\/player.vimeo.com\/video\/327689270?title=0&byline=0&portrait=0\" width=\"560\" height=\"315\" frameborder=\"0\" allow=\"autoplay; fullscreen\" allowfullscreen><\/iframe>\n<div>\n<img class=\"lazyload\" decoding=\"async\" src=\"data:image\/gif;base64,R0lGODlhAQABAAAAACH5BAEKAAEALAAAAAABAAEAAAICTAEAOw==\" data-orig-src=\"\/wp-content\/uploads\/2019\/02\/flechav.png\"\/>\n<span>Jetez un <br\/>coup d'oeil!<\/span>\n<\/div>\n<\/div>\n<\/div>\n<div class=\"der\">\n<hr class=\"separacion-doble\">\n<p>La <strong>rue nous appartient<\/strong>: nos campagnes se rapprochent du public, partout o\u00f9 il se trouve pour lui faire vivre des <strong>exp\u00e9riences uniques et inoubliables<\/strong>.<\/p>\n<p><strong>Nous nous occupons de tout<\/strong>. Oui biens\u00fbr, <strong>de  tout<\/strong>.<\/p>\n<div class=\"nube\">\n<ul>\n<li>Des espaces int\u00e9rieurs personnalis\u00e9s<\/li>\n<li>mobilier<\/li>\n<li>des productions audiovisuelles<\/li>\n<li>peinture et vinyls<\/li>\n<\/ul>\n<\/div>\n<\/div>\n<\/div>\n\n<div class=\"seccion\" id=\"s5\">\n<div class=\"izq\">\n<img class=\"lazyload\" decoding=\"async\" src=\"data:image\/gif;base64,R0lGODlhAQABAAAAACH5BAEKAAEALAAAAAABAAEAAAICTAEAOw==\" data-orig-src=\"\/wp-content\/uploads\/2020\/01\/clh-05-companeros-viaje.jpg\"\/>\n<div class=\"v\" style=\"z-index:100000000\">\n<iframe loading=\"lazy\" src=\"https:\/\/player.vimeo.com\/video\/327690092?title=0&byline=0&portrait=0\" width=\"560\" height=\"315\" frameborder=\"0\" allow=\"autoplay; fullscreen\" allowfullscreen><\/iframe>\n<img class=\"lazyload\" decoding=\"async\" src=\"data:image\/gif;base64,R0lGODlhAQABAAAAACH5BAEKAAEALAAAAAABAAEAAAICTAEAOw==\" data-orig-src=\"\/wp-content\/uploads\/2019\/02\/flechav.png\"\/>\n<span>Jetez un <br\/>coup d'oeil!<\/span>\n<\/div>\n<\/div>\n<div class=\"der\">\n<div class=\"c\">\n<span class=\"n\" style=\"opacity:.2\">05<\/span>\n<span class=\"clh\">\u00bf<span class=\"destacado\">Notre <\/span><br\/>savoir-faire?<\/span>\n<h3 class=\"t\"><span class=\"fz44rem\">Compagnons de voyage<\/span><\/h3>\n<hr class=\"separacion-clh-5\">\n<\/div>\n<p>Nous coordonnons, g\u00e9rons et nous installons nos campagnes partout dans le monde.<\/p>\n<p>Notre exp\u00e9rience nous permet d'assurer une <strong>coordination globale<\/strong> de la campagne, afin que nos clients n\u00b4aient \u00e0 se soucier de quoi que ce soit.<\/p>\n<div class=\"nube\">\n<ul>\n<li>Appels du public<\/li>\n<li>la recherche des endroits strat\u00e9giques<\/li>\n<li>gestion des autorisations de stationnement<\/li>\n<li>l\u00b4\u00e9tablissement de feuilles de route. <\/li>\n<\/ul>\n<\/div>\n<\/div>\n<\/div>\n\n<div class=\"seccion\" id=\"s6\">\n<div class=\"izq\">\n<div class=\"c\">\n<span class=\"n\">06<\/span>\n<span class=\"clh\">\u00bf<span class=\"destacado\">Notre <\/span><br\/>savoir-faire?<\/span>\n<h3 class=\"t\">Jusqu\u00b4o\u00f9 sommes-nous arriv\u00e9s?<\/h3>\n<hr class=\"separacion-clh-3\">\n<\/div>\n<div class=\"v\">\n<span>Jetez un <br\/>coup d'oeil!<\/span>\n<img class=\"lazyload\" decoding=\"async\" src=\"data:image\/gif;base64,R0lGODlhAQABAAAAACH5BAEKAAEALAAAAAABAAEAAAICTAEAOw==\" data-orig-src=\"\/wp-content\/uploads\/2019\/02\/flechav.png\"\/>\n<iframe loading=\"lazy\" src=\"https:\/\/player.vimeo.com\/video\/329786799?title=0&byline=0&portrait=0\" width=\"560\" height=\"315\" frameborder=\"0\" allow=\"autoplay; fullscreen\" allowfullscreen><\/iframe>\n<\/div>\n<p>Nous <strong>analysons<\/strong> chacune des variables de nos campagnes parce qu\u00b4elles nous permettent d\u00b4obtenir un impact \u00e9quivalent \u00e0 un investissement dans tout autre type de m\u00e9dia.<\/p>\n<\/div>\n<div class=\"der\">\n<img class=\"lazyload\" decoding=\"async\" src=\"data:image\/gif;base64,R0lGODlhAQABAAAAACH5BAEKAAEALAAAAAABAAEAAAICTAEAOw==\" data-orig-src=\"\/wp-content\/uploads\/2020\/01\/clh-06-hasta-donde-llegado.jpg\"\/>\n<p>Oui, nos campagnes apparaissent aussi dans les m\u00e9dias, elles g\u00e9n\u00e9rent des \u00e9chos  m\u00e9diatiques, sont actives dans les r\u00e9seaux sociaux, leur ext\u00e9rieur sert de panneau publicitaire mobile...<\/p>\n<\/div>\n<\/div>\n<\/div><div class=\"fusion-clearfix\"><\/div>\n\n\t\t\t\t\t<\/div>\n\t\t\t\t<\/div><\/div><\/div><div class=\"fusion-fullwidth fullwidth-box fusion-builder-row-3 content-interior nonhundred-percent-fullwidth non-hundred-percent-height-scrolling fusion-no-large-visibility\"  style='background-color: rgba(255,255,255,0);background-position: center center;background-repeat: no-repeat;padding-top:0px;padding-right:0px;padding-bottom:0px;padding-left:0px;margin-bottom: 0px;margin-top: 0px;'><div class=\"fusion-builder-row fusion-row \"><div  class=\"fusion-layout-column fusion_builder_column fusion_builder_column_1_1 fusion-builder-column-3 fusion-one-full fusion-column-first fusion-column-last 1_1\"  style='margin-top:0px;margin-bottom:20px;'>\n\t\t\t\t\t<div class=\"fusion-column-wrapper\" style=\"padding: 0px 0px 0px 0px;background-position:left top;background-repeat:no-repeat;-webkit-background-size:cover;-moz-background-size:cover;-o-background-size:cover;background-size:cover;\"   data-bg-url=\"\">\n\t\t\t\t\t\t<div>\n    <div class=\"seccion\">\n        <div class=\"clh-01\">\n            <div class=\"c\">\n                <span class=\"n\">01<\/span>\n                <div class=\"clh\">\u00bf<span class=\"destacado\">Notre <\/span><br \/>\n                    savoir-faire?<\/div>\n                <h3 class=\"t\">Tu t'imagines\u2026?<\/h3>\n                <hr class=\"separacion-clh-1\">\n            <\/div>\n            <p>Dites-nous ce dont <strong>vous avez besoin<\/strong> et nous vous trouverons la meilleure <strong>solution<\/strong>.<\/p>\n<p><strong>Tout est possible.<\/strong><\/p>\n            <div class=\"nube\">\n                <ul>\n                    <li>Marketing exp\u00e9rientiel<\/li>\n                    <li>des campagnes de communication avec la mobilit\u00e9<\/li>\n                    <li>branding<\/li>\n                    <li>des solutions RSE<\/li>\n                    <li>Digital marketing<\/li>\n                    <li>relations publiques<\/li>\n                    <li>roadshows<\/li>\n                    <li>street marketing<\/li>\n                    <li>communication d'entreprise...<\/li>\n                <\/ul>\n            <\/div>\n        <\/div>\n        <div>\n            <img class=\"lazyload\" decoding=\"async\" src=\"data:image\/gif;base64,R0lGODlhAQABAAAAACH5BAEKAAEALAAAAAABAAEAAAICTAEAOw==\" data-orig-src=\"http:\/\/2019.alegria-activity.com\/wp-content\/uploads\/2019\/02\/clh-01-te-imaginas.jpg\" \/>\n            <div class=\"v\">\n                <iframe loading=\"lazy\" width=\"560\" height=\"315\" src=\"https:\/\/www.youtube.com\/embed\/kLotHFcBKiE\" frameborder=\"0\" allow=\"accelerometer; autoplay; encrypted-media; gyroscope; picture-in-picture\"\n                    allowfullscreen><\/iframe>\n                <img class=\"lazyload\" decoding=\"async\" src=\"data:image\/gif;base64,R0lGODlhAQABAAAAACH5BAEKAAEALAAAAAABAAEAAAICTAEAOw==\" data-orig-src=\"http:\/\/2019.alegria-activity.com\/wp-content\/uploads\/2019\/02\/flechav.png\" \/>\n                <span>Jetez un <br\/>coup d'oeil!<\/span>\n            <\/div>\n        <\/div>\n    <\/div>\n\n    <div class=\"seccion\">\n        <div class=\"clh-02\">\n            <img class=\"lazyload\" decoding=\"async\" src=\"data:image\/gif;base64,R0lGODlhAQABAAAAACH5BAEKAAEALAAAAAABAAEAAAICTAEAOw==\" data-orig-src=\"http:\/\/2019.alegria-activity.com\/wp-content\/uploads\/2019\/02\/clh-02-nosotros-si.jpg\" \/>\n            <div class=\"c\">\n                <span class=\"n alpha-03\">02<\/span>\n                <span class=\"clh\">\u00bf<span class=\"destacado\">Notre <\/span><br \/>savoir-faire?<\/span>\n                <h3 class=\"t\">Nous, oui...<\/h3>\n                <hr class=\"separacion-clh-2\">\n            <\/div>\n        <\/div>\n        <div class=\"clh-02\">\n            <p>Nous transformons une id\u00e9e en actions de communication et contenus tr\u00e9s cr\u00e9atifs pour g\u00e9n\u00e9rer des exp\u00e9riences inoubliables aupr\u00e9s du public.<\/p>\n            <p>Nous choisissons les outils les plus appropri\u00e9s pour transmettre des messages et atteindre les objectifs escompt\u00e9s de mani\u00e8re efficace.<\/p>\n            <div class=\"v\">\n                <iframe loading=\"lazy\" width=\"560\" height=\"315\" src=\"https:\/\/www.youtube.com\/embed\/kLotHFcBKiE\" frameborder=\"0\" allow=\"accelerometer; autoplay; encrypted-media; gyroscope; picture-in-picture\"\n                    allowfullscreen><\/iframe>\n                <img class=\"lazyload\" decoding=\"async\" src=\"data:image\/gif;base64,R0lGODlhAQABAAAAACH5BAEKAAEALAAAAAABAAEAAAICTAEAOw==\" data-orig-src=\"http:\/\/2019.alegria-activity.com\/wp-content\/uploads\/2019\/02\/flechav.png\" \/>\n                <span>Jetez un <br\/>coup d'oeil!<\/span>\n            <\/div>\n            <div class=\"nube\">\n                <ul>\n                    <li>Des ateliers de formation<\/li>\n                    <li>didactiques ou de sensibilisation<\/li>\n                    <li>des activit\u00e9s num\u00e9riques<\/li>\n                    <li>des jeux collaboratifs<\/li>\n                    <li>\u00e9v\u00e9nements<\/li>\n                    <li>Animations dans la rue<\/li>\n                    <li>contenus audiovisuels<\/li>\n                    <li>int\u00e9ractifs<\/li>\n                    <li>applications<\/li>\n                    <li>merchandising<\/li>\n                    <li>web et r\u00e9seaux sociaux<\/li>\n                <\/ul>\n            <\/div>\n        <\/div>\n    <\/div>\n\n    <div class=\"seccion\">\n        <div class=\"clh-03\">\n            <div class=\"c\">\n                <span class=\"n\">03<\/span>\n                <span class=\"clh\">\u00bf<span class=\"destacado\">Notre <\/span><br \/>savoir-faire?<\/span>\n                <h3 class=\"t\">Allons-y!<\/h3>\n                <hr class=\"separacion-clh-3\">\n            <\/div>\n            <p><strong>Nous construisons<\/strong> enti\u00e8rement chaque campagne de fa\u00e7on unique et originale. <\/p>\n            <p>Nous concevons, produisons et fabriquons <strong>ad hoc<\/strong>, chacun des \u00e9l\u00e9ments d\u00b4une solution de communication d\u00e9termin\u00e9e  et vous l\u00b4offrons cl\u00e9 en main.<\/p>\n            <div class=\"nube\">\n                <ul>\n                    <li>Des espaces int\u00e9rieurs personnalis\u00e9s<\/li>\n                    <li>mobilier<\/li>\n                    <li>des productions audiovisuelles<\/li>\n                    <li>peinture et vinyls <\/li>\n                <\/ul>\n            <\/div>\n        <\/div>\n        <div>\n            <img class=\"lazyload\" decoding=\"async\" src=\"data:image\/gif;base64,R0lGODlhAQABAAAAACH5BAEKAAEALAAAAAABAAEAAAICTAEAOw==\" data-orig-src=\"http:\/\/2019.alegria-activity.com\/wp-content\/uploads\/2019\/02\/clh-03-manos-obra.jpg\" \/>\n            <div class=\"v\">\n                <span>Jetez un <br\/>coup d'oeil!<\/span>\n                <img class=\"lazyload\" decoding=\"async\" src=\"data:image\/gif;base64,R0lGODlhAQABAAAAACH5BAEKAAEALAAAAAABAAEAAAICTAEAOw==\" data-orig-src=\"http:\/\/2019.alegria-activity.com\/wp-content\/uploads\/2019\/02\/flechav.png\" \/>\n                <iframe loading=\"lazy\" width=\"560\" height=\"315\" src=\"https:\/\/www.youtube.com\/embed\/kLotHFcBKiE\" frameborder=\"0\" allow=\"accelerometer; autoplay; encrypted-media; gyroscope; picture-in-picture\"\n                    allowfullscreen><\/iframe>\n            <\/div>\n        <\/div>\n    <\/div>\n\n    <div class=\"seccion\">\n        <div class=\"cen clh-04\">\n            <img class=\"lazyload\" decoding=\"async\" src=\"data:image\/gif;base64,R0lGODlhAQABAAAAACH5BAEKAAEALAAAAAABAAEAAAICTAEAOw==\" data-orig-src=\"http:\/\/2019.alegria-activity.com\/wp-content\/uploads\/2019\/02\/clh-04-arrancamos.jpg\" \/>\n            <div class=\"c\">\n                <span class=\"n alpha-03\">04<\/span>\n                <span class=\"clh\">\u00bf<span class=\"destacado\">Notre <\/span><br \/>savoir-faire?<\/span>\n                <h3 class=\"t\">D\u00e9marrons...<\/h3>\n                <hr class=\"separacion-clh-4\">\n            <\/div>\n        <\/div>\n        <div>\n            <div class=\"v\">\n                <iframe loading=\"lazy\" width=\"560\" height=\"315\" src=\"https:\/\/www.youtube.com\/embed\/kLotHFcBKiE\" frameborder=\"0\" allow=\"accelerometer; autoplay; encrypted-media; gyroscope; picture-in-picture\"\n                    allowfullscreen><\/iframe>\n                <div>\n                    <img class=\"lazyload\" decoding=\"async\" src=\"data:image\/gif;base64,R0lGODlhAQABAAAAACH5BAEKAAEALAAAAAABAAEAAAICTAEAOw==\" data-orig-src=\"http:\/\/2019.alegria-activity.com\/wp-content\/uploads\/2019\/02\/flechav.png\" \/>\n                    <span>Jetez un <br\/>coup d'oeil!<\/span>\n                <\/div>\n            <\/div>\n        <\/div>\n        <div class=\"clh-04\">\n            <hr class=\"separacion-doble\">\n            <p>La <strong>rue nous appartient<\/strong>: nos campagnes se rapprochent du public, partout o\u00f9 il se trouve pour lui faire vivre des exp\u00e9riences uniques et inoubliables.<\/p>\n            <p>Nous <strong>nous occupons de tout<\/strong>. Oui biens\u00fbr, de  <strong>tout<\/strong>.<\/p>\n            <div class=\"nube\">\n                <ul>\n                    <li>Une communication directe avec un personnel sp\u00e9cialis\u00e9<\/li>\n                    <li>d\u00e9placement de l'unit\u00e9 mobile et de son \u00e9quipement<\/li>\n                    <li>une solution en cas d\u00b4incident <\/li>\n                <\/ul>\n            <\/div>\n        <\/div>\n    <\/div>\n\n    <div class=\"seccion\">\n        <div class=\"clh-05\">\n            <img class=\"lazyload\" decoding=\"async\" src=\"data:image\/gif;base64,R0lGODlhAQABAAAAACH5BAEKAAEALAAAAAABAAEAAAICTAEAOw==\" data-orig-src=\"http:\/\/2019.alegria-activity.com\/wp-content\/uploads\/2019\/02\/clh-05-companeros-viaje.jpg\" \/>\n            <div class=\"v\">\n                <iframe loading=\"lazy\" width=\"560\" height=\"315\" src=\"https:\/\/www.youtube.com\/embed\/kLotHFcBKiE\" frameborder=\"0\" allow=\"accelerometer; autoplay; encrypted-media; gyroscope; picture-in-picture\"\n                    allowfullscreen><\/iframe>\n                <img class=\"lazyload\" decoding=\"async\" src=\"data:image\/gif;base64,R0lGODlhAQABAAAAACH5BAEKAAEALAAAAAABAAEAAAICTAEAOw==\" data-orig-src=\"..\/wp-content\/uploads\/2019\/02\/flechav.png\" \/>\n                <span>Jetez un <br\/>coup d'oeil!<\/span>\n            <\/div>\n        <\/div>\n        <div class=\"clh-05\">\n            <div class=\"c\">\n                <span class=\"n alpha-03\">05<\/span>\n                <span class=\"clh\">\u00bf<span class=\"destacado\">Notre <\/span><br \/>savoir-faire?<\/span>\n                <h3 class=\"t\">Compagnons  de voyage<\/h3>\n                <hr class=\"separacion-clh-5\">\n            <\/div>\n            <p>Nous coordonnons, g\u00e9rons et nous installons nos campagnes partout dans le monde.<\/p>\n            <p>Notre exp\u00e9rience nous permet d'assurer une <strong>coordination globale<\/strong> de la campagne, afin que nos clients n\u00b4aient \u00e0 se soucier de quoi que ce soit.<\/p>\n            <div class=\"nube\">\n                <ul>\n                    <li>Appels du public<\/li>\n<li>la recherche des endroits strat\u00e9giques<\/li>\n<li>gestion des autorisations de stationnement<\/li>\n<li>l\u00b4\u00e9tablissement de feuilles de route<\/li>\n                <\/ul>\n            <\/div>\n        <\/div>\n    <\/div>\n\n    <div class=\"seccion\">\n        <div class=\"clh-06\">\n            <div class=\"c\">\n                <span class=\"n\">06<\/span>\n                <span class=\"clh\">\u00bf<span class=\"destacado\">Notre <\/span><br \/>savoir-faire?<\/span>\n                <h3 class=\"t\">Jusqu\u00b4o\u00f9 sommes-nous arriv\u00e9s?<\/h3>\n                <hr class=\"separacion-clh-3\">\n            <\/div>\n            <div class=\"v\">\n                <span>Jetez un <br\/>coup d'oeil!<\/span>\n                <img class=\"lazyload\" decoding=\"async\" src=\"data:image\/gif;base64,R0lGODlhAQABAAAAACH5BAEKAAEALAAAAAABAAEAAAICTAEAOw==\" data-orig-src=\"http:\/\/2019.alegria-activity.com\/wp-content\/uploads\/2019\/02\/flechav.png\" \/>\n                <iframe loading=\"lazy\" width=\"560\" height=\"315\" src=\"https:\/\/www.youtube.com\/embed\/kLotHFcBKiE\" frameborder=\"0\" allow=\"accelerometer; autoplay; encrypted-media; gyroscope; picture-in-picture\"\n                    allowfullscreen><\/iframe>\n            <\/div>\n            <p>Nous <strong>analysons<\/strong> chacune des variables de nos campagnes parce qu\u00b4elles nous permettent d\u00b4obtenir un impact \u00e9quivalent \u00e0 un investissement dans tout autre type de m\u00e9dia.<\/p>\n        <\/div>\n        <div class=\"clh-06\">\n            <img class=\"lazyload\" decoding=\"async\" src=\"data:image\/gif;base64,R0lGODlhAQABAAAAACH5BAEKAAEALAAAAAABAAEAAAICTAEAOw==\" data-orig-src=\"http:\/\/2019.alegria-activity.com\/wp-content\/uploads\/2019\/02\/clh-06-hasta-donde-llegado.jpg\" \/>\n            <p>Mais surtout, elles suscitent des \u00e9motions et nouent une relation inoubliable entre nos clients et leur public cible...<\/p>\n        <\/div>\n    <\/div>\n<\/div><div class=\"fusion-clearfix\"><\/div>\n\n\t\t\t\t\t<\/div>\n\t\t\t\t<\/div><\/div><\/div><\/p>\n","protected":false},"excerpt":{"rendered":"","protected":false},"author":2,"featured_media":0,"parent":0,"menu_order":0,"comment_status":"closed","ping_status":"closed","template":"100-width.php","meta":{"footnotes":""},"class_list":["post-3529","page","type-page","status-publish","hentry"],"aioseo_notices":[],"_links":{"self":[{"href":"https:\/\/alegria-activity.com\/fr\/wp-json\/wp\/v2\/pages\/3529","targetHints":{"allow":["GET"]}}],"collection":[{"href":"https:\/\/alegria-activity.com\/fr\/wp-json\/wp\/v2\/pages"}],"about":[{"href":"https:\/\/alegria-activity.com\/fr\/wp-json\/wp\/v2\/types\/page"}],"author":[{"embeddable":true,"href":"https:\/\/alegria-activity.com\/fr\/wp-json\/wp\/v2\/users\/2"}],"replies":[{"embeddable":true,"href":"https:\/\/alegria-activity.com\/fr\/wp-json\/wp\/v2\/comments?post=3529"}],"version-history":[{"count":5,"href":"https:\/\/alegria-activity.com\/fr\/wp-json\/wp\/v2\/pages\/3529\/revisions"}],"predecessor-version":[{"id":5569,"href":"https:\/\/alegria-activity.com\/fr\/wp-json\/wp\/v2\/pages\/3529\/revisions\/5569"}],"wp:attachment":[{"href":"https:\/\/alegria-activity.com\/fr\/wp-json\/wp\/v2\/media?parent=3529"}],"curies":[{"name":"wp","href":"https:\/\/api.w.org\/{rel}","templated":true}]}}