{"id":3528,"date":"2019-03-22T12:01:57","date_gmt":"2019-03-22T11:01:57","guid":{"rendered":"https:\/\/alegria-activity.com\/?page_id=3528"},"modified":"2019-03-26T17:24:22","modified_gmt":"2019-03-26T16:24:22","slug":"marketing-experientiel","status":"publish","type":"page","link":"https:\/\/alegria-activity.com\/fr\/marketing-experientiel\/","title":{"rendered":"Marketing exp\u00e9rientiel"},"content":{"rendered":"<div class=\"fusion-fullwidth fullwidth-box fusion-builder-row-1 content-marketing-experiencial nonhundred-percent-fullwidth non-hundred-percent-height-scrolling\"  style='background-color: rgba(255,255,255,0);background-position: center center;background-repeat: no-repeat;padding-top:0px;padding-right:0px;padding-bottom:0px;padding-left:0px;'><div class=\"fusion-builder-row fusion-row \"><div  class=\"fusion-layout-column fusion_builder_column fusion_builder_column_1_2 fusion-builder-column-1 fusion-one-half fusion-column-first fusion-no-small-visibility fusion-no-medium-visibility 1_2\"  style='margin-top:0px;margin-bottom:20px;width:50%;width:calc(50% - ( ( 4% ) * 0.5 ) );margin-right: 4%;'>\n\t\t\t\t\t<div class=\"fusion-column-wrapper\" style=\"padding: 0px 0px 0px 0px;background-position:left top;background-repeat:no-repeat;-webkit-background-size:cover;-moz-background-size:cover;-o-background-size:cover;background-size:cover;\"   data-bg-url=\"\">\n\t\t\t\t\t\t<div class=\"fusion-clearfix\"><\/div>\n\n\t\t\t\t\t<\/div>\n\t\t\t\t<\/div><div  class=\"fusion-layout-column fusion_builder_column fusion_builder_column_1_2 fusion-builder-column-2 fusion-one-half fusion-column-last 1_2\"  style='margin-top:0px;margin-bottom:20px;width:50%;width:calc(50% - ( ( 4% ) * 0.5 ) );'>\n\t\t\t\t\t<div class=\"fusion-column-wrapper\" style=\"padding: 0px 0px 0px 0px;background-position:left top;background-repeat:no-repeat;-webkit-background-size:cover;-moz-background-size:cover;-o-background-size:cover;background-size:cover;\"   data-bg-url=\"\">\n\t\t\t\t\t\t<div class=\"content-col\">\n<div class=\"content-col--title\">\n<h1>marketing exp\u00e9rientiel<\/h1>\n<svg xmlns=\"http:\/\/www.w3.org\/2000\/svg\">\n<defs>\n<clipPath id=\"rectangle\" clipPathUnits=\"objectBoundingBox\">\n<polygon points=\"0 0,0 0.85,1 1,1 0\" \/>\n<\/clipPath>\n<\/defs>\n<\/svg>\n<\/div>\n<div class=\"content-col--txt\">\n<img class=\"lazyload\" decoding=\"async\" src=\"data:image\/gif;base64,R0lGODlhAQABAAAAACH5BAEKAAEALAAAAAABAAEAAAICTAEAOw==\" data-orig-src=\"http:\/\/2019.alegria-activity.com\/wp-content\/uploads\/2019\/02\/img-mark-experencial-detalle.jpg\" alt=\"Experoencia culinaria con ni\u00f1os\">\n<p>Nous v\u00e9hiculons les \u00e9motions aupr\u00e9s du public, en lui permettant de vivre une exp\u00e9rience unique pour \u00e9veiller ses sentiments en participant, touchant, exp\u00e9rimentant\u2026<\/p>\n<p>Nos campagnes vont au-del\u00e0 d\u00b4un simple support publicitaire: elles cr\u00e9ent la surprise, modernit\u00e9, proximit\u00e9\u2026 Et toutes ces valeurs sont li\u00e9es \u00e0 la marque. <\/p>\n<p>Elles offrent une notori\u00e9t\u00e9 et un souvenir m\u00e9morable par leur diff\u00e9renciation par rapport aux autres moyens de communication. Elles vont au-del\u00e0 des m\u00e9dias et des r\u00e9seaux sociaux. <\/p>\n<p>Roadshows, \u00e9v\u00e9nements, expositions, street marketing ... L'imagination n'a pas de limite.<\/p>\n<p>L'important est de <strong>cr\u00e9er une exp\u00e9rience inoubliable<\/strong>.<\/p>\n<hr class=\"separacion-simple\">\n<span class=\"content-col--bot\"><a href=\".\/experiences\/\">Projets connexes<\/a><\/span>\n<\/div><div class=\"fusion-clearfix\"><\/div>\n\n\t\t\t\t\t<\/div>\n\t\t\t\t<\/div><\/div><\/div>\n","protected":false},"excerpt":{"rendered":"","protected":false},"author":2,"featured_media":0,"parent":0,"menu_order":0,"comment_status":"closed","ping_status":"closed","template":"100-width.php","meta":{"footnotes":""},"class_list":["post-3528","page","type-page","status-publish","hentry"],"aioseo_notices":[],"_links":{"self":[{"href":"https:\/\/alegria-activity.com\/fr\/wp-json\/wp\/v2\/pages\/3528","targetHints":{"allow":["GET"]}}],"collection":[{"href":"https:\/\/alegria-activity.com\/fr\/wp-json\/wp\/v2\/pages"}],"about":[{"href":"https:\/\/alegria-activity.com\/fr\/wp-json\/wp\/v2\/types\/page"}],"author":[{"embeddable":true,"href":"https:\/\/alegria-activity.com\/fr\/wp-json\/wp\/v2\/users\/2"}],"replies":[{"embeddable":true,"href":"https:\/\/alegria-activity.com\/fr\/wp-json\/wp\/v2\/comments?post=3528"}],"version-history":[{"count":1,"href":"https:\/\/alegria-activity.com\/fr\/wp-json\/wp\/v2\/pages\/3528\/revisions"}],"predecessor-version":[{"id":3611,"href":"https:\/\/alegria-activity.com\/fr\/wp-json\/wp\/v2\/pages\/3528\/revisions\/3611"}],"wp:attachment":[{"href":"https:\/\/alegria-activity.com\/fr\/wp-json\/wp\/v2\/media?parent=3528"}],"curies":[{"name":"wp","href":"https:\/\/api.w.org\/{rel}","templated":true}]}}