{"id":3527,"date":"2019-03-22T12:00:49","date_gmt":"2019-03-22T11:00:49","guid":{"rendered":"https:\/\/alegria-activity.com\/?page_id=3527"},"modified":"2021-06-23T08:40:36","modified_gmt":"2021-06-23T07:40:36","slug":"qui-nous-sommes","status":"publish","type":"page","link":"https:\/\/alegria-activity.com\/fr\/qui-nous-sommes\/","title":{"rendered":"qui nous sommes"},"content":{"rendered":"<p><div class=\"fusion-fullwidth fullwidth-box fusion-builder-row-1 content-interior nonhundred-percent-fullwidth non-hundred-percent-height-scrolling\"  style='background-color: rgba(255,255,255,0);background-position: center center;background-repeat: no-repeat;padding-top:0px;padding-right:0px;padding-bottom:0px;padding-left:0px;margin-bottom: 0px;margin-top: 0px;'><div class=\"fusion-builder-row fusion-row \"><div  class=\"fusion-layout-column fusion_builder_column fusion_builder_column_1_1 fusion-builder-column-1 fusion-one-full fusion-column-first fusion-column-last txt-presentacion 1_1\"  style='margin-top:0px;margin-bottom:20px;'>\n\t\t\t\t\t<div class=\"fusion-column-wrapper\" style=\"padding: 0px 0px 0px 0px;background-position:left top;background-repeat:no-repeat;-webkit-background-size:cover;-moz-background-size:cover;-o-background-size:cover;background-size:cover;\"   data-bg-url=\"\">\n\t\t\t\t\t\t<p>Campagnes de communication, tourn\u00e9es de pr\u00e9sentation, \u00e9v\u00e9nements, expositions, street marketing, services itin\u00e9rants, unit\u00e9s mobiles ...<\/p>\n<p><strong>Tout est possible<\/strong>.<\/p><div class=\"fusion-clearfix\"><\/div>\n\n\t\t\t\t\t<\/div>\n\t\t\t\t<\/div><div  class=\"fusion-layout-column fusion_builder_column fusion_builder_column_2_3 fusion-builder-column-2 fusion-two-third fusion-column-first box-marketing-experiencial 2_3\"  style='margin-top:0px;margin-bottom:20px;width:66.66%;width:calc(66.66% - ( ( 2em ) * 0.6666 ) );margin-right: 2em;'>\n\t\t\t\t\t<div class=\"fusion-column-wrapper\" style=\"padding: 0px 0px 0px 0px;background-position:left top;background-repeat:no-repeat;-webkit-background-size:cover;-moz-background-size:cover;-o-background-size:cover;background-size:cover;\"   data-bg-url=\"\">\n\t\t\t\t\t\t<div class=\"port_que--hacemos\">\n<div>\n<div class=\"imgDestacado\">\n<a href=\"https:\/\/alegria-activity.com\/fr\/marketing-experientiel\/\">\n<img class=\"lazyload\" decoding=\"async\" src=\"data:image\/gif;base64,R0lGODlhAQABAAAAACH5BAEKAAEALAAAAAABAAEAAAICTAEAOw==\" data-orig-src=\"https:\/\/alegria-activity.com\/wp-content\/themes\/Alegria-Activity-Theme\/images\/bg-box-marketing-exp.jpg\">\n<\/a>\n<\/div>\n<svg xmlns=\"http:\/\/www.w3.org\/2000\/svg\">\n<defs>\n<clipPath id=\"rectangle\" clipPathUnits=\"objectBoundingBox\">\n<polygon points=\"0 0,0 0,1 1,.90 0\" \/>\n<\/clipPath>\n<\/defs>\n<\/svg>\n<div class=\"notit\">\n<a href=\"https:\/\/alegria-activity.com\/fr\/marketing-experientiel\/\">\n<h2>marketing exp\u00e9rientiel<\/h2>\n<p>Des exp\u00e9riences inoubliables\u2026<\/p>\n<\/a>\n<\/div>\n<\/div>\n<\/div><div class=\"fusion-clearfix\"><\/div>\n\n\t\t\t\t\t<\/div>\n\t\t\t\t<\/div><div  class=\"fusion-layout-column fusion_builder_column fusion_builder_column_1_3 fusion-builder-column-3 fusion-one-third fusion-column-last box-fabricacion-vehiculos 1_3\"  style='margin-top:0px;margin-bottom:20px;width:33.33%;width:calc(33.33% - ( ( 2em ) * 0.3333 ) );'>\n\t\t\t\t\t<div class=\"fusion-column-wrapper\" style=\"padding: 0px 0px 0px 0px;background-position:left top;background-repeat:no-repeat;-webkit-background-size:cover;-moz-background-size:cover;-o-background-size:cover;background-size:cover;\"   data-bg-url=\"\">\n\t\t\t\t\t\t<div class=\"port_que--hacemos\">\n<div>\n<div class=\"imgDestacado\">\n<a href=\".\/fabrication-de-vehicules-speciaux\/\">\n<img class=\"lazyload\" decoding=\"async\" src=\"data:image\/gif;base64,R0lGODlhAQABAAAAACH5BAEKAAEALAAAAAABAAEAAAICTAEAOw==\" data-orig-src=\"http:\/\/2019.alegria-activity.com\/wp-content\/themes\/Alegria-Activity-Theme\/images\/bg-box-fab-vehiculos.jpg\">\n<\/a>\n<\/div>\n<svg xmlns=\"http:\/\/www.w3.org\/2000\/svg\">\n<defs>\n<clipPath id=\"rectangle\" clipPathUnits=\"objectBoundingBox\">\n<polygon points=\"0 0,0 0,1 1,.90 0\" \/>\n<\/clipPath>\n<\/defs>\n<\/svg>\n<div class=\"notit\">\n<a href=\".\/fabrication-de-vehicules-speciaux\/\">\n<h2>fabrication de v\u00e9hicules sp\u00e9ciaux<\/h2>\n<p>Des unit\u00e9s mobiles sp\u00e9ciales sur mesure\u2026<\/p>\n<\/a>\n<\/div>\n<\/div>\n<\/div><div class=\"fusion-clearfix\"><\/div>\n\n\t\t\t\t\t<\/div>\n\t\t\t\t<\/div><\/div><\/div><div class=\"fusion-fullwidth fullwidth-box fusion-builder-row-2 content-cta ctaAngulo nonhundred-percent-fullwidth non-hundred-percent-height-scrolling\"  style='background-color: rgba(255,255,255,0);background-position: center center;background-repeat: no-repeat;padding-top:0px;padding-right:0px;padding-bottom:0px;padding-left:0px;margin-bottom: 0px;margin-top: 0px;'><div class=\"fusion-builder-row fusion-row \"><div  class=\"fusion-layout-column fusion_builder_column fusion_builder_column_1_1 fusion-builder-column-4 fusion-one-full fusion-column-first fusion-column-last 1_1\"  style='margin-top:0px;margin-bottom:20px;'>\n\t\t\t\t\t<div class=\"fusion-column-wrapper\" style=\"padding: 0px 0px 0px 0px;background-position:left top;background-repeat:no-repeat;-webkit-background-size:cover;-moz-background-size:cover;-o-background-size:cover;background-size:cover;\"   data-bg-url=\"\">\n\t\t\t\t\t\t<article class=\"zona-cta\">\n<div class=\"txt-cta\"><p>Voulez-vous cr\u00e9er une exp\u00e9rience unique et approcher le public de mani\u00e8re inoubliable?<\/p><\/div>\n<div class=\"boton-cta\"><a href=\"..\/contact-espagne\/\">Oui, \u00e7a m'int\u00e9resse<\/a><\/div><\/article>\n<svg xmlns=\"http:\/\/www.w3.org\/2000\/svg\">\n<defs>\n<clipPath id=\"rectangle\" clipPathUnits=\"objectBoundingBox\">\n<polygon points=\"0 0,0 1,1 1,1 0.25\" \/>\n<\/clipPath>\n<\/defs>\n<\/svg><div class=\"fusion-clearfix\"><\/div>\n\n\t\t\t\t\t<\/div>\n\t\t\t\t<\/div><\/div><\/div><\/p>\n","protected":false},"excerpt":{"rendered":"","protected":false},"author":2,"featured_media":0,"parent":0,"menu_order":0,"comment_status":"closed","ping_status":"closed","template":"100-width.php","meta":{"footnotes":""},"class_list":["post-3527","page","type-page","status-publish","hentry"],"aioseo_notices":[],"_links":{"self":[{"href":"https:\/\/alegria-activity.com\/fr\/wp-json\/wp\/v2\/pages\/3527","targetHints":{"allow":["GET"]}}],"collection":[{"href":"https:\/\/alegria-activity.com\/fr\/wp-json\/wp\/v2\/pages"}],"about":[{"href":"https:\/\/alegria-activity.com\/fr\/wp-json\/wp\/v2\/types\/page"}],"author":[{"embeddable":true,"href":"https:\/\/alegria-activity.com\/fr\/wp-json\/wp\/v2\/users\/2"}],"replies":[{"embeddable":true,"href":"https:\/\/alegria-activity.com\/fr\/wp-json\/wp\/v2\/comments?post=3527"}],"version-history":[{"count":2,"href":"https:\/\/alegria-activity.com\/fr\/wp-json\/wp\/v2\/pages\/3527\/revisions"}],"predecessor-version":[{"id":6986,"href":"https:\/\/alegria-activity.com\/fr\/wp-json\/wp\/v2\/pages\/3527\/revisions\/6986"}],"wp:attachment":[{"href":"https:\/\/alegria-activity.com\/fr\/wp-json\/wp\/v2\/media?parent=3527"}],"curies":[{"name":"wp","href":"https:\/\/api.w.org\/{rel}","templated":true}]}}