{"id":3526,"date":"2019-03-22T11:11:12","date_gmt":"2019-03-22T10:11:12","guid":{"rendered":"https:\/\/alegria-activity.com\/?page_id=3526"},"modified":"2019-03-25T13:54:05","modified_gmt":"2019-03-25T12:54:05","slug":"experiences","status":"publish","type":"page","link":"https:\/\/alegria-activity.com\/fr\/experiences\/","title":{"rendered":"nos r\u00e9alisations"},"content":{"rendered":"<p><div class=\"fusion-fullwidth fullwidth-box fusion-builder-row-1 content-interior nonhundred-percent-fullwidth non-hundred-percent-height-scrolling\"  style='background-color: rgba(255,255,255,0);background-position: center center;background-repeat: no-repeat;padding-top:0px;padding-right:0px;padding-bottom:0px;padding-left:0px;margin-bottom: 0px;margin-top: 0px;'><div class=\"fusion-builder-row fusion-row \"><div  class=\"fusion-layout-column fusion_builder_column fusion_builder_column_1_1 fusion-builder-column-1 fusion-one-full fusion-column-first fusion-column-last txt-presentacion 1_1\"  style='margin-top:0px;margin-bottom:20px;'>\n\t\t\t\t\t<div class=\"fusion-column-wrapper\" style=\"padding: 0px 0px 0px 0px;background-position:left top;background-repeat:no-repeat;-webkit-background-size:cover;-moz-background-size:cover;-o-background-size:cover;background-size:cover;\"   data-bg-url=\"\">\n\t\t\t\t\t\t<p>Nos campagnes vont au-del\u00e0 d\u2019un simple support publicitaire: elles apportent surprise, modernit\u00e9, proximit\u00e9\u2026 Et toutes ces valeurs sont transf\u00e9r\u00e9es \u00e0 la marque.<\/p>\n<p>Nous lions le public de mani\u00e8re \u00e9motionnelle, en le faisant participer \u00e0 une exp\u00e9rience unique, afin qu'il puisse \u00eatre \u00e9motionnel en participant, en touchant et en ressentant.<\/p>\n<p>L'important est de cr\u00e9er une <strong>exp\u00e9rience inoubliable<\/strong>.<\/p><div class=\"fusion-clearfix\"><\/div>\n\n\t\t\t\t\t<\/div>\n\t\t\t\t<\/div><div  class=\"fusion-layout-column fusion_builder_column fusion_builder_column_1_1 fusion-builder-column-2 fusion-one-full fusion-column-first fusion-column-last 1_1\"  style='margin-top:0px;margin-bottom:20px;'>\n\t\t\t\t\t<div class=\"fusion-column-wrapper\" style=\"padding: 0px 0px 0px 0px;background-position:left top;background-repeat:no-repeat;-webkit-background-size:cover;-moz-background-size:cover;-o-background-size:cover;background-size:cover;\"   data-bg-url=\"\">\n\t\t\t\t\t\t<div class='port_cats'><div>\n\t\t\t\t\t\t\t<div class='imgDestacado'>\n\t\t\t\t\t\t\t\t<a href='environnement'>\n\t\t\t\t\t\t\t\t\t<img src='https:\/\/alegria-activity.com\/wp-content\/uploads\/2019\/02\/img-box-ma.jpg' alt='environnement'>\n\t\t\t\t\t\t\t\t<\/a>\n\t\t\t\t\t\t\t<\/div>\n\t\t\t\t\t\t\t<svg xmlns='http:\/\/www.w3.org\/2000\/svg'>\n\t\t\t\t\t\t\t<defs>\n\t\t\t\t\t\t\t\t<clipPath id='rectangle' clipPathUnits='objectBoundingBox'>\n\t\t\t\t\t\t\t\t<polygon points='0 0,0 0.95,1 1,1 0'><\/polygon>\n\t\t\t\t\t\t\t\t<\/clipPath>\n\t\t\t\t\t\t\t<\/defs>\n\t\t\t\t\t\t\t<\/svg>\n\t\t\t\t\t\t\t<div class='notit'>\n\t\t\t\t\t\t\t\t<a href='environnement'>\n\t\t\t\t\t\t\t\t<h4>\n\t\t\t\t\t\t\t\t\tenvironnement\n\t\t\t\t\t\t\t\t<\/h4>\n\t\t\t\t\t\t\t\t<p>Campagnes de sensibilisation sur la protection de l&#039;environnement, le recyclage, la durabilit\u00e9 &#8230;<\/p>\n<\/a>\n\t\t\t\t\t\t\t<\/div>\n\t\t\t\t\t\t<\/div><div>\n\t\t\t\t\t\t\t<div class='imgDestacado'>\n\t\t\t\t\t\t\t\t<a href='energie'>\n\t\t\t\t\t\t\t\t\t<img src='https:\/\/alegria-activity.com\/wp-content\/uploads\/2019\/02\/img-box-energia.jpg' alt='\u00e9nergie'>\n\t\t\t\t\t\t\t\t<\/a>\n\t\t\t\t\t\t\t<\/div>\n\t\t\t\t\t\t\t<svg xmlns='http:\/\/www.w3.org\/2000\/svg'>\n\t\t\t\t\t\t\t<defs>\n\t\t\t\t\t\t\t\t<clipPath id='rectangle' clipPathUnits='objectBoundingBox'>\n\t\t\t\t\t\t\t\t<polygon points='0 0,0 0.95,1 1,1 0'><\/polygon>\n\t\t\t\t\t\t\t\t<\/clipPath>\n\t\t\t\t\t\t\t<\/defs>\n\t\t\t\t\t\t\t<\/svg>\n\t\t\t\t\t\t\t<div class='notit'>\n\t\t\t\t\t\t\t\t<a href='energie'>\n\t\t\t\t\t\t\t\t<h4>\n\t\t\t\t\t\t\t\t\t\u00e9nergie\n\t\t\t\t\t\t\t\t<\/h4>\n\t\t\t\t\t\t\t\t<p>Formation et diffusion sur les sources d&#039;\u00e9nergie, la durabilit\u00e9 \u00e9nerg\u00e9tique, etc&#8230;.<\/p>\n<\/a>\n\t\t\t\t\t\t\t<\/div>\n\t\t\t\t\t\t<\/div><div>\n\t\t\t\t\t\t\t<div class='imgDestacado'>\n\t\t\t\t\t\t\t\t<a href='sante'>\n\t\t\t\t\t\t\t\t\t<img src='https:\/\/alegria-activity.com\/wp-content\/uploads\/2019\/02\/img-box-salud.jpg' alt='sant\u00e9'>\n\t\t\t\t\t\t\t\t<\/a>\n\t\t\t\t\t\t\t<\/div>\n\t\t\t\t\t\t\t<svg xmlns='http:\/\/www.w3.org\/2000\/svg'>\n\t\t\t\t\t\t\t<defs>\n\t\t\t\t\t\t\t\t<clipPath id='rectangle' clipPathUnits='objectBoundingBox'>\n\t\t\t\t\t\t\t\t<polygon points='0 0,0 0.95,1 1,1 0'><\/polygon>\n\t\t\t\t\t\t\t\t<\/clipPath>\n\t\t\t\t\t\t\t<\/defs>\n\t\t\t\t\t\t\t<\/svg>\n\t\t\t\t\t\t\t<div class='notit'>\n\t\t\t\t\t\t\t\t<a href='sante'>\n\t\t\t\t\t\t\t\t<h4>\n\t\t\t\t\t\t\t\t\tsant\u00e9\n\t\t\t\t\t\t\t\t<\/h4>\n\t\t\t\t\t\t\t\t<p>Services de sant\u00e9, sensibilisation et information sur l&#039;exercice physique, les habitudes saines, promotion des produits li\u00e9s \u00e0 la sant\u00e9&#8230;<\/p>\n<\/a>\n\t\t\t\t\t\t\t<\/div>\n\t\t\t\t\t\t<\/div><div>\n\t\t\t\t\t\t\t<div class='imgDestacado'>\n\t\t\t\t\t\t\t\t<a href='gastronomie'>\n\t\t\t\t\t\t\t\t\t<img src='https:\/\/alegria-activity.com\/wp-content\/uploads\/2019\/02\/img-box-gastronomia.jpg' alt='gastronomie'>\n\t\t\t\t\t\t\t\t<\/a>\n\t\t\t\t\t\t\t<\/div>\n\t\t\t\t\t\t\t<svg xmlns='http:\/\/www.w3.org\/2000\/svg'>\n\t\t\t\t\t\t\t<defs>\n\t\t\t\t\t\t\t\t<clipPath id='rectangle' clipPathUnits='objectBoundingBox'>\n\t\t\t\t\t\t\t\t<polygon points='0 0,0 0.95,1 1,1 0'><\/polygon>\n\t\t\t\t\t\t\t\t<\/clipPath>\n\t\t\t\t\t\t\t<\/defs>\n\t\t\t\t\t\t\t<\/svg>\n\t\t\t\t\t\t\t<div class='notit'>\n\t\t\t\t\t\t\t\t<a href='gastronomie'>\n\t\t\t\t\t\t\t\t<h4>\n\t\t\t\t\t\t\t\t\tgastronomie\n\t\t\t\t\t\t\t\t<\/h4>\n\t\t\t\t\t\t\t\t<p>Campagnes sur une alimentation saine, promotion de la nourriture ou des boissons, services de gastronomie, etc&#8230;<\/p>\n<\/a>\n\t\t\t\t\t\t\t<\/div>\n\t\t\t\t\t\t<\/div><div>\n\t\t\t\t\t\t\t<div class='imgDestacado'>\n\t\t\t\t\t\t\t\t<a href='sport'>\n\t\t\t\t\t\t\t\t\t<img src='https:\/\/alegria-activity.com\/wp-content\/uploads\/2019\/02\/img-box-deportes.jpg' alt='sport'>\n\t\t\t\t\t\t\t\t<\/a>\n\t\t\t\t\t\t\t<\/div>\n\t\t\t\t\t\t\t<svg xmlns='http:\/\/www.w3.org\/2000\/svg'>\n\t\t\t\t\t\t\t<defs>\n\t\t\t\t\t\t\t\t<clipPath id='rectangle' clipPathUnits='objectBoundingBox'>\n\t\t\t\t\t\t\t\t<polygon points='0 0,0 0.95,1 1,1 0'><\/polygon>\n\t\t\t\t\t\t\t\t<\/clipPath>\n\t\t\t\t\t\t\t<\/defs>\n\t\t\t\t\t\t\t<\/svg>\n\t\t\t\t\t\t\t<div class='notit'>\n\t\t\t\t\t\t\t\t<a href='sport'>\n\t\t\t\t\t\t\t\t<h4>\n\t\t\t\t\t\t\t\t\tsport\n\t\t\t\t\t\t\t\t<\/h4>\n\t\t\t\t\t\t\t\t<p>Commandites sportives et campagnes de promotion de l&#039;exercice physique&#8230;<\/p>\n<\/a>\n\t\t\t\t\t\t\t<\/div>\n\t\t\t\t\t\t<\/div><div>\n\t\t\t\t\t\t\t<div class='imgDestacado'>\n\t\t\t\t\t\t\t\t<a href='culture'>\n\t\t\t\t\t\t\t\t\t<img src='https:\/\/alegria-activity.com\/wp-content\/uploads\/2019\/02\/img-box-cultura.jpg' alt='culture'>\n\t\t\t\t\t\t\t\t<\/a>\n\t\t\t\t\t\t\t<\/div>\n\t\t\t\t\t\t\t<svg xmlns='http:\/\/www.w3.org\/2000\/svg'>\n\t\t\t\t\t\t\t<defs>\n\t\t\t\t\t\t\t\t<clipPath id='rectangle' clipPathUnits='objectBoundingBox'>\n\t\t\t\t\t\t\t\t<polygon points='0 0,0 0.95,1 1,1 0'><\/polygon>\n\t\t\t\t\t\t\t\t<\/clipPath>\n\t\t\t\t\t\t\t<\/defs>\n\t\t\t\t\t\t\t<\/svg>\n\t\t\t\t\t\t\t<div class='notit'>\n\t\t\t\t\t\t\t\t<a href='culture'>\n\t\t\t\t\t\t\t\t<h4>\n\t\t\t\t\t\t\t\t\tculture\n\t\t\t\t\t\t\t\t<\/h4>\n\t\t\t\t\t\t\t\t<p>Mus\u00e9es itin\u00e9rants, campagnes de promotion culturelle, m\u00e9diath\u00e8ques, bus-biblioth\u00e8ques, etc&#8230;<\/p>\n<\/a>\n\t\t\t\t\t\t\t<\/div>\n\t\t\t\t\t\t<\/div><div>\n\t\t\t\t\t\t\t<div class='imgDestacado'>\n\t\t\t\t\t\t\t\t<a href='tourisme'>\n\t\t\t\t\t\t\t\t\t<img src='https:\/\/alegria-activity.com\/wp-content\/uploads\/2019\/02\/img-box-turismo.jpg' alt='tourisme'>\n\t\t\t\t\t\t\t\t<\/a>\n\t\t\t\t\t\t\t<\/div>\n\t\t\t\t\t\t\t<svg xmlns='http:\/\/www.w3.org\/2000\/svg'>\n\t\t\t\t\t\t\t<defs>\n\t\t\t\t\t\t\t\t<clipPath id='rectangle' clipPathUnits='objectBoundingBox'>\n\t\t\t\t\t\t\t\t<polygon points='0 0,0 0.95,1 1,1 0'><\/polygon>\n\t\t\t\t\t\t\t\t<\/clipPath>\n\t\t\t\t\t\t\t<\/defs>\n\t\t\t\t\t\t\t<\/svg>\n\t\t\t\t\t\t\t<div class='notit'>\n\t\t\t\t\t\t\t\t<a href='tourisme'>\n\t\t\t\t\t\t\t\t<h4>\n\t\t\t\t\t\t\t\t\ttourisme\n\t\t\t\t\t\t\t\t<\/h4>\n\t\t\t\t\t\t\t\t<p>Promotion touristique, voyages, etc&#8230;<\/p>\n<\/a>\n\t\t\t\t\t\t\t<\/div>\n\t\t\t\t\t\t<\/div><div>\n\t\t\t\t\t\t\t<div class='imgDestacado'>\n\t\t\t\t\t\t\t\t<a href='nouvelle-technologie'>\n\t\t\t\t\t\t\t\t\t<img src='https:\/\/alegria-activity.com\/wp-content\/uploads\/2019\/02\/img-box-nt.jpg' alt='nouvelle technologie'>\n\t\t\t\t\t\t\t\t<\/a>\n\t\t\t\t\t\t\t<\/div>\n\t\t\t\t\t\t\t<svg xmlns='http:\/\/www.w3.org\/2000\/svg'>\n\t\t\t\t\t\t\t<defs>\n\t\t\t\t\t\t\t\t<clipPath id='rectangle' clipPathUnits='objectBoundingBox'>\n\t\t\t\t\t\t\t\t<polygon points='0 0,0 0.95,1 1,1 0'><\/polygon>\n\t\t\t\t\t\t\t\t<\/clipPath>\n\t\t\t\t\t\t\t<\/defs>\n\t\t\t\t\t\t\t<\/svg>\n\t\t\t\t\t\t\t<div class='notit'>\n\t\t\t\t\t\t\t\t<a href='nouvelle-technologie'>\n\t\t\t\t\t\t\t\t<h4>\n\t\t\t\t\t\t\t\t\tnouvelle technologie\n\t\t\t\t\t\t\t\t<\/h4>\n\t\t\t\t\t\t\t\t<p>Fablabs, salles de classe num\u00e9riques, campagnes de formation sur le doigt\u00e9, la s\u00e9curit\u00e9 en ligne, la robotique et la programmation, fracture num\u00e9rique, etc&#8230;<\/p>\n<\/a>\n\t\t\t\t\t\t\t<\/div>\n\t\t\t\t\t\t<\/div><div>\n\t\t\t\t\t\t\t<div class='imgDestacado'>\n\t\t\t\t\t\t\t\t<a href='telephonie'>\n\t\t\t\t\t\t\t\t\t<img src='https:\/\/alegria-activity.com\/wp-content\/uploads\/2019\/02\/img-box-telefonia.jpg' alt='t\u00e9l\u00e9phonie'>\n\t\t\t\t\t\t\t\t<\/a>\n\t\t\t\t\t\t\t<\/div>\n\t\t\t\t\t\t\t<svg xmlns='http:\/\/www.w3.org\/2000\/svg'>\n\t\t\t\t\t\t\t<defs>\n\t\t\t\t\t\t\t\t<clipPath id='rectangle' clipPathUnits='objectBoundingBox'>\n\t\t\t\t\t\t\t\t<polygon points='0 0,0 0.95,1 1,1 0'><\/polygon>\n\t\t\t\t\t\t\t\t<\/clipPath>\n\t\t\t\t\t\t\t<\/defs>\n\t\t\t\t\t\t\t<\/svg>\n\t\t\t\t\t\t\t<div class='notit'>\n\t\t\t\t\t\t\t\t<a href='telephonie'>\n\t\t\t\t\t\t\t\t<h4>\n\t\t\t\t\t\t\t\t\tt\u00e9l\u00e9phonie\n\t\t\t\t\t\t\t\t<\/h4>\n\t\t\t\t\t\t\t\t<p>Promotion de services, tests de produits, formation, conseil, etc&#8230;<\/p>\n<\/a>\n\t\t\t\t\t\t\t<\/div>\n\t\t\t\t\t\t<\/div><div>\n\t\t\t\t\t\t\t<div class='imgDestacado'>\n\t\t\t\t\t\t\t\t<a href='emploi-et-compagnie'>\n\t\t\t\t\t\t\t\t\t<img src='https:\/\/alegria-activity.com\/wp-content\/uploads\/2019\/02\/img-box-empleoyempresa.jpg' alt='emploi et compagnie'>\n\t\t\t\t\t\t\t\t<\/a>\n\t\t\t\t\t\t\t<\/div>\n\t\t\t\t\t\t\t<svg xmlns='http:\/\/www.w3.org\/2000\/svg'>\n\t\t\t\t\t\t\t<defs>\n\t\t\t\t\t\t\t\t<clipPath id='rectangle' clipPathUnits='objectBoundingBox'>\n\t\t\t\t\t\t\t\t<polygon points='0 0,0 0.95,1 1,1 0'><\/polygon>\n\t\t\t\t\t\t\t\t<\/clipPath>\n\t\t\t\t\t\t\t<\/defs>\n\t\t\t\t\t\t\t<\/svg>\n\t\t\t\t\t\t\t<div class='notit'>\n\t\t\t\t\t\t\t\t<a href='emploi-et-compagnie'>\n\t\t\t\t\t\t\t\t<h4>\n\t\t\t\t\t\t\t\t\temploi et compagnie\n\t\t\t\t\t\t\t\t<\/h4>\n\t\t\t\t\t\t\t\t<p>Campagnes ax\u00e9es sur la recherche d&#8217;emploi, l&#8217;esprit d&#8217;entreprise, la formation des employ\u00e9s, etc.) &#8230;<\/p>\n<\/a>\n\t\t\t\t\t\t\t<\/div>\n\t\t\t\t\t\t<\/div><div>\n\t\t\t\t\t\t\t<div class='imgDestacado'>\n\t\t\t\t\t\t\t\t<a href='formation'>\n\t\t\t\t\t\t\t\t\t<img src='https:\/\/alegria-activity.com\/wp-content\/uploads\/2019\/02\/img-box-formacion.jpg' alt='formation'>\n\t\t\t\t\t\t\t\t<\/a>\n\t\t\t\t\t\t\t<\/div>\n\t\t\t\t\t\t\t<svg xmlns='http:\/\/www.w3.org\/2000\/svg'>\n\t\t\t\t\t\t\t<defs>\n\t\t\t\t\t\t\t\t<clipPath id='rectangle' clipPathUnits='objectBoundingBox'>\n\t\t\t\t\t\t\t\t<polygon points='0 0,0 0.95,1 1,1 0'><\/polygon>\n\t\t\t\t\t\t\t\t<\/clipPath>\n\t\t\t\t\t\t\t<\/defs>\n\t\t\t\t\t\t\t<\/svg>\n\t\t\t\t\t\t\t<div class='notit'>\n\t\t\t\t\t\t\t\t<a href='formation'>\n\t\t\t\t\t\t\t\t<h4>\n\t\t\t\t\t\t\t\t\tformation\n\t\t\t\t\t\t\t\t<\/h4>\n\t\t\t\t\t\t\t\t<p>Des campagnes centr\u00e9es sur la recherche d&#039;emploi, l&#039;entrepreneuriat, la formation des salari\u00e9s &#8230;<\/p>\n<\/a>\n\t\t\t\t\t\t\t<\/div>\n\t\t\t\t\t\t<\/div><div>\n\t\t\t\t\t\t\t<div class='imgDestacado'>\n\t\t\t\t\t\t\t\t<a href='social-fr-2'>\n\t\t\t\t\t\t\t\t\t<img src='https:\/\/alegria-activity.com\/wp-content\/uploads\/2019\/02\/img-box-social.jpg' alt='social'>\n\t\t\t\t\t\t\t\t<\/a>\n\t\t\t\t\t\t\t<\/div>\n\t\t\t\t\t\t\t<svg xmlns='http:\/\/www.w3.org\/2000\/svg'>\n\t\t\t\t\t\t\t<defs>\n\t\t\t\t\t\t\t\t<clipPath id='rectangle' clipPathUnits='objectBoundingBox'>\n\t\t\t\t\t\t\t\t<polygon points='0 0,0 0.95,1 1,1 0'><\/polygon>\n\t\t\t\t\t\t\t\t<\/clipPath>\n\t\t\t\t\t\t\t<\/defs>\n\t\t\t\t\t\t\t<\/svg>\n\t\t\t\t\t\t\t<div class='notit'>\n\t\t\t\t\t\t\t\t<a href='social-fr-2'>\n\t\t\t\t\t\t\t\t<h4>\n\t\t\t\t\t\t\t\t\tsocial\n\t\t\t\t\t\t\t\t<\/h4>\n\t\t\t\t\t\t\t\t<p>Sensibilisation \u00e0 l&#039;\u00e9galit\u00e9, s\u00e9curit\u00e9 routi\u00e8re, campagnes de participation citoyenne, accessibilit\u00e9, etc.<\/p>\n<\/a>\n\t\t\t\t\t\t\t<\/div>\n\t\t\t\t\t\t<\/div><div>\n\t\t\t\t\t\t\t<div class='imgDestacado'>\n\t\t\t\t\t\t\t\t<a href='administrations'>\n\t\t\t\t\t\t\t\t\t<img src='https:\/\/alegria-activity.com\/wp-content\/uploads\/2019\/02\/img-box-adminiis.jpg' alt='administrations'>\n\t\t\t\t\t\t\t\t<\/a>\n\t\t\t\t\t\t\t<\/div>\n\t\t\t\t\t\t\t<svg xmlns='http:\/\/www.w3.org\/2000\/svg'>\n\t\t\t\t\t\t\t<defs>\n\t\t\t\t\t\t\t\t<clipPath id='rectangle' clipPathUnits='objectBoundingBox'>\n\t\t\t\t\t\t\t\t<polygon points='0 0,0 0.95,1 1,1 0'><\/polygon>\n\t\t\t\t\t\t\t\t<\/clipPath>\n\t\t\t\t\t\t\t<\/defs>\n\t\t\t\t\t\t\t<\/svg>\n\t\t\t\t\t\t\t<div class='notit'>\n\t\t\t\t\t\t\t\t<a href='administrations'>\n\t\t\t\t\t\t\t\t<h4>\n\t\t\t\t\t\t\t\t\tadministrations\n\t\t\t\t\t\t\t\t<\/h4>\n\t\t\t\t\t\t\t\t<p>Campagnes d\u00e9velopp\u00e9es par des entit\u00e9s publiques \u00e9tatiques, r\u00e9gionales, europ\u00e9ennes &#8230;<\/p>\n<\/a>\n\t\t\t\t\t\t\t<\/div>\n\t\t\t\t\t\t<\/div><div>\n\t\t\t\t\t\t\t<div class='imgDestacado'>\n\t\t\t\t\t\t\t\t<a href='economie'>\n\t\t\t\t\t\t\t\t\t<img src='https:\/\/alegria-activity.com\/wp-content\/uploads\/2019\/02\/img-box-economia.jpg' alt='\u00e9conomie'>\n\t\t\t\t\t\t\t\t<\/a>\n\t\t\t\t\t\t\t<\/div>\n\t\t\t\t\t\t\t<svg xmlns='http:\/\/www.w3.org\/2000\/svg'>\n\t\t\t\t\t\t\t<defs>\n\t\t\t\t\t\t\t\t<clipPath id='rectangle' clipPathUnits='objectBoundingBox'>\n\t\t\t\t\t\t\t\t<polygon points='0 0,0 0.95,1 1,1 0'><\/polygon>\n\t\t\t\t\t\t\t\t<\/clipPath>\n\t\t\t\t\t\t\t<\/defs>\n\t\t\t\t\t\t\t<\/svg>\n\t\t\t\t\t\t\t<div class='notit'>\n\t\t\t\t\t\t\t\t<a href='economie'>\n\t\t\t\t\t\t\t\t<h4>\n\t\t\t\t\t\t\t\t\t\u00e9conomie\n\t\t\t\t\t\t\t\t<\/h4>\n\t\t\t\t\t\t\t\t<p>Campagnes sur l&#039;\u00e9ducation financi\u00e8re, les entit\u00e9s bancaires promues, la gestion de fonds, les bureaux de banque mobile, etc&#8230;<\/p>\n<\/a>\n\t\t\t\t\t\t\t<\/div>\n\t\t\t\t\t\t<\/div><div>\n\t\t\t\t\t\t\t<div class='imgDestacado'>\n\t\t\t\t\t\t\t\t<a href='logement'>\n\t\t\t\t\t\t\t\t\t<img src='https:\/\/alegria-activity.com\/wp-content\/uploads\/2019\/02\/img-box-vivienda.jpg' alt='logement'>\n\t\t\t\t\t\t\t\t<\/a>\n\t\t\t\t\t\t\t<\/div>\n\t\t\t\t\t\t\t<svg xmlns='http:\/\/www.w3.org\/2000\/svg'>\n\t\t\t\t\t\t\t<defs>\n\t\t\t\t\t\t\t\t<clipPath id='rectangle' clipPathUnits='objectBoundingBox'>\n\t\t\t\t\t\t\t\t<polygon points='0 0,0 0.95,1 1,1 0'><\/polygon>\n\t\t\t\t\t\t\t\t<\/clipPath>\n\t\t\t\t\t\t\t<\/defs>\n\t\t\t\t\t\t\t<\/svg>\n\t\t\t\t\t\t\t<div class='notit'>\n\t\t\t\t\t\t\t\t<a href='logement'>\n\t\t\t\t\t\t\t\t<h4>\n\t\t\t\t\t\t\t\t\tlogement\n\t\t\t\t\t\t\t\t<\/h4>\n\t\t\t\t\t\t\t\t<p>Campagnes ou services d&#039;information li\u00e9s \u00e0 la maison&#8230;<\/p>\n<\/a>\n\t\t\t\t\t\t\t<\/div>\n\t\t\t\t\t\t<\/div><div>\n\t\t\t\t\t\t\t<div class='imgDestacado'>\n\t\t\t\t\t\t\t\t<a href='commercial-et-promotion'>\n\t\t\t\t\t\t\t\t\t<img src='https:\/\/alegria-activity.com\/wp-content\/uploads\/2019\/02\/img-box-comercial.jpg' alt='commercial et prommotion'>\n\t\t\t\t\t\t\t\t<\/a>\n\t\t\t\t\t\t\t<\/div>\n\t\t\t\t\t\t\t<svg xmlns='http:\/\/www.w3.org\/2000\/svg'>\n\t\t\t\t\t\t\t<defs>\n\t\t\t\t\t\t\t\t<clipPath id='rectangle' clipPathUnits='objectBoundingBox'>\n\t\t\t\t\t\t\t\t<polygon points='0 0,0 0.95,1 1,1 0'><\/polygon>\n\t\t\t\t\t\t\t\t<\/clipPath>\n\t\t\t\t\t\t\t<\/defs>\n\t\t\t\t\t\t\t<\/svg>\n\t\t\t\t\t\t\t<div class='notit'>\n\t\t\t\t\t\t\t\t<a href='commercial-et-promotion'>\n\t\t\t\t\t\t\t\t<h4>\n\t\t\t\t\t\t\t\t\tcommercial et prommotion\n\t\t\t\t\t\t\t\t<\/h4>\n\t\t\t\t\t\t\t\t<p>Pop-up stores, \u00e9chantillons de test ou de produits, promotion et vente&#8230;<\/p>\n<\/a>\n\t\t\t\t\t\t\t<\/div>\n\t\t\t\t\t\t<\/div><div>\n\t\t\t\t\t\t\t<div class='imgDestacado'>\n\t\t\t\t\t\t\t\t<a href='information'>\n\t\t\t\t\t\t\t\t\t<img src='https:\/\/alegria-activity.com\/wp-content\/uploads\/2019\/02\/img-box-informacion.jpg' alt='information'>\n\t\t\t\t\t\t\t\t<\/a>\n\t\t\t\t\t\t\t<\/div>\n\t\t\t\t\t\t\t<svg xmlns='http:\/\/www.w3.org\/2000\/svg'>\n\t\t\t\t\t\t\t<defs>\n\t\t\t\t\t\t\t\t<clipPath id='rectangle' clipPathUnits='objectBoundingBox'>\n\t\t\t\t\t\t\t\t<polygon points='0 0,0 0.95,1 1,1 0'><\/polygon>\n\t\t\t\t\t\t\t\t<\/clipPath>\n\t\t\t\t\t\t\t<\/defs>\n\t\t\t\t\t\t\t<\/svg>\n\t\t\t\t\t\t\t<div class='notit'>\n\t\t\t\t\t\t\t\t<a href='information'>\n\t\t\t\t\t\t\t\t<h4>\n\t\t\t\t\t\t\t\t\tinformation\n\t\t\t\t\t\t\t\t<\/h4>\n\t\t\t\t\t\t\t\t<p>Services de transmition et de radiodiffusion&#8230;<\/p>\n<\/a>\n\t\t\t\t\t\t\t<\/div>\n\t\t\t\t\t\t<\/div><div>\n\t\t\t\t\t\t\t<div class='imgDestacado'>\n\t\t\t\t\t\t\t\t<a href='securite-et-defense'>\n\t\t\t\t\t\t\t\t\t<img src='https:\/\/alegria-activity.com\/wp-content\/uploads\/2019\/02\/img-box-seguridada.jpg' alt='s\u00e9curit\u00e9 et d\u00e9fense'>\n\t\t\t\t\t\t\t\t<\/a>\n\t\t\t\t\t\t\t<\/div>\n\t\t\t\t\t\t\t<svg xmlns='http:\/\/www.w3.org\/2000\/svg'>\n\t\t\t\t\t\t\t<defs>\n\t\t\t\t\t\t\t\t<clipPath id='rectangle' clipPathUnits='objectBoundingBox'>\n\t\t\t\t\t\t\t\t<polygon points='0 0,0 0.95,1 1,1 0'><\/polygon>\n\t\t\t\t\t\t\t\t<\/clipPath>\n\t\t\t\t\t\t\t<\/defs>\n\t\t\t\t\t\t\t<\/svg>\n\t\t\t\t\t\t\t<div class='notit'>\n\t\t\t\t\t\t\t\t<a href='securite-et-defense'>\n\t\t\t\t\t\t\t\t<h4>\n\t\t\t\t\t\t\t\t\ts\u00e9curit\u00e9 et d\u00e9fense\n\t\t\t\t\t\t\t\t<\/h4>\n\t\t\t\t\t\t\t\t<p>Campagnes promues par des entit\u00e9s telles que l&#039;arm\u00e9e ou des forces sp\u00e9ciales&#8230;<\/p>\n<\/a>\n\t\t\t\t\t\t\t<\/div>\n\t\t\t\t\t\t<\/div><\/div><div class=\"fusion-clearfix\"><\/div>\n\n\t\t\t\t\t<\/div>\n\t\t\t\t<\/div><\/div><\/div><div class=\"fusion-fullwidth fullwidth-box fusion-builder-row-2 content-cta ctaAngulo nonhundred-percent-fullwidth non-hundred-percent-height-scrolling\"  style='background-color: rgba(255,255,255,0);background-position: center center;background-repeat: no-repeat;padding-top:0px;padding-right:0px;padding-bottom:0px;padding-left:0px;margin-bottom: 0px;margin-top: 0px;'><div class=\"fusion-builder-row fusion-row \"><div  class=\"fusion-layout-column fusion_builder_column fusion_builder_column_1_1 fusion-builder-column-3 fusion-one-full fusion-column-first fusion-column-last 1_1\"  style='margin-top:0px;margin-bottom:20px;'>\n\t\t\t\t\t<div class=\"fusion-column-wrapper\" style=\"padding: 0px 0px 0px 0px;background-position:left top;background-repeat:no-repeat;-webkit-background-size:cover;-moz-background-size:cover;-o-background-size:cover;background-size:cover;\"   data-bg-url=\"\">\n\t\t\t\t\t\t<article class=\"zona-cta\">\n<div class=\"txt-cta\"><p>Voulez-vous cr\u00e9er une exp\u00e9rience unique et approcher le public de mani\u00e8re inoubliable?<\/p><\/div>\n<div class=\"boton-cta\"><a href=\"..\/contact-espagne\/\">Oui, \u00e7a m'int\u00e9resse<\/a><\/div><\/article>\n<\/article>\n<svg xmlns=\"http:\/\/www.w3.org\/2000\/svg\">\n<defs>\n<clipPath id=\"rectangle\" clipPathUnits=\"objectBoundingBox\">\n<polygon points=\"0 0,0 1,1 1,1 0.25\" \/>\n<\/clipPath>\n<\/defs>\n<\/svg><div class=\"fusion-clearfix\"><\/div>\n\n\t\t\t\t\t<\/div>\n\t\t\t\t<\/div><\/div><\/div><\/p>\n","protected":false},"excerpt":{"rendered":"","protected":false},"author":2,"featured_media":0,"parent":0,"menu_order":0,"comment_status":"closed","ping_status":"closed","template":"100-width.php","meta":{"footnotes":""},"class_list":["post-3526","page","type-page","status-publish","hentry"],"aioseo_notices":[],"_links":{"self":[{"href":"https:\/\/alegria-activity.com\/fr\/wp-json\/wp\/v2\/pages\/3526","targetHints":{"allow":["GET"]}}],"collection":[{"href":"https:\/\/alegria-activity.com\/fr\/wp-json\/wp\/v2\/pages"}],"about":[{"href":"https:\/\/alegria-activity.com\/fr\/wp-json\/wp\/v2\/types\/page"}],"author":[{"embeddable":true,"href":"https:\/\/alegria-activity.com\/fr\/wp-json\/wp\/v2\/users\/2"}],"replies":[{"embeddable":true,"href":"https:\/\/alegria-activity.com\/fr\/wp-json\/wp\/v2\/comments?post=3526"}],"version-history":[{"count":0,"href":"https:\/\/alegria-activity.com\/fr\/wp-json\/wp\/v2\/pages\/3526\/revisions"}],"wp:attachment":[{"href":"https:\/\/alegria-activity.com\/fr\/wp-json\/wp\/v2\/media?parent=3526"}],"curies":[{"name":"wp","href":"https:\/\/api.w.org\/{rel}","templated":true}]}}